{"id":21828,"date":"2025-08-18T23:07:04","date_gmt":"2025-08-18T20:07:04","guid":{"rendered":"https:\/\/pesu24.ee\/?post_type=product&#038;p=21828"},"modified":"2025-08-20T14:53:49","modified_gmt":"2025-08-20T11:53:49","slug":"korsett-obsessive-serafia","status":"publish","type":"product","link":"https:\/\/pesu24.ee\/en\/korsetid\/korsett-obsessive-serafia\/","title":{"rendered":"Korsett Obsessive Serafia"},"content":{"rendered":"<p>Obsessive Serafia korsett on luksuslik ja v\u00f5rgutav pesukomplekti osa, mis t\u00f5stab esile teie naiselikkust ja loob sensuaalse \u00f5hkkonna igale erilisele hetkele. See korsett on valmistatud kvaliteetsest materjalist ja on kaunistatud pitsist \u00f5ieaktsentidega, mis lisavad sellele elegantsi ja erootikat.<\/p>\n<p>Serafia korsett on disainitud, et r\u00f5hutada teie figuuri ja luua atraktiivne siluett. Sellel on vertikaalsed tugikaared ja reguleeritavad paelad, mis v\u00f5imaldavad teil leida t\u00e4iusliku sobivuse. See on ideaalne valik neile, kes soovivad luua meeldej\u00e4\u00e4va ja romantilise atmosf\u00e4\u00e4ri oma partneriga v\u00f5i lihtsalt tunda end sensuaalselt ja enesekindlalt.<\/p>\n<p>Tutvuge ka teiste <a href=\"https:\/\/pesu24.ee\/en\/omadus\/obsessive-serafia\/\">Obsessive Serafia<\/a> pesukollektsiooni toodetega.<\/p>\n<p><span style=\"color: #008000;\"><strong>KOMPLEKT SISALDAB:<\/strong><\/span><\/p>\n<ul>\n<li>korsett<\/li>\n<li>stringid<\/li>\n<li>NB! Sukad ei kuulu komplekti<\/li>\n<\/ul>\n<p>Obsessive Serafia korsett sobib kokku <a href=\"https:\/\/pesu24.ee\/en\/sukad\/sukad-obsessive-serafia\/\">Obsessive Serafia sukkadega<\/a><\/p>\n<p><span style=\"color: #008000;\"><strong>DETAILS:<\/strong><\/span><\/p>\n<ul>\n<li>erilise disainiga korsett<\/li>\n<li>kaela tagant kinnituv (reguleeritav)<\/li>\n<li>vertikaalsed tugikaared<\/li>\n<li>tagant haakidega kinnituv<\/li>\n<li>reguleeritavad &amp; eemaldatavad sukapaeld<\/li>\n<li>mugav &amp; elastne kangas (94% pol\u00fcamiid &amp; 6% elastaan)<\/li>\n<\/ul>","protected":false},"excerpt":{"rendered":"<p>&#46;&#46;&#46;<\/p>","protected":false},"featured_media":22009,"comment_status":"open","ping_status":"closed","template":"","meta":{"_glsr_average":0,"_glsr_ranking":0,"_glsr_reviews":0},"product_brand":[500],"product_cat":[33],"product_tag":[160,457],"class_list":{"0":"post-21828","1":"product","2":"type-product","3":"status-publish","4":"has-post-thumbnail","6":"product_brand-obsessive","7":"product_cat-korsetid","8":"product_tag-obsessive","9":"product_tag-obsessive-serafia","10":"pa_suurus-m-l","11":"pa_suurus-xl-xxl","12":"pa_suurus-xs-s","13":"pa_varvus-must","15":"first","16":"instock","17":"sold-individually","18":"taxable","19":"shipping-taxable","20":"purchasable","21":"product-type-variable"},"_links":{"self":[{"href":"https:\/\/pesu24.ee\/en\/wp-json\/wp\/v2\/product\/21828","targetHints":{"allow":["GET"]}}],"collection":[{"href":"https:\/\/pesu24.ee\/en\/wp-json\/wp\/v2\/product"}],"about":[{"href":"https:\/\/pesu24.ee\/en\/wp-json\/wp\/v2\/types\/product"}],"replies":[{"embeddable":true,"href":"https:\/\/pesu24.ee\/en\/wp-json\/wp\/v2\/comments?post=21828"}],"wp:featuredmedia":[{"embeddable":true,"href":"https:\/\/pesu24.ee\/en\/wp-json\/wp\/v2\/media\/22009"}],"wp:attachment":[{"href":"https:\/\/pesu24.ee\/en\/wp-json\/wp\/v2\/media?parent=21828"}],"wp:term":[{"taxonomy":"product_brand","embeddable":true,"href":"https:\/\/pesu24.ee\/en\/wp-json\/wp\/v2\/product_brand?post=21828"},{"taxonomy":"product_cat","embeddable":true,"href":"https:\/\/pesu24.ee\/en\/wp-json\/wp\/v2\/product_cat?post=21828"},{"taxonomy":"product_tag","embeddable":true,"href":"https:\/\/pesu24.ee\/en\/wp-json\/wp\/v2\/product_tag?post=21828"}],"curies":[{"name":"wp","href":"https:\/\/api.w.org\/{rel}","templated":true}]}}