{"id":21829,"date":"2025-08-18T23:07:04","date_gmt":"2025-08-18T20:07:04","guid":{"rendered":"https:\/\/pesu24.ee\/?post_type=product&#038;p=21829"},"modified":"2025-08-21T14:21:59","modified_gmt":"2025-08-21T11:21:59","slug":"korsett-obsessive-jollymore","status":"publish","type":"product","link":"https:\/\/pesu24.ee\/en\/korsetid\/korsett-obsessive-jollymore\/","title":{"rendered":"Korsett Obsessive Jollymore"},"content":{"rendered":"<p>Obsessive Jollymore korsett on j\u00f5uluteemaline pesukomplekti osa, mis kiirgab elegantsi ja kirge. Selle korseti disain on v\u00f5rratult detailne, kasutades kvaliteetset pitsi ja satiinist j\u00f5ulutemaatikat, et luua muljetavaldav ja pilkup\u00fc\u00fcdev v\u00e4limus.<\/p>\n<p>Tutvuge ka teiste <a href=\"https:\/\/pesu24.ee\/en\/omadus\/obsessive-christmas\/\">Obsessive Christmas<\/a> pesukollektsiooni toodetega.<\/p>\n<p><span style=\"color: #008000;\"><strong>KOMPLEKT SISALDAB:<\/strong><\/span><\/p>\n<ul>\n<li>korsett<\/li>\n<li>stringid<\/li>\n<li>NB! Sukad ei kuulu komplekti<\/li>\n<\/ul>\n<p>Obsessive Jollymore korsett sobib kokku <a href=\"https:\/\/pesu24.ee\/en\/sukad\/sukad-obsessive-s814\/\">Obsessive S814 sukkadega (punased)<\/a><\/p>\n<p><span style=\"color: #008000;\"><strong>DETAILS:<\/strong><\/span><\/p>\n<ul>\n<li>j\u00f5ulumotiiviga korsett<\/li>\n<li>dekoltee \u00e4\u00e4red pitsist<\/li>\n<li>reguleeritavad \u00f5la- ja sukapaelad<\/li>\n<li>mugav &amp; elastne kangas (90% pol\u00fcester &amp; 10% elastaan)<\/li>\n<\/ul>","protected":false},"excerpt":{"rendered":"<p>&#46;&#46;&#46;<\/p>","protected":false},"featured_media":22018,"comment_status":"open","ping_status":"closed","template":"","meta":{"_glsr_average":0,"_glsr_ranking":0,"_glsr_reviews":0},"product_brand":[500],"product_cat":[33],"product_tag":[160,413],"class_list":{"0":"post-21829","1":"product","2":"type-product","3":"status-publish","4":"has-post-thumbnail","6":"product_brand-obsessive","7":"product_cat-korsetid","8":"product_tag-obsessive","9":"product_tag-obsessive-christmas","10":"pa_suurus-m-l","11":"pa_suurus-xl-xxl","12":"pa_suurus-xs-s","13":"pa_varvus-punane","15":"first","16":"instock","17":"sold-individually","18":"taxable","19":"shipping-taxable","20":"purchasable","21":"product-type-variable"},"_links":{"self":[{"href":"https:\/\/pesu24.ee\/en\/wp-json\/wp\/v2\/product\/21829","targetHints":{"allow":["GET"]}}],"collection":[{"href":"https:\/\/pesu24.ee\/en\/wp-json\/wp\/v2\/product"}],"about":[{"href":"https:\/\/pesu24.ee\/en\/wp-json\/wp\/v2\/types\/product"}],"replies":[{"embeddable":true,"href":"https:\/\/pesu24.ee\/en\/wp-json\/wp\/v2\/comments?post=21829"}],"wp:featuredmedia":[{"embeddable":true,"href":"https:\/\/pesu24.ee\/en\/wp-json\/wp\/v2\/media\/22018"}],"wp:attachment":[{"href":"https:\/\/pesu24.ee\/en\/wp-json\/wp\/v2\/media?parent=21829"}],"wp:term":[{"taxonomy":"product_brand","embeddable":true,"href":"https:\/\/pesu24.ee\/en\/wp-json\/wp\/v2\/product_brand?post=21829"},{"taxonomy":"product_cat","embeddable":true,"href":"https:\/\/pesu24.ee\/en\/wp-json\/wp\/v2\/product_cat?post=21829"},{"taxonomy":"product_tag","embeddable":true,"href":"https:\/\/pesu24.ee\/en\/wp-json\/wp\/v2\/product_tag?post=21829"}],"curies":[{"name":"wp","href":"https:\/\/api.w.org\/{rel}","templated":true}]}}