{"id":21851,"date":"2025-08-18T23:07:29","date_gmt":"2025-08-18T20:07:29","guid":{"rendered":"https:\/\/pesu24.ee\/?post_type=product&#038;p=21851"},"modified":"2025-08-20T15:02:33","modified_gmt":"2025-08-20T12:02:33","slug":"korsett-beauty-night-olena","status":"publish","type":"product","link":"https:\/\/pesu24.ee\/en\/korsetid\/korsett-beauty-night-olena\/","title":{"rendered":"Korsett Beauty Night Olena"},"content":{"rendered":"<p>Beuty Night Olena sensuaalne ja stiilne komplekt toob esile Sinu naiselikkuse ning paneb Sind tundma end enesekindlalt ja v\u00f5rgutavalt. Olena korsett on valmistatud kvaliteetsest satiinist ja pitsist, pakkudes luksuslikku tunnet ning samal ajal r\u00f5hutades Sinu keha ilu ja k\u00f5verusi. Korseti poolavatud, pooll\u00e4bipaistvad rinnakorv on elegantseks t\u00e4ienduseks, samas kui tugevdavad balenid tagavad korseti stabiilsuse ja toetuse.<\/p>\n<p>Reguleeritavad paelad ja tagak\u00fclje n\u00f6\u00f6rid v\u00f5imaldavad korsetti t\u00e4pselt Sinu keha j\u00e4rgi kohandada, tagades t\u00e4iusliku sobivuse ja mugavuse. Lisaks on komplektis kaunid stromgod, mis t\u00e4iendavad Sinu sensuaalset v\u00e4limust.<\/p>\n<p>Beauty Night Olena korsett on pakendatud elegantse disainiga karpi, mis muudab selle ka ideaalseks kingituseks endale v\u00f5i oma kallimale. T\u00f5sta oma enesekindlust ja ole kaunis igal hetkel &#8211; osta Beauty Night Olena korsett juba t\u00e4na ning astu enesekindlalt igasse olukorda.<\/p>\n<p><span style=\"color: #008000;\"><strong>KOMPLEKT SISALDAB:<\/strong><\/span><\/p>\n<ul>\n<li>korsett<\/li>\n<li>stringid<\/li>\n<li>NB! sukad ei kuulu komplekti<\/li>\n<\/ul>\n<p>Kombineerige komplekt endale meelep\u00e4raste <a href=\"https:\/\/pesu24.ee\/en\/sukad\/\">sukkadega<\/a>.<\/p>\n<p><span style=\"color: #008000;\"><strong>DETAILS:<\/strong><\/span><\/p>\n<ul>\n<li>v\u00f5rgutav must-punane korsett<\/li>\n<li>kaunistatud pitsiga<\/li>\n<li>tagant paelaga seotav<\/li>\n<li>reguleeritavad \u00f5la- ja sukapaelad<\/li>\n<li>valmistatud mugavast &amp; elastsest kangast (97% pol\u00fcester ja 3% elastaan)<\/li>\n<\/ul>","protected":false},"excerpt":{"rendered":"<p>&#46;&#46;&#46;<\/p>","protected":false},"featured_media":22077,"comment_status":"open","ping_status":"closed","template":"","meta":{"_glsr_average":0,"_glsr_ranking":0,"_glsr_reviews":0},"product_brand":[503],"product_cat":[33],"product_tag":[403],"class_list":{"0":"post-21851","1":"product","2":"type-product","3":"status-publish","4":"has-post-thumbnail","6":"product_brand-beauty-night","7":"product_cat-korsetid","8":"product_tag-beauty-night","9":"pa_suurus-l-xl","10":"pa_suurus-s-m","11":"pa_varvus-must","12":"pa_varvus-punane","14":"first","15":"instock","16":"sold-individually","17":"taxable","18":"shipping-taxable","19":"purchasable","20":"product-type-variable"},"_links":{"self":[{"href":"https:\/\/pesu24.ee\/en\/wp-json\/wp\/v2\/product\/21851","targetHints":{"allow":["GET"]}}],"collection":[{"href":"https:\/\/pesu24.ee\/en\/wp-json\/wp\/v2\/product"}],"about":[{"href":"https:\/\/pesu24.ee\/en\/wp-json\/wp\/v2\/types\/product"}],"replies":[{"embeddable":true,"href":"https:\/\/pesu24.ee\/en\/wp-json\/wp\/v2\/comments?post=21851"}],"wp:featuredmedia":[{"embeddable":true,"href":"https:\/\/pesu24.ee\/en\/wp-json\/wp\/v2\/media\/22077"}],"wp:attachment":[{"href":"https:\/\/pesu24.ee\/en\/wp-json\/wp\/v2\/media?parent=21851"}],"wp:term":[{"taxonomy":"product_brand","embeddable":true,"href":"https:\/\/pesu24.ee\/en\/wp-json\/wp\/v2\/product_brand?post=21851"},{"taxonomy":"product_cat","embeddable":true,"href":"https:\/\/pesu24.ee\/en\/wp-json\/wp\/v2\/product_cat?post=21851"},{"taxonomy":"product_tag","embeddable":true,"href":"https:\/\/pesu24.ee\/en\/wp-json\/wp\/v2\/product_tag?post=21851"}],"curies":[{"name":"wp","href":"https:\/\/api.w.org\/{rel}","templated":true}]}}