{"id":21867,"date":"2025-08-18T23:07:52","date_gmt":"2025-08-18T20:07:52","guid":{"rendered":"https:\/\/pesu24.ee\/?post_type=product&#038;p=21867"},"modified":"2025-08-21T14:22:39","modified_gmt":"2025-08-21T11:22:39","slug":"korsett-obsessive-alissium","status":"publish","type":"product","link":"https:\/\/pesu24.ee\/en\/korsetid\/korsett-obsessive-alissium\/","title":{"rendered":"Korsett Obsessive Alissium"},"content":{"rendered":"<p>Obsessive Alissium korsett on v\u00e4rav meelte naudingute maailma, pakkudes lummavat ja luksuslikku kogemust igale kandjale. See korsett on valmistatud elastsest ja l\u00e4bipaistvast valgest v\u00f5rkkanangast, mis sobitub su kehakumerustega ideaalselt, luues unikaalse ja personaalset istuvuse. Materjal on \u00f5rn ja \u00f5hkkerge, pakkudes samas vajalikku toetust ja r\u00f5hutades sinu loomulikku ilu.<\/p>\n<p>\u00d5hukesed \u00f5lapaelad lisavad korseti disainile \u00f5rna puudutuse, samas kui pitsilised rinnakorv pakub kindlat toetust ja elegantsust. See kombinatsioon toob esile sinu naiselikkuse ja loob luksusliku tunde.<\/p>\n<p>T\u00e4ienda oma v\u00e4limust lemmik sukkadega ja loo unustamatu elamus, mis j\u00e4\u00e4b meelde nii sulle kui ka neile, kes sind imetlevad. Obsessive Alissium korsett on t\u00e4iuslik valik, kui soovid tunda end enesekindla ja vastupandamatuna.<\/p>\n<p>Tutvuge ka teiste <a href=\"https:\/\/pesu24.ee\/en\/omadus\/obsessive-alissium\/\">Obsessive <\/a><a href=\"https:\/\/pesu24.ee\/en\/omadus\/obsessive-alissium\/\">Alissium<\/a>\u00a0pesukollektsiooni toodetega.<\/p>\n<p><span style=\"color: #008000;\"><strong>KOMPLEKT SISALDAB:<\/strong><\/span><\/p>\n<ul>\n<li>korsett<\/li>\n<li>stringid<\/li>\n<li>NB! sukad ei kuulu komplekti<\/li>\n<\/ul>\n<p>Pesukomplekt sobib kokku <a href=\"https:\/\/pesu24.ee\/en\/sukad\/valged-labipaistvad-sukad-obsessive-s800\/\">Obsessive S800 sukkadega<\/a>.<\/p>\n<p><span style=\"color: #008000;\"><strong>DETAILS:<\/strong><\/span><\/p>\n<ul>\n<li>valge pooll\u00e4bipaistev korsett<\/li>\n<li>geomeetriline motiiv<\/li>\n<li>taga astmeline kinnitus<\/li>\n<li>reguleeritavad \u00f5la- ja sukapaelad<\/li>\n<li>rinnakorvil tugikaared<\/li>\n<li>mugav &amp; elastne kangas (94% pol\u00fcamiid &amp; 6% elastaan)<\/li>\n<\/ul>","protected":false},"excerpt":{"rendered":"<p>&#46;&#46;&#46;<\/p>","protected":false},"featured_media":22089,"comment_status":"open","ping_status":"closed","template":"","meta":{"_glsr_average":0,"_glsr_ranking":0,"_glsr_reviews":0},"product_brand":[500],"product_cat":[33],"product_tag":[160,475],"class_list":{"0":"post-21867","1":"product","2":"type-product","3":"status-publish","4":"has-post-thumbnail","6":"product_brand-obsessive","7":"product_cat-korsetid","8":"product_tag-obsessive","9":"product_tag-obsessive-alissium","10":"pa_suurus-m-l","11":"pa_suurus-xl-xxl","12":"pa_suurus-xs-s","13":"pa_varvus-valge","15":"first","16":"instock","17":"sold-individually","18":"taxable","19":"shipping-taxable","20":"purchasable","21":"product-type-variable"},"_links":{"self":[{"href":"https:\/\/pesu24.ee\/en\/wp-json\/wp\/v2\/product\/21867","targetHints":{"allow":["GET"]}}],"collection":[{"href":"https:\/\/pesu24.ee\/en\/wp-json\/wp\/v2\/product"}],"about":[{"href":"https:\/\/pesu24.ee\/en\/wp-json\/wp\/v2\/types\/product"}],"replies":[{"embeddable":true,"href":"https:\/\/pesu24.ee\/en\/wp-json\/wp\/v2\/comments?post=21867"}],"wp:featuredmedia":[{"embeddable":true,"href":"https:\/\/pesu24.ee\/en\/wp-json\/wp\/v2\/media\/22089"}],"wp:attachment":[{"href":"https:\/\/pesu24.ee\/en\/wp-json\/wp\/v2\/media?parent=21867"}],"wp:term":[{"taxonomy":"product_brand","embeddable":true,"href":"https:\/\/pesu24.ee\/en\/wp-json\/wp\/v2\/product_brand?post=21867"},{"taxonomy":"product_cat","embeddable":true,"href":"https:\/\/pesu24.ee\/en\/wp-json\/wp\/v2\/product_cat?post=21867"},{"taxonomy":"product_tag","embeddable":true,"href":"https:\/\/pesu24.ee\/en\/wp-json\/wp\/v2\/product_tag?post=21867"}],"curies":[{"name":"wp","href":"https:\/\/api.w.org\/{rel}","templated":true}]}}