{"id":21868,"date":"2025-12-30T00:00:52","date_gmt":"2025-12-29T21:00:52","guid":{"rendered":"https:\/\/pesu24.ee\/?post_type=product&#038;p=21868"},"modified":"2025-12-30T11:19:08","modified_gmt":"2025-12-30T08:19:08","slug":"korsett-beauty-night-goldie","status":"publish","type":"product","link":"https:\/\/pesu24.ee\/en\/korsetid\/korsett-beauty-night-goldie\/","title":{"rendered":"Korsett Beauty Night Goldie"},"content":{"rendered":"<p>Beauty Night pesubr\u00e4ndi korsett Goldie on pooll\u00e4bipaistvast materjalist, kaunistatud pitsi ja v\u00f5rguga.<\/p>\n<p>Korsett r\u00f5hutab figuuri, on mugava l\u00f5ikega ning reguleeritavate paeltega parema sobivuse jaoks. Sobib kandmiseks nii erilistel \u00f5htutel kui ka igap\u00e4evaselt.<\/p>\n<p><span style=\"color: #a68d03;\"><strong>Details<\/strong><\/span><\/p>\n<div class=\"omadused\">\n<ul>\n<li>komplekt sisaldab tootefotodel olevat korsetti ja stringe &#8211; <span style=\"text-decoration: underline;\">sukad komplekti ei kuulu!<\/span><\/li>\n<li>sukad saab osta eraldi &#8211; sobib kokku <a href=\"https:\/\/pesu24.ee\/en\/sukad\/sukad-beauty-night-romance-mustad\/\">Beauty Night Romance sukkadega<\/a>.<\/li>\n<li>rinnakorvil tugikaared<\/li>\n<li>tagant haakidega kinnituv<\/li>\n<li>kombinatsioon pitsist ja pooll\u00e4bipaistvast materjalist<\/li>\n<li>reguleeritavad \u00f5la- ja sukapaelad<\/li>\n<li>mugav ning elastne kangas (50% pol\u00fcester, 47% pol\u00fcamiid &amp; 3% elastaan)<\/li>\n<\/ul>\n<p>Tutvuge ka teiste <a href=\"https:\/\/pesu24.ee\/en\/omadus\/beauty-night-goldie\/\">Beauty Night Goldie<\/a> pesukollektsiooni toodetega.<\/p>\n<\/div>\n<h2>Samast kollektsioonist<\/h2>\n<div class=\"woocommerce columns-3\"><ul class=\"products columns-3\">\n<li class=\"product type-product post-21868 status-publish first instock product_cat-korsetid product_tag-beauty-night product_tag-beauty-night-goldie has-post-thumbnail sold-individually taxable shipping-taxable purchasable product-type-variable woovr-active woovr-show-price\">\n\t<a href=\"https:\/\/pesu24.ee\/en\/korsetid\/korsett-beauty-night-goldie\/\" class=\"woocommerce-LoopProduct-link woocommerce-loop-product__link\"><img loading=\"lazy\" decoding=\"async\" width=\"300\" height=\"450\" src=\"https:\/\/pesu24.ee\/wp-content\/uploads\/2025\/08\/goco7-300x450.jpg\" class=\"attachment-woocommerce_thumbnail size-woocommerce_thumbnail\" alt=\"Korsett Beauty Night Goldie\" srcset=\"https:\/\/pesu24.ee\/wp-content\/uploads\/2025\/08\/goco7-300x450.jpg 300w, https:\/\/pesu24.ee\/wp-content\/uploads\/2025\/08\/goco7-200x300.jpg 200w, https:\/\/pesu24.ee\/wp-content\/uploads\/2025\/08\/goco7-8x12.jpg 8w, https:\/\/pesu24.ee\/wp-content\/uploads\/2025\/08\/goco7.jpg 600w\" sizes=\"auto, (max-width: 300px) 100vw, 300px\" \/><div class=\"product-badges\">  <span class=\"badge badge--stock\"><span class=\"dot\" aria-hidden=\"true\"><\/span>Laos<\/span><\/div><h2 class=\"woocommerce-loop-product__title\">Korsett Beauty Night Goldie<\/h2>\n\t<span class=\"price\"><span class=\"woocommerce-Price-amount amount\"><bdi><span class=\"woocommerce-Price-currencySymbol\">&euro;<\/span>53.<span class=\"price-cents\">90<\/span><\/bdi><\/span><\/span>\n<\/a><a class=\"mw-size-hints mw-loop\" href=\"https:\/\/pesu24.ee\/en\/korsetid\/korsett-beauty-night-goldie\/\" aria-label=\"Korsett Beauty Night Goldie \u2013 vali suurus\"><div class=\"mw-sizes-line\"><span class=\"mw-sizes-label\">Size:<\/span> <span class=\"mw-sizes\"><span class=\"mw-size-badge\">S\/M<\/span> <span class=\"mw-size-badge\">L\/XL<\/span><\/span><\/div><\/a><a href=\"https:\/\/pesu24.ee\/en\/korsetid\/korsett-beauty-night-goldie\/\" aria-describedby=\"woocommerce_loop_add_to_cart_link_describedby_21868\" data-quantity=\"1\" class=\"button product_type_variable add_to_cart_button\" data-product_id=\"21868\" data-product_sku=\"\" aria-label=\"Select options for \u201cKorsett Beauty Night Goldie\u201d\" rel=\"nofollow\" data-no-translation-aria-label=\"\">Select size<\/a>\t<span id=\"woocommerce_loop_add_to_cart_link_describedby_21868\" class=\"screen-reader-text\">\n\t\tThis product has multiple variants. The options may be chosen on the product page\t<\/span>\n<\/li>\n<li class=\"product type-product post-22960 status-publish instock product_cat-oosargid product_tag-beauty-night product_tag-beauty-night-goldie has-post-thumbnail sold-individually taxable shipping-taxable purchasable product-type-variable woovr-active woovr-show-price\">\n\t<a href=\"https:\/\/pesu24.ee\/en\/oosargid\/oosark-beauty-night-goldie\/\" class=\"woocommerce-LoopProduct-link woocommerce-loop-product__link\"><img loading=\"lazy\" decoding=\"async\" width=\"300\" height=\"450\" src=\"https:\/\/pesu24.ee\/wp-content\/uploads\/2025\/08\/goch5-300x450.jpg\" class=\"attachment-woocommerce_thumbnail size-woocommerce_thumbnail\" alt=\"\u00d6\u00f6s\u00e4rk Beauty Night Goldie\" srcset=\"https:\/\/pesu24.ee\/wp-content\/uploads\/2025\/08\/goch5-300x450.jpg 300w, https:\/\/pesu24.ee\/wp-content\/uploads\/2025\/08\/goch5-200x300.jpg 200w, https:\/\/pesu24.ee\/wp-content\/uploads\/2025\/08\/goch5-8x12.jpg 8w, https:\/\/pesu24.ee\/wp-content\/uploads\/2025\/08\/goch5.jpg 600w\" sizes=\"auto, (max-width: 300px) 100vw, 300px\" \/><div class=\"product-badges\">  <span class=\"badge badge--stock\"><span class=\"dot\" aria-hidden=\"true\"><\/span>Laos<\/span><\/div><h2 class=\"woocommerce-loop-product__title\">\u00d6\u00f6s\u00e4rk Beauty Night Goldie<\/h2>\n\t<span class=\"price\"><span class=\"woocommerce-Price-amount amount\"><bdi><span class=\"woocommerce-Price-currencySymbol\">&euro;<\/span>49.<span class=\"price-cents\">90<\/span><\/bdi><\/span><\/span>\n<\/a><a class=\"mw-size-hints mw-loop\" href=\"https:\/\/pesu24.ee\/en\/oosargid\/oosark-beauty-night-goldie\/\" aria-label=\"\u00d6\u00f6s\u00e4rk Beauty Night Goldie \u2013 vali suurus\"><div class=\"mw-sizes-line\"><span class=\"mw-sizes-label\">Size:<\/span> <span class=\"mw-sizes\"><span class=\"mw-size-badge\">S\/M<\/span> <span class=\"mw-size-badge\">L\/XL<\/span><\/span><\/div><\/a><a href=\"https:\/\/pesu24.ee\/en\/oosargid\/oosark-beauty-night-goldie\/\" aria-describedby=\"woocommerce_loop_add_to_cart_link_describedby_22960\" data-quantity=\"1\" class=\"button product_type_variable add_to_cart_button\" data-product_id=\"22960\" data-product_sku=\"\" aria-label=\"Select options for \u201c\u00d6\u00f6s\u00e4rk Beauty Night Goldie\u201d\" rel=\"nofollow\" data-no-translation-aria-label=\"\">Select size<\/a>\t<span id=\"woocommerce_loop_add_to_cart_link_describedby_22960\" class=\"screen-reader-text\">\n\t\tThis product has multiple variants. The options may be chosen on the product page\t<\/span>\n<\/li>\n<li class=\"product type-product post-18702 status-publish last instock product_cat-pesukomplektid product_tag-beauty-night product_tag-beauty-night-goldie has-post-thumbnail sold-individually taxable shipping-taxable purchasable product-type-variable woovr-active woovr-show-price\">\n\t<a href=\"https:\/\/pesu24.ee\/en\/pesukomplektid\/3-osaline-pesukomplekt-beauty-night-goldie\/\" class=\"woocommerce-LoopProduct-link woocommerce-loop-product__link\"><img loading=\"lazy\" decoding=\"async\" width=\"300\" height=\"300\" src=\"https:\/\/pesu24.ee\/wp-content\/uploads\/2025\/08\/gos1-300x300.jpg\" class=\"attachment-woocommerce_thumbnail size-woocommerce_thumbnail\" alt=\"3-osaline pesukomplekt Beauty Night Goldie\" srcset=\"https:\/\/pesu24.ee\/wp-content\/uploads\/2025\/08\/gos1-300x300.jpg 300w, https:\/\/pesu24.ee\/wp-content\/uploads\/2025\/08\/gos1-150x150.jpg 150w, https:\/\/pesu24.ee\/wp-content\/uploads\/2025\/08\/gos1-768x768.jpg 768w, https:\/\/pesu24.ee\/wp-content\/uploads\/2025\/08\/gos1-12x12.jpg 12w, https:\/\/pesu24.ee\/wp-content\/uploads\/2025\/08\/gos1-160x160.jpg 160w, https:\/\/pesu24.ee\/wp-content\/uploads\/2025\/08\/gos1-320x320.jpg 320w, https:\/\/pesu24.ee\/wp-content\/uploads\/2025\/08\/gos1-600x600.jpg 600w, https:\/\/pesu24.ee\/wp-content\/uploads\/2025\/08\/gos1-100x100.jpg 100w, https:\/\/pesu24.ee\/wp-content\/uploads\/2025\/08\/gos1-135x135.jpg 135w, https:\/\/pesu24.ee\/wp-content\/uploads\/2025\/08\/gos1.jpg 900w\" sizes=\"auto, (max-width: 300px) 100vw, 300px\" \/><div class=\"product-badges\">  <span class=\"badge badge--stock\"><span class=\"dot\" aria-hidden=\"true\"><\/span>Laos<\/span><\/div><h2 class=\"woocommerce-loop-product__title\">3-osaline pesukomplekt Beauty Night Goldie<\/h2>\n\t<span class=\"price\"><span class=\"woocommerce-Price-amount amount\"><bdi><span class=\"woocommerce-Price-currencySymbol\">&euro;<\/span>53.<span class=\"price-cents\">90<\/span><\/bdi><\/span><\/span>\n<\/a><a class=\"mw-size-hints mw-loop\" href=\"https:\/\/pesu24.ee\/en\/pesukomplektid\/3-osaline-pesukomplekt-beauty-night-goldie\/\" aria-label=\"3-osaline pesukomplekt Beauty Night Goldie \u2013 vali suurus\"><div class=\"mw-sizes-line\"><span class=\"mw-sizes-label\">Size:<\/span> <span class=\"mw-sizes\"><span class=\"mw-size-badge\">S\/M<\/span> <span class=\"mw-size-badge\">L\/XL<\/span><\/span><\/div><\/a><a href=\"https:\/\/pesu24.ee\/en\/pesukomplektid\/3-osaline-pesukomplekt-beauty-night-goldie\/\" aria-describedby=\"woocommerce_loop_add_to_cart_link_describedby_18702\" data-quantity=\"1\" class=\"button product_type_variable add_to_cart_button\" data-product_id=\"18702\" data-product_sku=\"\" aria-label=\"Select options for \u201c3-osaline pesukomplekt Beauty Night Goldie\u201d\" rel=\"nofollow\" data-no-translation-aria-label=\"\">Select size<\/a>\t<span id=\"woocommerce_loop_add_to_cart_link_describedby_18702\" class=\"screen-reader-text\">\n\t\tThis product has multiple variants. The options may be chosen on the product page\t<\/span>\n<\/li>\n<\/ul>\n<\/div>","protected":false},"excerpt":{"rendered":"<p>&#46;&#46;&#46;<\/p>","protected":false},"featured_media":22103,"comment_status":"open","ping_status":"closed","template":"","meta":{"_glsr_average":0,"_glsr_ranking":0,"_glsr_reviews":0},"product_brand":[503],"product_cat":[33],"product_tag":[403,482],"class_list":{"0":"post-21868","1":"product","2":"type-product","3":"status-publish","4":"has-post-thumbnail","6":"product_brand-beauty-night","7":"product_cat-korsetid","8":"product_tag-beauty-night","9":"product_tag-beauty-night-goldie","10":"pa_suurus-l-xl","11":"pa_suurus-s-m","12":"pa_varvus-must","14":"first","15":"instock","16":"sold-individually","17":"taxable","18":"shipping-taxable","19":"purchasable","20":"product-type-variable"},"_links":{"self":[{"href":"https:\/\/pesu24.ee\/en\/wp-json\/wp\/v2\/product\/21868","targetHints":{"allow":["GET"]}}],"collection":[{"href":"https:\/\/pesu24.ee\/en\/wp-json\/wp\/v2\/product"}],"about":[{"href":"https:\/\/pesu24.ee\/en\/wp-json\/wp\/v2\/types\/product"}],"replies":[{"embeddable":true,"href":"https:\/\/pesu24.ee\/en\/wp-json\/wp\/v2\/comments?post=21868"}],"wp:featuredmedia":[{"embeddable":true,"href":"https:\/\/pesu24.ee\/en\/wp-json\/wp\/v2\/media\/22103"}],"wp:attachment":[{"href":"https:\/\/pesu24.ee\/en\/wp-json\/wp\/v2\/media?parent=21868"}],"wp:term":[{"taxonomy":"product_brand","embeddable":true,"href":"https:\/\/pesu24.ee\/en\/wp-json\/wp\/v2\/product_brand?post=21868"},{"taxonomy":"product_cat","embeddable":true,"href":"https:\/\/pesu24.ee\/en\/wp-json\/wp\/v2\/product_cat?post=21868"},{"taxonomy":"product_tag","embeddable":true,"href":"https:\/\/pesu24.ee\/en\/wp-json\/wp\/v2\/product_tag?post=21868"}],"curies":[{"name":"wp","href":"https:\/\/api.w.org\/{rel}","templated":true}]}}