{"id":21882,"date":"2025-08-18T23:08:13","date_gmt":"2025-08-18T20:08:13","guid":{"rendered":"https:\/\/pesu24.ee\/?post_type=product&#038;p=21882"},"modified":"2025-08-21T16:48:42","modified_gmt":"2025-08-21T13:48:42","slug":"korsett-beauty-night-rafaella","status":"publish","type":"product","link":"https:\/\/pesu24.ee\/en\/korsetid\/korsett-beauty-night-rafaella\/","title":{"rendered":"Korsett Beauty Night Rafaella"},"content":{"rendered":"<p>Korsett Beauty Night Rafaella on loodud naisele, kes soovib tunda end veetleva ja enesekindlana. Selle pitsist, t\u00fcllist ja wetlook-materjalist valmistatud unikaalne disain toob esile kauni naiseliku silueti. Tugikaartel pitskorviga rinnahoidja r\u00f5hutab elegantselt rindu, pakkudes samal ajal mugavust, ning sensuaalsed v\u00e4ljal\u00f5iked ja volangid lisavad korsetile isikup\u00e4ra.<\/p>\n<p>Komplekti s\u00fcdameks on korsett, mis r\u00f5hutab taljet ja loob sensuaalse, kuid mugava sobivuse t\u00e4nu reguleeritavatele rihmadele. T\u00e4iendust pakuvad reierihmad ja seljaosa kaunistavad volangid, mis lisavad v\u00e4limusele naiselikku kergust. Komplekti kuuluvad ka \u00f5rnad stringid, mis t\u00e4iendavad korsetiga loodud harmoonilist v\u00e4limust.<\/p>\n<p>Korsett Beauty Night Rafaella on ideaalne kingitus erilisteks puhkudeks. Elegantses kinkekarbis esitatud komplekt r\u00f5\u00f5mustab oma unikaalse stiili ja detailidega, pakkudes kandjale unustamatut kogemust. See on kombinatsioon stiilist, kvaliteedist ja sensuaalsusest, mis muudab iga \u00f5htu meeldej\u00e4\u00e4vaks.<\/p>\n<p><span style=\"color: #008000;\"><strong>KOMPLEKT SISALDAB:<\/strong><\/span><\/p>\n<ul>\n<li>korsett<\/li>\n<li>stringid<\/li>\n<li>NB! sukad ei kuulu komplekti<\/li>\n<\/ul>\n<p>Pesukomplekt sobib kokku <a href=\"https:\/\/pesu24.ee\/en\/sukad\/sukad-beauty-night-romance-mustad\/\">Beauty Night Romance sukkadega<\/a><\/p>\n<p><strong><span style=\"color: #008000;\">DETAILS:<\/span><\/strong><\/p>\n<ul>\n<li>unikaalne disain<\/li>\n<li>kaunistatud pitsiga<\/li>\n<li>rinnakorvil tugikaared<\/li>\n<li>toob esilje tailje<\/li>\n<li>reguleeritavad \u00f5lapaelad<\/li>\n<li>tagant haakidega kinnituv<\/li>\n<li>mugav kangas (88% pol\u00fcester, 12% elastaan)<\/li>\n<\/ul>","protected":false},"excerpt":{"rendered":"<p>&#46;&#46;&#46;<\/p>","protected":false},"featured_media":22105,"comment_status":"open","ping_status":"closed","template":"","meta":{"_glsr_average":0,"_glsr_ranking":0,"_glsr_reviews":0},"product_brand":[503],"product_cat":[33],"product_tag":[403],"class_list":{"0":"post-21882","1":"product","2":"type-product","3":"status-publish","4":"has-post-thumbnail","6":"product_brand-beauty-night","7":"product_cat-korsetid","8":"product_tag-beauty-night","9":"pa_suurus-l-xl","10":"pa_suurus-s-m","11":"pa_varvus-must","13":"first","14":"instock","15":"sold-individually","16":"taxable","17":"shipping-taxable","18":"purchasable","19":"product-type-variable"},"_links":{"self":[{"href":"https:\/\/pesu24.ee\/en\/wp-json\/wp\/v2\/product\/21882","targetHints":{"allow":["GET"]}}],"collection":[{"href":"https:\/\/pesu24.ee\/en\/wp-json\/wp\/v2\/product"}],"about":[{"href":"https:\/\/pesu24.ee\/en\/wp-json\/wp\/v2\/types\/product"}],"replies":[{"embeddable":true,"href":"https:\/\/pesu24.ee\/en\/wp-json\/wp\/v2\/comments?post=21882"}],"wp:featuredmedia":[{"embeddable":true,"href":"https:\/\/pesu24.ee\/en\/wp-json\/wp\/v2\/media\/22105"}],"wp:attachment":[{"href":"https:\/\/pesu24.ee\/en\/wp-json\/wp\/v2\/media?parent=21882"}],"wp:term":[{"taxonomy":"product_brand","embeddable":true,"href":"https:\/\/pesu24.ee\/en\/wp-json\/wp\/v2\/product_brand?post=21882"},{"taxonomy":"product_cat","embeddable":true,"href":"https:\/\/pesu24.ee\/en\/wp-json\/wp\/v2\/product_cat?post=21882"},{"taxonomy":"product_tag","embeddable":true,"href":"https:\/\/pesu24.ee\/en\/wp-json\/wp\/v2\/product_tag?post=21882"}],"curies":[{"name":"wp","href":"https:\/\/api.w.org\/{rel}","templated":true}]}}