{"id":21899,"date":"2025-12-16T13:30:41","date_gmt":"2025-12-16T10:30:41","guid":{"rendered":"https:\/\/pesu24.ee\/?post_type=product&#038;p=21899"},"modified":"2025-12-16T14:46:56","modified_gmt":"2025-12-16T11:46:56","slug":"korsett-obsessive-arrowel-2","status":"publish","type":"product","link":"https:\/\/pesu24.ee\/en\/korsetid\/korsett-obsessive-arrowel-2\/","title":{"rendered":"Korsett Obsessive Arrowel"},"content":{"rendered":"<p>Korsett Obsessive Arrowel on loodud naisele, kes soovib r\u00f5hutada oma ilu ja enesekindlust. See must, l\u00e4bipaistvast kangast valmistatud korsett kallistab keha justkui teine nahk, tuues esile iga liigutuse ning kujundades figuuri v\u00f5rgutavalt ja elegantselt. Sensuaalne disain koos peene viimistlusega loob vastupandamatu koosluse, mis ei j\u00e4\u00e4 m\u00e4rkamatuks.<\/p>\n<p>Topeltkorvid koos pitsiaktsentidega toovad kaunilt esile b\u00fcstiosa, samas kui toestavad traadid pakuvad lisatuge ja vormi. Korsetti vertikaalsed luud loovad visuaalselt salendava efekti, r\u00f5hutades taljet ja lisades naiselikkust igasse hetke. Seljal paiknev reguleeritav kinnitus v\u00f5imaldab mugavat istuvust ning tagab, et korsett sobib kandjale ideaalselt.<\/p>\n<p>Korsetti alumises servas asuvad reguleeritavad sukahoidja rihmad lisavad m\u00e4ngulisust ja v\u00f5imaldavad t\u00e4iendada komplekti oma lemmiksukkadega. Disaini kroonib stiilne h\u00f5bedane detail, mis lisab luksuslikku s\u00e4rtsu. Lisaks on k\u00f5ik metallosad niklivabad, et tagada kandmisel maksimaalne nahas\u00f5bralikkus.<\/p>\n<p>Korsett Obsessive Arrowel on sensuaalne valik, mis sobib ideaalselt eriliseks \u00f5htuks v\u00f5i lihtsalt selleks, et tunda end ilusana ja enesekindlana igal hetkel. Disainitud ja loodud Euroopa s\u00fcdames, \u00fchendab see toode kvaliteedi, elegantsi ja peene naiseliku puudutuse.<\/p>\n<p>Tutvuge ka teiste <a href=\"https:\/\/pesu24.ee\/en\/omadus\/obsessive-novenes\/\">Obsessive <\/a><a href=\"https:\/\/pesu24.ee\/en\/omadus\/obsessive-arrowel\/\">Arrowel<\/a>\u00a0pesukollektsiooni toodetega.<\/p>\n<p><span style=\"color: #008000;\"><strong>KOMPLEKT SISALDAB:<\/strong><\/span><\/p>\n<ul>\n<li>korsett<\/li>\n<li>NB! sukad &amp; stringid ei kuulu komplekti<\/li>\n<\/ul>\n<p>Sobivad sukad leiad meie <a href=\"https:\/\/pesu24.ee\/en\/sukad\/\">sukkade valikust<\/a> ja sobivad stringid meie <a href=\"https:\/\/pesu24.ee\/en\/stringid-puksikud\/\">stringide kategooriast<\/a>.<\/p>\n<p><span style=\"color: #008000;\"><strong>DETAILS:<\/strong><\/span><\/p>\n<ul>\n<li>sensuaalne pooll\u00e4bipaistev korsett<\/li>\n<li>pitsiaktsentidega topeltkorvid<\/li>\n<li>rinnakorvil tugikaared<\/li>\n<li>optiliselt salendav efekt<\/li>\n<li>reguleeritavad \u00f5la- ja sukapaelad<\/li>\n<li>tagant haakidega kinnituv<\/li>\n<li>mugav &amp; elastne kangas (94% pol\u00fcamiid &amp; 6% elastaan)<\/li>\n<\/ul>","protected":false},"excerpt":{"rendered":"<p>&#46;&#46;&#46;<\/p>","protected":false},"featured_media":22130,"comment_status":"open","ping_status":"closed","template":"","meta":{"_glsr_average":0,"_glsr_ranking":0,"_glsr_reviews":0},"product_brand":[500],"product_cat":[33],"product_tag":[160,488],"class_list":{"0":"post-21899","1":"product","2":"type-product","3":"status-publish","4":"has-post-thumbnail","6":"product_brand-obsessive","7":"product_cat-korsetid","8":"product_tag-obsessive","9":"product_tag-obsessive-arrowel","10":"pa_suurus-l-xl","11":"pa_suurus-s-m","12":"pa_suurus-xxl-xxxl","13":"pa_varvus-valge","15":"first","16":"instock","17":"sold-individually","18":"taxable","19":"shipping-taxable","20":"purchasable","21":"product-type-variable"},"_links":{"self":[{"href":"https:\/\/pesu24.ee\/en\/wp-json\/wp\/v2\/product\/21899","targetHints":{"allow":["GET"]}}],"collection":[{"href":"https:\/\/pesu24.ee\/en\/wp-json\/wp\/v2\/product"}],"about":[{"href":"https:\/\/pesu24.ee\/en\/wp-json\/wp\/v2\/types\/product"}],"replies":[{"embeddable":true,"href":"https:\/\/pesu24.ee\/en\/wp-json\/wp\/v2\/comments?post=21899"}],"wp:featuredmedia":[{"embeddable":true,"href":"https:\/\/pesu24.ee\/en\/wp-json\/wp\/v2\/media\/22130"}],"wp:attachment":[{"href":"https:\/\/pesu24.ee\/en\/wp-json\/wp\/v2\/media?parent=21899"}],"wp:term":[{"taxonomy":"product_brand","embeddable":true,"href":"https:\/\/pesu24.ee\/en\/wp-json\/wp\/v2\/product_brand?post=21899"},{"taxonomy":"product_cat","embeddable":true,"href":"https:\/\/pesu24.ee\/en\/wp-json\/wp\/v2\/product_cat?post=21899"},{"taxonomy":"product_tag","embeddable":true,"href":"https:\/\/pesu24.ee\/en\/wp-json\/wp\/v2\/product_tag?post=21899"}],"curies":[{"name":"wp","href":"https:\/\/api.w.org\/{rel}","templated":true}]}}