{"id":21915,"date":"2025-08-18T23:09:06","date_gmt":"2025-08-18T20:09:06","guid":{"rendered":"https:\/\/pesu24.ee\/?post_type=product&#038;p=21915"},"modified":"2025-08-20T14:53:48","modified_gmt":"2025-08-20T11:53:48","slug":"korsett-obsessive-alliane","status":"publish","type":"product","link":"https:\/\/pesu24.ee\/en\/korsetid\/korsett-obsessive-alliane\/","title":{"rendered":"Korsett Obsessive Alliane"},"content":{"rendered":"<p>Korsett Obsessive Alliane on julge ja stiilne valik naisele, kes soovib v\u00e4ljendada oma sensuaalsust enesekindlalt ja m\u00e4nguliselt. Selle musta korseti silmatorkav rinnahoidjata l\u00f5ige ja l\u00e4bikumav pits loovad lummava kontrasti, mis \u00e4ratab t\u00e4helepanu ja toob esile keha loomuliku ilu.<\/p>\n<p>Korseti struktuuri toetavad vertikaalsed tugiluud, mis aitavad vormida kaunist siluetti ning r\u00f5hutavad taljejoont. Seljaosal olev paelkinnitus v\u00f5imaldab korsetti t\u00e4pselt oma kehale sobivaks reguleerida, pakkudes nii mugavust kui ka visuaalset efekti. Pitsist kaelapael ja dekoratiivsed detailid lisavad disainile erilise, pilkup\u00fc\u00fcdva viimistluse.<\/p>\n<p>Komplektiga on kaasas lahtise jalgevahega stringid ja sisseehitatud sukahoidjad, mis annavad v\u00f5imaluse luua veelgi provokatiivsem ja personaalsem stiil. Korsett Obsessive Alliane ei ole lihtsalt pesu \u2013 see on avaldus sinu sisemisest tugevusest ja vabadusest olla t\u00e4pselt see, kes sa oled.<\/p>\n<p>Tutvuge ka teiste <a href=\"https:\/\/pesu24.ee\/en\/omadus\/obsessive-novenes\/\">Obsessive <\/a><a href=\"https:\/\/pesu24.ee\/en\/omadus\/obsessive-alliane\/\">Alliane<\/a>\u00a0pesukollektsiooni toodetega.<\/p>\n<p><span style=\"color: #008000;\"><strong>KOMPLEKT SISALDAB:<\/strong><\/span><\/p>\n<ul>\n<li>avatud korsett<\/li>\n<li>avatud stringid<\/li>\n<li>NB! sukad ja nibukatted ei kluulu komplekti<\/li>\n<\/ul>\n<p>Antud komplekt sobib kokku <a href=\"https:\/\/pesu24.ee\/en\/aksessuaarid\/nibukatted-obsessive-mistiqua\/\">Obsessive Mistiqua nibukatetega<\/a>. Lisaks valige juurde meelep\u00e4rased Obsessive sukad, mille valikuga saate tutvuda <a href=\"https:\/\/loveshop.ee\/online-sekspood\/?s=sukad+obsessive&amp;post_type=product\">siin<\/a>.<\/p>\n<p><span style=\"color: #008000;\"><strong>DETAILS:<\/strong><\/span><\/p>\n<ul>\n<li>v\u00f5rgutava disainiga<\/li>\n<li>vertikaalsed tugiluud<\/li>\n<li>pitsist kaelapael<\/li>\n<li>reguleeritavad sukapaelad<\/li>\n<li>avatud rinnakorv &amp; jalgevahe<\/li>\n<li>mugav &amp; elastne kangas (90% pol\u00fcamiid &amp; 10% elastaan)<\/li>\n<\/ul>","protected":false},"excerpt":{"rendered":"<p>&#46;&#46;&#46;<\/p>","protected":false},"featured_media":22136,"comment_status":"open","ping_status":"closed","template":"","meta":{"_glsr_average":0,"_glsr_ranking":0,"_glsr_reviews":0},"product_brand":[500],"product_cat":[33],"product_tag":[160,489],"class_list":{"0":"post-21915","1":"product","2":"type-product","3":"status-publish","4":"has-post-thumbnail","6":"product_brand-obsessive","7":"product_cat-korsetid","8":"product_tag-obsessive","9":"product_tag-obsessive-alliane","10":"pa_suurus-l-xl","11":"pa_suurus-s-m","12":"pa_suurus-xxl-xxxl","13":"pa_varvus-must","15":"first","16":"instock","17":"sold-individually","18":"taxable","19":"shipping-taxable","20":"purchasable","21":"product-type-variable"},"_links":{"self":[{"href":"https:\/\/pesu24.ee\/en\/wp-json\/wp\/v2\/product\/21915","targetHints":{"allow":["GET"]}}],"collection":[{"href":"https:\/\/pesu24.ee\/en\/wp-json\/wp\/v2\/product"}],"about":[{"href":"https:\/\/pesu24.ee\/en\/wp-json\/wp\/v2\/types\/product"}],"replies":[{"embeddable":true,"href":"https:\/\/pesu24.ee\/en\/wp-json\/wp\/v2\/comments?post=21915"}],"wp:featuredmedia":[{"embeddable":true,"href":"https:\/\/pesu24.ee\/en\/wp-json\/wp\/v2\/media\/22136"}],"wp:attachment":[{"href":"https:\/\/pesu24.ee\/en\/wp-json\/wp\/v2\/media?parent=21915"}],"wp:term":[{"taxonomy":"product_brand","embeddable":true,"href":"https:\/\/pesu24.ee\/en\/wp-json\/wp\/v2\/product_brand?post=21915"},{"taxonomy":"product_cat","embeddable":true,"href":"https:\/\/pesu24.ee\/en\/wp-json\/wp\/v2\/product_cat?post=21915"},{"taxonomy":"product_tag","embeddable":true,"href":"https:\/\/pesu24.ee\/en\/wp-json\/wp\/v2\/product_tag?post=21915"}],"curies":[{"name":"wp","href":"https:\/\/api.w.org\/{rel}","templated":true}]}}