{"id":21916,"date":"2025-08-18T23:09:06","date_gmt":"2025-08-18T20:09:06","guid":{"rendered":"https:\/\/pesu24.ee\/?post_type=product&#038;p=21916"},"modified":"2025-08-20T14:53:48","modified_gmt":"2025-08-20T11:53:48","slug":"korsett-obsessive-euphori","status":"publish","type":"product","link":"https:\/\/pesu24.ee\/en\/korsetid\/korsett-obsessive-euphori\/","title":{"rendered":"Korsett Obsessive Euphori"},"content":{"rendered":"<p>Minimalistlik vorm maksimaalse m\u00f5juga. Euphori korsett on loodud naisele, kes ei karda n\u00e4idata nii oma keha kui ka enesekindlust. Avatud, ilma korvideta l\u00f5ige koos toestusega rinna all t\u00f5stab b\u00fcstijoont ja s\u00fctitab fantaasiat. Pooll\u00e4bipaistev kangas ja vertikaalsed luud kujundavad sensuaalselt taljejoont, samal ajal kui eemaldatavad sukapaelad annavad vabaduse m\u00e4ngida oma reeglite j\u00e4rgi.<\/p>\n<p>See korsett ei ava k\u00f5ike \u2013 sest k\u00f5ige p\u00f5nevamad asjad j\u00e4\u00e4vad tihti \u00fctlemata. Reguleeritavad \u00f5lapaelad ja kaks reguleeritavat kinnitust seljal tagavad t\u00e4iusliku istuvuse. Euphori korsett r\u00f5hutab naiselikku siluetti, j\u00e4\u00e4des samas maitsekaks ja intrigeerivaks.<\/p>\n<p>Kanna seda koos oma lemmikstringide ja sukkadega, et luua komplekt, mis k\u00f6idab pilke ja m\u00f5tteid. Korsett Obsessive Euphori on loodud naisele, kes hindab peent disaini, mugavust ja sensuaalset v\u00e4limust \u00fcheskoos.<\/p>\n<p>Tutvuge ka teiste <a href=\"https:\/\/pesu24.ee\/en\/omadus\/obsessive-euphori\/\">Obsessive Euphori<\/a> pesukollektsiooni toodetega.<\/p>\n<p><span style=\"color: #008000;\"><strong>KOMPLEKT SISALDAB:<\/strong><\/span><\/p>\n<ul>\n<li>avatud korsett<\/li>\n<\/ul>\n<p>NB! Sukad ja stringid ei kuulu komplekti. Kombineerige korsett <a href=\"https:\/\/pesu24.ee\/en\/aksessuaarid\/kindad-obsessive-euphori\/\">Obsessive Euphori kinnastega<\/a>.<\/p>\n<p><span style=\"color: #008000;\"><strong>DETAILS:<\/strong><\/span><\/p>\n<ul>\n<li>avatud rinnakorv<\/li>\n<li>toestus rindade all<\/li>\n<li>lisaks vertikaalne toestus talje toetamiseks<\/li>\n<li>tagant haakidega kinnituv<\/li>\n<li>reguleeritavad \u00f5la- ja sukapaelad<\/li>\n<li>eemaldatavad sukapaelad<\/li>\n<li>niklivaba<\/li>\n<li>pehme ja elastne kangas (94% pol\u00fcamiid; 6% elastaan)<\/li>\n<\/ul>","protected":false},"excerpt":{"rendered":"<p>&#46;&#46;&#46;<\/p>","protected":false},"featured_media":22142,"comment_status":"open","ping_status":"closed","template":"","meta":{"_glsr_average":0,"_glsr_ranking":0,"_glsr_reviews":0},"product_brand":[500],"product_cat":[33],"product_tag":[160,490],"class_list":{"0":"post-21916","1":"product","2":"type-product","3":"status-publish","4":"has-post-thumbnail","6":"product_brand-obsessive","7":"product_cat-korsetid","8":"product_tag-obsessive","9":"product_tag-obsessive-euphori","10":"pa_suurus-l-xl","11":"pa_suurus-s-m","12":"pa_suurus-xxl-xxxl","13":"pa_varvus-must","15":"first","16":"instock","17":"sold-individually","18":"taxable","19":"shipping-taxable","20":"purchasable","21":"product-type-variable"},"_links":{"self":[{"href":"https:\/\/pesu24.ee\/en\/wp-json\/wp\/v2\/product\/21916","targetHints":{"allow":["GET"]}}],"collection":[{"href":"https:\/\/pesu24.ee\/en\/wp-json\/wp\/v2\/product"}],"about":[{"href":"https:\/\/pesu24.ee\/en\/wp-json\/wp\/v2\/types\/product"}],"replies":[{"embeddable":true,"href":"https:\/\/pesu24.ee\/en\/wp-json\/wp\/v2\/comments?post=21916"}],"wp:featuredmedia":[{"embeddable":true,"href":"https:\/\/pesu24.ee\/en\/wp-json\/wp\/v2\/media\/22142"}],"wp:attachment":[{"href":"https:\/\/pesu24.ee\/en\/wp-json\/wp\/v2\/media?parent=21916"}],"wp:term":[{"taxonomy":"product_brand","embeddable":true,"href":"https:\/\/pesu24.ee\/en\/wp-json\/wp\/v2\/product_brand?post=21916"},{"taxonomy":"product_cat","embeddable":true,"href":"https:\/\/pesu24.ee\/en\/wp-json\/wp\/v2\/product_cat?post=21916"},{"taxonomy":"product_tag","embeddable":true,"href":"https:\/\/pesu24.ee\/en\/wp-json\/wp\/v2\/product_tag?post=21916"}],"curies":[{"name":"wp","href":"https:\/\/api.w.org\/{rel}","templated":true}]}}