{"id":22244,"date":"2025-08-18T23:15:35","date_gmt":"2025-08-18T20:15:35","guid":{"rendered":"https:\/\/pesu24.ee\/?post_type=product&#038;p=22244"},"modified":"2025-08-21T16:25:33","modified_gmt":"2025-08-21T13:25:33","slug":"4-osaline-teenijannakostuum-obsessive-servgirl","status":"publish","type":"product","link":"https:\/\/pesu24.ee\/en\/kostuumid\/4-osaline-teenijannakostuum-obsessive-servgirl\/","title":{"rendered":"4-osaline teenijannakost\u00fc\u00fcm Obsessive ServGirl"},"content":{"rendered":"<p style=\"text-align: justify;\">Kas olete valmis oma partnerit \u00fcllatama ja tema v\u00f5i enda fantaasiaid t\u00e4itma selle 4-osalise \u00fcleannetu teenijannakost\u00fc\u00fcmiga? Ulakas ja ahvatlev teenindajakost\u00fc\u00fcm sisaldab l\u00e4bipaistvat lillemustriga pitsist kleiti, peapaela, satiinist p\u00f5lle ja mustasid stringe.<\/p>\n<p style=\"text-align: justify;\"><span style=\"color: #008000;\"><strong>KOMPLEKT SISALDAB:<\/strong><\/span><\/p>\n<ul>\n<li style=\"text-align: justify;\">peapael<\/li>\n<li style=\"text-align: justify;\">p\u00f5ll<\/li>\n<li style=\"text-align: justify;\">mustast pitist kleit<\/li>\n<li style=\"text-align: justify;\">stringid<\/li>\n<\/ul>\n<p><span style=\"color: #008000;\"><strong>DETAILS:<\/strong><\/span><\/p>\n<ul>\n<li>materjal 90% pol\u00fcamiid ja 10% elastaan<\/li>\n<\/ul>\n<p style=\"text-align: justify;\">Sukad ei kuulue komplekti. Vali isehoidvad sukad nagu n\u00e4iteks <a class=\"sex_shop\" href=\"https:\/\/pesu24.ee\/en\/sukad\/\">Sukad Obsessive 864<\/a> v\u00f5i <a class=\"sex_shop\" href=\"https:\/\/pesu24.ee\/en\/sukad\/\">Sukad Obsessive 856<\/a>. Lisaks v\u00fcrtsitage fantaasiat m\u00f5ne piitsa v\u00f5i m\u00f5ne muu tootega meie <a class=\"sex_shop\" href=\"https:\/\/loveshop.ee\/tooted\/fetish\/\">feti\u0161 kategooriast<\/a>.<\/p>\n<p><span style=\"color: #008000;\"><strong>VIDEO<\/strong><\/span><\/p>\n<div class=\"video-container\"><iframe loading=\"lazy\" title=\"SEXY KOST\u00ddM SERVGIRL - OBSESSIVE\" width=\"500\" height=\"281\" src=\"https:\/\/www.youtube.com\/embed\/Q6fWdvv7STU?feature=oembed&#038;wmode=opaque\" frameborder=\"0\" allow=\"accelerometer; autoplay; clipboard-write; encrypted-media; gyroscope; picture-in-picture; web-share\" referrerpolicy=\"strict-origin-when-cross-origin\" allowfullscreen><\/iframe><\/div>","protected":false},"excerpt":{"rendered":"<p>https:\/\/www.youtube.com\/watch?v=Q6fWdvv7STU<\/p>","protected":false},"featured_media":20352,"comment_status":"open","ping_status":"closed","template":"","meta":{"_glsr_average":0,"_glsr_ranking":0,"_glsr_reviews":0},"product_brand":[500],"product_cat":[111],"product_tag":[160],"class_list":{"0":"post-22244","1":"product","2":"type-product","3":"status-publish","4":"has-post-thumbnail","6":"product_brand-obsessive","7":"product_cat-kostuumid","8":"product_tag-obsessive","9":"pa_suurus-l-xl","10":"pa_suurus-s-m","11":"pa_varvus-must","13":"first","14":"instock","15":"sold-individually","16":"taxable","17":"shipping-taxable","18":"purchasable","19":"product-type-variable"},"_links":{"self":[{"href":"https:\/\/pesu24.ee\/en\/wp-json\/wp\/v2\/product\/22244","targetHints":{"allow":["GET"]}}],"collection":[{"href":"https:\/\/pesu24.ee\/en\/wp-json\/wp\/v2\/product"}],"about":[{"href":"https:\/\/pesu24.ee\/en\/wp-json\/wp\/v2\/types\/product"}],"replies":[{"embeddable":true,"href":"https:\/\/pesu24.ee\/en\/wp-json\/wp\/v2\/comments?post=22244"}],"wp:featuredmedia":[{"embeddable":true,"href":"https:\/\/pesu24.ee\/en\/wp-json\/wp\/v2\/media\/20352"}],"wp:attachment":[{"href":"https:\/\/pesu24.ee\/en\/wp-json\/wp\/v2\/media?parent=22244"}],"wp:term":[{"taxonomy":"product_brand","embeddable":true,"href":"https:\/\/pesu24.ee\/en\/wp-json\/wp\/v2\/product_brand?post=22244"},{"taxonomy":"product_cat","embeddable":true,"href":"https:\/\/pesu24.ee\/en\/wp-json\/wp\/v2\/product_cat?post=22244"},{"taxonomy":"product_tag","embeddable":true,"href":"https:\/\/pesu24.ee\/en\/wp-json\/wp\/v2\/product_tag?post=22244"}],"curies":[{"name":"wp","href":"https:\/\/api.w.org\/{rel}","templated":true}]}}