{"id":22245,"date":"2025-08-18T23:15:35","date_gmt":"2025-08-18T20:15:35","guid":{"rendered":"https:\/\/pesu24.ee\/?post_type=product&#038;p=22245"},"modified":"2025-08-21T16:25:06","modified_gmt":"2025-08-21T13:25:06","slug":"seksikas-5-osaline-jankukostuum-obsessive-bunny","status":"publish","type":"product","link":"https:\/\/pesu24.ee\/en\/kostuumid\/seksikas-5-osaline-jankukostuum-obsessive-bunny\/","title":{"rendered":"Seksikas 5-osaline j\u00e4nkukost\u00fc\u00fcm Obsessive Bunny"},"content":{"rendered":"<p style=\"text-align: justify;\">T\u00e4ielik 5-osaline j\u00e4nkukost\u00fc\u00fcm sisaldab endas maski koos k\u00f5rvadega, body&#8217;t, kaelapaela, sukahoidjaid ja v\u00f5rksukkasid.<\/p>\n<p style=\"text-align: justify;\"><span style=\"color: #008000;\"><strong>KOMPLEKT SISALDAB:<\/strong><\/span><\/p>\n<ul style=\"text-align: justify;\">\n<li>maski koos j\u00e4nkuk\u00f5rvadega<\/li>\n<li>pilkup\u00fc\u00fcdvat kaelapaea<\/li>\n<li>body, mis muudab figuuri saledamaks<\/li>\n<li>mugavad eemaldatavad sukahoidjad<\/li>\n<li>sukahoidjad reguleeritavad<\/li>\n<li>v\u00f5rksukad<\/li>\n<\/ul>\n<p style=\"text-align: justify;\">Lisage juurde <a class=\"sex_shop\" href=\"https:\/\/loveshop.ee\/tooted\/fetish\/kaerauad\/\">k\u00e4erauad<\/a> v\u00f5i m\u00f5ni muu toode meie <a class=\"sex_shop\" href=\"https:\/\/loveshop.ee\/tooted\/fetish\/\">feti\u0161 kategooriast<\/a> perfektse rollim\u00e4ngu jaoks.<\/p>\n<p><span style=\"color: #008000;\"><strong>VIDEO<\/strong><\/span><\/p>\n<div class=\"video-container\"><iframe loading=\"lazy\" title=\"\u00da\u017dASN\u00dd KOST\u00ddM BUNNY COSTUME - OBSESSIVE\" width=\"500\" height=\"281\" src=\"https:\/\/www.youtube.com\/embed\/tFO95fm50nQ?feature=oembed&#038;wmode=opaque\" frameborder=\"0\" allow=\"accelerometer; autoplay; clipboard-write; encrypted-media; gyroscope; picture-in-picture; web-share\" referrerpolicy=\"strict-origin-when-cross-origin\" allowfullscreen><\/iframe><\/div>","protected":false},"excerpt":{"rendered":"<p>https:\/\/www.youtube.com\/watch?v=tFO95fm50nQ<\/p>","protected":false},"featured_media":20366,"comment_status":"open","ping_status":"closed","template":"","meta":{"_glsr_average":0,"_glsr_ranking":0,"_glsr_reviews":0},"product_brand":[500],"product_cat":[111],"product_tag":[160],"class_list":{"0":"post-22245","1":"product","2":"type-product","3":"status-publish","4":"has-post-thumbnail","6":"product_brand-obsessive","7":"product_cat-kostuumid","8":"product_tag-obsessive","9":"pa_suurus-l-xl","10":"pa_suurus-s-m","11":"pa_varvus-must","13":"first","14":"instock","15":"sold-individually","16":"taxable","17":"shipping-taxable","18":"purchasable","19":"product-type-variable"},"_links":{"self":[{"href":"https:\/\/pesu24.ee\/en\/wp-json\/wp\/v2\/product\/22245","targetHints":{"allow":["GET"]}}],"collection":[{"href":"https:\/\/pesu24.ee\/en\/wp-json\/wp\/v2\/product"}],"about":[{"href":"https:\/\/pesu24.ee\/en\/wp-json\/wp\/v2\/types\/product"}],"replies":[{"embeddable":true,"href":"https:\/\/pesu24.ee\/en\/wp-json\/wp\/v2\/comments?post=22245"}],"wp:featuredmedia":[{"embeddable":true,"href":"https:\/\/pesu24.ee\/en\/wp-json\/wp\/v2\/media\/20366"}],"wp:attachment":[{"href":"https:\/\/pesu24.ee\/en\/wp-json\/wp\/v2\/media?parent=22245"}],"wp:term":[{"taxonomy":"product_brand","embeddable":true,"href":"https:\/\/pesu24.ee\/en\/wp-json\/wp\/v2\/product_brand?post=22245"},{"taxonomy":"product_cat","embeddable":true,"href":"https:\/\/pesu24.ee\/en\/wp-json\/wp\/v2\/product_cat?post=22245"},{"taxonomy":"product_tag","embeddable":true,"href":"https:\/\/pesu24.ee\/en\/wp-json\/wp\/v2\/product_tag?post=22245"}],"curies":[{"name":"wp","href":"https:\/\/api.w.org\/{rel}","templated":true}]}}