{"id":22246,"date":"2025-08-18T23:15:35","date_gmt":"2025-08-18T20:15:35","guid":{"rendered":"https:\/\/pesu24.ee\/?post_type=product&#038;p=22246"},"modified":"2025-08-21T16:24:41","modified_gmt":"2025-08-21T13:24:41","slug":"4-osaline-komplekt-obsessive-evilia","status":"publish","type":"product","link":"https:\/\/pesu24.ee\/en\/bodyd\/4-osaline-komplekt-obsessive-evilia\/","title":{"rendered":"4-osaline komplekt Obsessive Evilia"},"content":{"rendered":"<p>Kuratlikult naiselik Obsessive Evilia komplekt ei j\u00e4ta mitte \u00fchtegi meest magamistoas k\u00fclmaks. Valmistatud erkpunasest materjalist ning \u00fclimalt avatud tegumoega body muudab teid meeste silmi vastupandamatuks.<\/p>\n<p>Ulakas piits ei tule komplektiga kaasa, aga seda saad osta <a href=\"https:\/\/pesu24.ee\/en\/aksessuaarid\/\">SIIT<\/a>.<\/p>\n<p><span style=\"color: #008000;\"><strong>KOMPLEKT SISALDAB:<\/strong><\/span><\/p>\n<ul>\n<li>avatud jalgevahega body<\/li>\n<li>kaelav\u00f6\u00f6<\/li>\n<li>peav\u00f5ru sarvedega<\/li>\n<li>nibukatted<\/li>\n<\/ul>\n<p><span style=\"color: #008000;\"><strong>DETAILS:<\/strong><\/span><\/p>\n<ul>\n<li>v\u00e4rvus punane<\/li>\n<li>avatud body<\/li>\n<li>peav\u00f5ru koos sarvedega<\/li>\n<li>\u0161armikas kelav\u00f6\u00f6<\/li>\n<li>reguleeritavad seljal olevad paelad<\/li>\n<li>avatud jalgevahe<\/li>\n<li>punane pits<\/li>\n<li>NB! piits ei tule komplektiga kaasa, aga selle saate osta <a href=\"https:\/\/pesu24.ee\/en\/aksessuaarid\/\">SIIT<\/a>.<\/li>\n<\/ul>","protected":false},"excerpt":{"rendered":"<p>&#46;&#46;&#46;<\/p>","protected":false},"featured_media":14689,"comment_status":"open","ping_status":"closed","template":"","meta":{"_glsr_average":0,"_glsr_ranking":0,"_glsr_reviews":0},"product_brand":[500],"product_cat":[89,111],"product_tag":[160],"class_list":{"0":"post-22246","1":"product","2":"type-product","3":"status-publish","4":"has-post-thumbnail","6":"product_brand-obsessive","7":"product_cat-bodyd","8":"product_cat-kostuumid","9":"product_tag-obsessive","10":"pa_suurus-l-xl","11":"pa_suurus-s-m","12":"pa_varvus-punane","14":"first","15":"instock","16":"sold-individually","17":"taxable","18":"shipping-taxable","19":"purchasable","20":"product-type-variable"},"_links":{"self":[{"href":"https:\/\/pesu24.ee\/en\/wp-json\/wp\/v2\/product\/22246","targetHints":{"allow":["GET"]}}],"collection":[{"href":"https:\/\/pesu24.ee\/en\/wp-json\/wp\/v2\/product"}],"about":[{"href":"https:\/\/pesu24.ee\/en\/wp-json\/wp\/v2\/types\/product"}],"replies":[{"embeddable":true,"href":"https:\/\/pesu24.ee\/en\/wp-json\/wp\/v2\/comments?post=22246"}],"wp:featuredmedia":[{"embeddable":true,"href":"https:\/\/pesu24.ee\/en\/wp-json\/wp\/v2\/media\/14689"}],"wp:attachment":[{"href":"https:\/\/pesu24.ee\/en\/wp-json\/wp\/v2\/media?parent=22246"}],"wp:term":[{"taxonomy":"product_brand","embeddable":true,"href":"https:\/\/pesu24.ee\/en\/wp-json\/wp\/v2\/product_brand?post=22246"},{"taxonomy":"product_cat","embeddable":true,"href":"https:\/\/pesu24.ee\/en\/wp-json\/wp\/v2\/product_cat?post=22246"},{"taxonomy":"product_tag","embeddable":true,"href":"https:\/\/pesu24.ee\/en\/wp-json\/wp\/v2\/product_tag?post=22246"}],"curies":[{"name":"wp","href":"https:\/\/api.w.org\/{rel}","templated":true}]}}