{"id":22247,"date":"2025-08-18T23:15:35","date_gmt":"2025-08-18T20:15:35","guid":{"rendered":"https:\/\/pesu24.ee\/?post_type=product&#038;p=22247"},"modified":"2026-03-23T11:43:55","modified_gmt":"2026-03-23T09:43:55","slug":"6-osaline-seksikas-kostuum-obsessive-silveria","status":"publish","type":"product","link":"https:\/\/pesu24.ee\/en\/kostuumid\/6-osaline-seksikas-kostuum-obsessive-silveria\/","title":{"rendered":"6-osaline seksikas kost\u00fc\u00fcm Obsessive Silveria"},"content":{"rendered":"<p>K\u00f5ige vapustavam komplekt, mida olete kunagi n\u00e4inud? Ahjaa, see on siin! Naiselik, v\u00f5rgutav, kuum ja ulakas &#8211; see on Silveria. Ole valmis t\u00f5eliselt metsikuks elamuseks. Selles kost\u00fc\u00fcmis on nii palju vapustavaid esemeid, mis muudavad teid &#8220;mestikuks kassiks&#8221;.<\/p>\n<p><span style=\"color: #008000;\"><strong>KOMPLEKT SISALDAB:<\/strong><\/span><\/p>\n<ul>\n<li>top<\/li>\n<li>p\u00fcksikud<\/li>\n<li>kaelav\u00f5ru<\/li>\n<li>kindad<\/li>\n<li>v\u00f6\u00f6<\/li>\n<li>k\u00f5rvad<\/li>\n<\/ul>\n<p><span style=\"color: #008000;\"><strong>DETAILS:<\/strong><\/span><\/p>\n<ul>\n<li>top koos tugikaarte ja osaliselt polsterdatud rinnakorviga<\/li>\n<li>reguleeritavad \u00f5lapaelad<\/li>\n<li>mugav ning elastne materjal<\/li>\n<li>toode on saadaval kahes suuruses: S\/M ja L\/XL<\/li>\n<li>NB! piits ei tule tootega kaasa<\/li>\n<\/ul>\n<p>Komplektiga sobib ideaalselt kokku <a class=\"sex_shop\" href=\"https:\/\/loveshop.ee\/online-sekspood\/fetish\/piitsad\/piits-obsessive-silveria\/\">Obsessive Silveria piits<\/a> v\u00f5i m\u00f5ni muu <a class=\"sex_shop\" href=\"https:\/\/loveshop.ee\/tooted\/fetish\/piitsad\/\">piits<\/a> meie tootevalikust.<\/p>\n<p><span style=\"color: #008000;\"><strong>VIDEO<\/strong><\/span><\/p>\n<div class=\"video-container\"><iframe loading=\"lazy\" title=\"KR\u00c1SN\u00dd SET SILVERIA - OBSESSIVE\" width=\"500\" height=\"281\" src=\"https:\/\/www.youtube.com\/embed\/LmxEk7xLjtg?feature=oembed&#038;wmode=opaque\" frameborder=\"0\" allow=\"accelerometer; autoplay; clipboard-write; encrypted-media; gyroscope; picture-in-picture; web-share\" referrerpolicy=\"strict-origin-when-cross-origin\" allowfullscreen><\/iframe><\/div>","protected":false},"excerpt":{"rendered":"<p>https:\/\/www.youtube.com\/watch?v=LmxEk7xLjtg<\/p>","protected":false},"featured_media":20483,"comment_status":"open","ping_status":"closed","template":"","meta":{"_glsr_average":0,"_glsr_ranking":0,"_glsr_reviews":0},"product_brand":[500],"product_cat":[111],"product_tag":[160],"class_list":{"0":"post-22247","1":"product","2":"type-product","3":"status-publish","4":"has-post-thumbnail","6":"product_brand-obsessive","7":"product_cat-kostuumid","8":"product_tag-obsessive","9":"pa_suurus-l-xl","10":"pa_suurus-s-m","12":"first","13":"instock","14":"sale","15":"sold-individually","16":"taxable","17":"shipping-taxable","18":"purchasable","19":"product-type-variable"},"_links":{"self":[{"href":"https:\/\/pesu24.ee\/en\/wp-json\/wp\/v2\/product\/22247","targetHints":{"allow":["GET"]}}],"collection":[{"href":"https:\/\/pesu24.ee\/en\/wp-json\/wp\/v2\/product"}],"about":[{"href":"https:\/\/pesu24.ee\/en\/wp-json\/wp\/v2\/types\/product"}],"replies":[{"embeddable":true,"href":"https:\/\/pesu24.ee\/en\/wp-json\/wp\/v2\/comments?post=22247"}],"wp:featuredmedia":[{"embeddable":true,"href":"https:\/\/pesu24.ee\/en\/wp-json\/wp\/v2\/media\/20483"}],"wp:attachment":[{"href":"https:\/\/pesu24.ee\/en\/wp-json\/wp\/v2\/media?parent=22247"}],"wp:term":[{"taxonomy":"product_brand","embeddable":true,"href":"https:\/\/pesu24.ee\/en\/wp-json\/wp\/v2\/product_brand?post=22247"},{"taxonomy":"product_cat","embeddable":true,"href":"https:\/\/pesu24.ee\/en\/wp-json\/wp\/v2\/product_cat?post=22247"},{"taxonomy":"product_tag","embeddable":true,"href":"https:\/\/pesu24.ee\/en\/wp-json\/wp\/v2\/product_tag?post=22247"}],"curies":[{"name":"wp","href":"https:\/\/api.w.org\/{rel}","templated":true}]}}