{"id":22248,"date":"2025-08-18T23:15:35","date_gmt":"2025-08-18T20:15:35","guid":{"rendered":"https:\/\/pesu24.ee\/?post_type=product&#038;p=22248"},"modified":"2026-03-23T11:43:32","modified_gmt":"2026-03-23T09:43:32","slug":"5-osaline-kostuum-obsessive-medica","status":"publish","type":"product","link":"https:\/\/pesu24.ee\/en\/kostuumid\/5-osaline-kostuum-obsessive-medica\/","title":{"rendered":"5-osaline kost\u00fc\u00fcm Obsessive Medica"},"content":{"rendered":"<p>Obsessive Medica on sensuaalne 5-osaline arstit\u00fcdruku kost\u00fc\u00fcm, millega saate m\u00e4ngida erinevaid rollim\u00e4nge patsiendi ja arsti vahel.<\/p>\n<p><span style=\"color: #008000;\"><strong>KOMPLEKT SISALDAB:<\/strong><\/span><\/p>\n<ul>\n<li>m\u00fcts<\/li>\n<li>kleidike<\/li>\n<li>stringid<\/li>\n<li>kindad<\/li>\n<li>stetoskoop<\/li>\n<\/ul>\n<p><span style=\"color: #008000;\"><strong>DETAILS:<\/strong><\/span><\/p>\n<ul>\n<li>kleidike seksika lillemotiivilise pitsiga<\/li>\n<li>reguleeritavad \u00f5lapaelad<\/li>\n<li>avar dekoltee<\/li>\n<li>avatud selg<\/li>\n<li>mugav ja elastne materjal (90% pol\u00fcamiid, 10% elastaan)<\/li>\n<\/ul>","protected":false},"excerpt":{"rendered":"<p>&#46;&#46;&#46;<\/p>","protected":false},"featured_media":21340,"comment_status":"open","ping_status":"closed","template":"","meta":{"_glsr_average":0,"_glsr_ranking":0,"_glsr_reviews":0},"product_brand":[500],"product_cat":[111],"product_tag":[160],"class_list":{"0":"post-22248","1":"product","2":"type-product","3":"status-publish","4":"has-post-thumbnail","6":"product_brand-obsessive","7":"product_cat-kostuumid","8":"product_tag-obsessive","9":"pa_suurus-l-xl","10":"pa_suurus-s-m","12":"first","13":"instock","14":"sale","15":"sold-individually","16":"taxable","17":"shipping-taxable","18":"purchasable","19":"product-type-variable"},"_links":{"self":[{"href":"https:\/\/pesu24.ee\/en\/wp-json\/wp\/v2\/product\/22248","targetHints":{"allow":["GET"]}}],"collection":[{"href":"https:\/\/pesu24.ee\/en\/wp-json\/wp\/v2\/product"}],"about":[{"href":"https:\/\/pesu24.ee\/en\/wp-json\/wp\/v2\/types\/product"}],"replies":[{"embeddable":true,"href":"https:\/\/pesu24.ee\/en\/wp-json\/wp\/v2\/comments?post=22248"}],"wp:featuredmedia":[{"embeddable":true,"href":"https:\/\/pesu24.ee\/en\/wp-json\/wp\/v2\/media\/21340"}],"wp:attachment":[{"href":"https:\/\/pesu24.ee\/en\/wp-json\/wp\/v2\/media?parent=22248"}],"wp:term":[{"taxonomy":"product_brand","embeddable":true,"href":"https:\/\/pesu24.ee\/en\/wp-json\/wp\/v2\/product_brand?post=22248"},{"taxonomy":"product_cat","embeddable":true,"href":"https:\/\/pesu24.ee\/en\/wp-json\/wp\/v2\/product_cat?post=22248"},{"taxonomy":"product_tag","embeddable":true,"href":"https:\/\/pesu24.ee\/en\/wp-json\/wp\/v2\/product_tag?post=22248"}],"curies":[{"name":"wp","href":"https:\/\/api.w.org\/{rel}","templated":true}]}}