{"id":22249,"date":"2025-08-18T23:15:35","date_gmt":"2025-08-18T20:15:35","guid":{"rendered":"https:\/\/pesu24.ee\/?post_type=product&#038;p=22249"},"modified":"2025-08-20T14:53:47","modified_gmt":"2025-08-20T11:53:47","slug":"5-osaline-koolitudruku-kostuum-obsessive-schooly","status":"publish","type":"product","link":"https:\/\/pesu24.ee\/en\/kostuumid\/5-osaline-koolitudruku-kostuum-obsessive-schooly\/","title":{"rendered":"5-osaline koolit\u00fcdruku kost\u00fc\u00fcm Obsessive Schooly"},"content":{"rendered":"<p>5-osaline kost\u00fc\u00fcm Obsessive Schooly on vallatu ja stiilne rollikost\u00fc\u00fcm, mis viib sind tagasi kooliaega, kuid hoopis kelmikamas v\u00f5tmes. Komplekti kuuluvad l\u00fchike yop, miniseelik, stringid, sukad ja 2 kummipatsi \u2013 k\u00f5ik detailid on omavahel hoolikalt sobitatud, et luua ahvatlev ja m\u00e4nguline kooslus.<\/p>\n<p>Obsessive Schooly on loodud naistele, kes hindavad enesekindlat ja m\u00e4ngulist stiili. K\u00f5rge kvaliteediga materjalid tagavad mugavuse ja hea istuvuse, samas kui nutikalt valitud detailid loovad pilkup\u00fc\u00fcdva ja meeldej\u00e4\u00e4va mulje. See on kost\u00fc\u00fcm, mis paneb fantaasia t\u00f6\u00f6le ja pakub p\u00f5nevust igasse \u00f6\u00f6sse.<\/p>\n<p><span style=\"color: #008000;\"><strong>KOMPLEKT SISALDAB:<\/strong><\/span><\/p>\n<ul>\n<li>top<\/li>\n<li>miniseelik<\/li>\n<li>stringid<\/li>\n<li>sukad<\/li>\n<li>2 kummipatsi<\/li>\n<\/ul>\n<p><span style=\"color: #008000;\"><strong>DETAILS:<\/strong><\/span><\/p>\n<ul>\n<li>avar dekoltee<\/li>\n<li>tagant haakidega kinnituv<\/li>\n<li>\u0161oti stiilis mustriga<\/li>\n<li>seelikul v\u00f6\u00f6<\/li>\n<li>mugav ja elastne materjal (89% pol\u00fcester, 11% elastaan)<\/li>\n<\/ul>","protected":false},"excerpt":{"rendered":"<p>&#46;&#46;&#46;<\/p>","protected":false},"featured_media":21345,"comment_status":"open","ping_status":"closed","template":"","meta":{"_glsr_average":0,"_glsr_ranking":0,"_glsr_reviews":0},"product_brand":[500],"product_cat":[111],"product_tag":[160],"class_list":{"0":"post-22249","1":"product","2":"type-product","3":"status-publish","4":"has-post-thumbnail","6":"product_brand-obsessive","7":"product_cat-kostuumid","8":"product_tag-obsessive","9":"pa_suurus-l-xl","10":"pa_suurus-s-m","12":"first","13":"instock","14":"sold-individually","15":"taxable","16":"shipping-taxable","17":"purchasable","18":"product-type-variable"},"_links":{"self":[{"href":"https:\/\/pesu24.ee\/en\/wp-json\/wp\/v2\/product\/22249","targetHints":{"allow":["GET"]}}],"collection":[{"href":"https:\/\/pesu24.ee\/en\/wp-json\/wp\/v2\/product"}],"about":[{"href":"https:\/\/pesu24.ee\/en\/wp-json\/wp\/v2\/types\/product"}],"replies":[{"embeddable":true,"href":"https:\/\/pesu24.ee\/en\/wp-json\/wp\/v2\/comments?post=22249"}],"wp:featuredmedia":[{"embeddable":true,"href":"https:\/\/pesu24.ee\/en\/wp-json\/wp\/v2\/media\/21345"}],"wp:attachment":[{"href":"https:\/\/pesu24.ee\/en\/wp-json\/wp\/v2\/media?parent=22249"}],"wp:term":[{"taxonomy":"product_brand","embeddable":true,"href":"https:\/\/pesu24.ee\/en\/wp-json\/wp\/v2\/product_brand?post=22249"},{"taxonomy":"product_cat","embeddable":true,"href":"https:\/\/pesu24.ee\/en\/wp-json\/wp\/v2\/product_cat?post=22249"},{"taxonomy":"product_tag","embeddable":true,"href":"https:\/\/pesu24.ee\/en\/wp-json\/wp\/v2\/product_tag?post=22249"}],"curies":[{"name":"wp","href":"https:\/\/api.w.org\/{rel}","templated":true}]}}