{"id":22251,"date":"2025-08-18T23:15:35","date_gmt":"2025-08-18T20:15:35","guid":{"rendered":"https:\/\/pesu24.ee\/?post_type=product&#038;p=22251"},"modified":"2025-08-21T16:24:02","modified_gmt":"2025-08-21T13:24:02","slug":"3-osaline-kostuum-obsessive-frilles","status":"publish","type":"product","link":"https:\/\/pesu24.ee\/en\/kostuumid\/3-osaline-kostuum-obsessive-frilles\/","title":{"rendered":"3-osaline kost\u00fc\u00fcm Obsessive Frilles"},"content":{"rendered":"<p>Obsessive Frilles kost\u00fc\u00fcm peletab igast magamistoast igavuse v\u00e4lja. Kost\u00fc\u00fcm toob oma elegantse stiiliga esile naiselikud rinnad ja tuharad ning selle ebatavaline l\u00f5ige muudab teie jalad optiliselt r\u00f5hutatuks ja \u00f5lad on sensuaalselt paljastatud.<\/p>\n<p><span style=\"color: #008000;\"><strong>KOMPLEKT SISALDAB:<\/strong><\/span><\/p>\n<ul>\n<li>body (alt avatav)<\/li>\n<li>t\u00fcllist seelik<\/li>\n<li>peav\u00f5ru<\/li>\n<\/ul>\n<p><span style=\"color: #008000;\"><strong>DETAILS:<\/strong><\/span><\/p>\n<ul>\n<li>kaunistatud lillelise pitsiga<\/li>\n<li>kaela tagant kinnituv<\/li>\n<li>body alt avatav<\/li>\n<li>seelik selja pealt seotav satiinist paelaga<\/li>\n<li>k\u00f5hu peal kuldne ripats<\/li>\n<li>saadaval kolmes suuruses: S\/M, L\/XL, 2XL\/3XL<\/li>\n<li>mugav ja elastne materjal (90% pol\u00fcamiid, 10% elastaan)<\/li>\n<\/ul>\n<p>Kombineerige komplekt endale meelep\u00e4rase <a href=\"https:\/\/loveshop.ee\/tooted\/fetish\/piitsad\/\">piitsa v\u00f5i k\u00f5distiga<\/a> ning romantilisema \u00f5hustiku loomiseks soovitame kasutada feromoonidega rikastatud Obsessive Fun parf\u00fc\u00fcmi.<\/p>","protected":false},"excerpt":{"rendered":"<p>&#46;&#46;&#46;<\/p>","protected":false},"featured_media":21560,"comment_status":"open","ping_status":"closed","template":"","meta":{"_glsr_average":0,"_glsr_ranking":0,"_glsr_reviews":0},"product_brand":[500],"product_cat":[111],"product_tag":[160],"class_list":{"0":"post-22251","1":"product","2":"type-product","3":"status-publish","4":"has-post-thumbnail","6":"product_brand-obsessive","7":"product_cat-kostuumid","8":"product_tag-obsessive","9":"pa_suurus-l-xl","10":"pa_suurus-s-m","11":"pa_suurus-xxl","12":"pa_varvus-must","14":"first","15":"instock","16":"sold-individually","17":"taxable","18":"shipping-taxable","19":"purchasable","20":"product-type-variable"},"_links":{"self":[{"href":"https:\/\/pesu24.ee\/en\/wp-json\/wp\/v2\/product\/22251","targetHints":{"allow":["GET"]}}],"collection":[{"href":"https:\/\/pesu24.ee\/en\/wp-json\/wp\/v2\/product"}],"about":[{"href":"https:\/\/pesu24.ee\/en\/wp-json\/wp\/v2\/types\/product"}],"replies":[{"embeddable":true,"href":"https:\/\/pesu24.ee\/en\/wp-json\/wp\/v2\/comments?post=22251"}],"wp:featuredmedia":[{"embeddable":true,"href":"https:\/\/pesu24.ee\/en\/wp-json\/wp\/v2\/media\/21560"}],"wp:attachment":[{"href":"https:\/\/pesu24.ee\/en\/wp-json\/wp\/v2\/media?parent=22251"}],"wp:term":[{"taxonomy":"product_brand","embeddable":true,"href":"https:\/\/pesu24.ee\/en\/wp-json\/wp\/v2\/product_brand?post=22251"},{"taxonomy":"product_cat","embeddable":true,"href":"https:\/\/pesu24.ee\/en\/wp-json\/wp\/v2\/product_cat?post=22251"},{"taxonomy":"product_tag","embeddable":true,"href":"https:\/\/pesu24.ee\/en\/wp-json\/wp\/v2\/product_tag?post=22251"}],"curies":[{"name":"wp","href":"https:\/\/api.w.org\/{rel}","templated":true}]}}