{"id":22252,"date":"2025-08-18T23:15:35","date_gmt":"2025-08-18T20:15:35","guid":{"rendered":"https:\/\/pesu24.ee\/?post_type=product&#038;p=22252"},"modified":"2025-08-20T14:53:47","modified_gmt":"2025-08-20T11:53:47","slug":"4-osaline-kostuum-obsessive-neo-goldes","status":"publish","type":"product","link":"https:\/\/pesu24.ee\/en\/kostuumid\/4-osaline-kostuum-obsessive-neo-goldes\/","title":{"rendered":"4-osaline kost\u00fc\u00fcm Obsessive Neo Goldes"},"content":{"rendered":"<p>Obsessive Neo Goldes j\u00e4nese teemaline kost\u00fc\u00fcm on valmistatud l\u00e4ikiva p\u00e4rli efektiga kangast, mis toob suurep\u00e4raselt esile naiselikud vormid ja kumerused.<\/p>\n<p><span style=\"color: #008000;\"><strong>KOMPLEKT SISALDAB:<\/strong><\/span><\/p>\n<ul>\n<li>rinnahoidja<\/li>\n<li>p\u00fcksikud<\/li>\n<li>lips<\/li>\n<li>peav\u00f5ru k\u00f5rvadega<\/li>\n<\/ul>\n<p><span style=\"color: #008000;\"><strong>DETAILS:<\/strong><\/span><\/p>\n<ul>\n<li>l\u00e4ikiva p\u00e4rli efektiga kuldne kangas<\/li>\n<li>reguleeritavad \u00f5lapaelad<\/li>\n<li>pehme rinnakorviga rinnahoidja<\/li>\n<li>k\u00f5rge pihaga p\u00fcksikud<\/li>\n<li>saadaval kolmes suuruses: S\/M, L\/XL, 2XL\/3XL<\/li>\n<li>mugav ja elastne materjal (82% pol\u00fcamiid, 18% elastaan)<\/li>\n<\/ul>\n<p><span style=\"color: #008000;\"><strong>VIDEO<\/strong><\/span><\/p>\n<div class=\"video-container\"><iframe loading=\"lazy\" title=\"SEXY KOST\u00ddM NEO GOLDES - OBSESSIVE\" width=\"500\" height=\"281\" src=\"https:\/\/www.youtube.com\/embed\/TPC61FojlCA?feature=oembed&#038;wmode=opaque\" frameborder=\"0\" allow=\"accelerometer; autoplay; clipboard-write; encrypted-media; gyroscope; picture-in-picture; web-share\" referrerpolicy=\"strict-origin-when-cross-origin\" allowfullscreen><\/iframe><\/div>","protected":false},"excerpt":{"rendered":"<p>&#46;&#46;&#46;<\/p>","protected":false},"featured_media":21573,"comment_status":"open","ping_status":"closed","template":"","meta":{"_glsr_average":0,"_glsr_ranking":0,"_glsr_reviews":0},"product_brand":[500],"product_cat":[111],"product_tag":[160],"class_list":{"0":"post-22252","1":"product","2":"type-product","3":"status-publish","4":"has-post-thumbnail","6":"product_brand-obsessive","7":"product_cat-kostuumid","8":"product_tag-obsessive","9":"pa_suurus-l-xl","10":"pa_suurus-s-m","11":"pa_suurus-xxl","12":"pa_varvus-kuldne","14":"first","15":"instock","16":"sold-individually","17":"taxable","18":"shipping-taxable","19":"purchasable","20":"product-type-variable"},"_links":{"self":[{"href":"https:\/\/pesu24.ee\/en\/wp-json\/wp\/v2\/product\/22252","targetHints":{"allow":["GET"]}}],"collection":[{"href":"https:\/\/pesu24.ee\/en\/wp-json\/wp\/v2\/product"}],"about":[{"href":"https:\/\/pesu24.ee\/en\/wp-json\/wp\/v2\/types\/product"}],"replies":[{"embeddable":true,"href":"https:\/\/pesu24.ee\/en\/wp-json\/wp\/v2\/comments?post=22252"}],"wp:featuredmedia":[{"embeddable":true,"href":"https:\/\/pesu24.ee\/en\/wp-json\/wp\/v2\/media\/21573"}],"wp:attachment":[{"href":"https:\/\/pesu24.ee\/en\/wp-json\/wp\/v2\/media?parent=22252"}],"wp:term":[{"taxonomy":"product_brand","embeddable":true,"href":"https:\/\/pesu24.ee\/en\/wp-json\/wp\/v2\/product_brand?post=22252"},{"taxonomy":"product_cat","embeddable":true,"href":"https:\/\/pesu24.ee\/en\/wp-json\/wp\/v2\/product_cat?post=22252"},{"taxonomy":"product_tag","embeddable":true,"href":"https:\/\/pesu24.ee\/en\/wp-json\/wp\/v2\/product_tag?post=22252"}],"curies":[{"name":"wp","href":"https:\/\/api.w.org\/{rel}","templated":true}]}}