{"id":22253,"date":"2025-08-18T23:15:35","date_gmt":"2025-08-18T20:15:35","guid":{"rendered":"https:\/\/pesu24.ee\/?post_type=product&#038;p=22253"},"modified":"2026-03-23T11:43:08","modified_gmt":"2026-03-23T09:43:08","slug":"4-osaline-vampiiritari-kostuum-obsessive-vampines","status":"publish","type":"product","link":"https:\/\/pesu24.ee\/en\/kostuumid\/4-osaline-vampiiritari-kostuum-obsessive-vampines\/","title":{"rendered":"4-osaline vampiiritari kost\u00fc\u00fcm Obsessive Vampines"},"content":{"rendered":"<p>Obsessive Vampines on erakordselt naiselik ja kelmikas vampiiritari komplekt, mis murrab sekundiga magamistuppa tekkinud rutiini.<\/p>\n<p><span style=\"color: #008000;\"><strong>KOMPLEKT SISALDAB:<\/strong><\/span><\/p>\n<ul>\n<li>rinnahoidja<\/li>\n<li>stringid<\/li>\n<li>k\u00e4ised<\/li>\n<li>krae<\/li>\n<\/ul>\n<p><span style=\"color: #008000;\"><strong>DETAILS:<\/strong><\/span><\/p>\n<ul>\n<li>valmistatud l\u00e4ikivast punasest kangast<\/li>\n<li>rinnahoidjal pehme rinnakorv<\/li>\n<li>rinnahoidja kaela tagant kinnituv<\/li>\n<li>stringidel taga osas paelad<\/li>\n<li>rinnahoidjal v\u00e4ljal\u00f5iked<\/li>\n<li>mugav &amp; elastne materjal (90% pol\u00fcamiid, 10% elastaan)<\/li>\n<\/ul>\n<p>Vampiiritari kost\u00fc\u00fcm sobib ideaalselt kokku <a href=\"https:\/\/pesu24.ee\/en\/aksessuaarid\/\">Obsesive Evilia piitsaga<\/a>. Erilise \u00f5hustiku tekitamiseks, kasutage Obsessive Fun feromoonidega rikastatud parf\u00fc\u00fcmi.<\/p>\n<p><span style=\"color: #008000;\"><strong>VIDEO<\/strong><\/span><\/p>\n<div class=\"video-container\"><iframe loading=\"lazy\" title=\"\u017dHAV\u00dd KOST\u00ddM VAMPINES - OBSESSIVE\" width=\"500\" height=\"281\" src=\"https:\/\/www.youtube.com\/embed\/xZzi6Z3-2fc?feature=oembed&#038;wmode=opaque\" frameborder=\"0\" allow=\"accelerometer; autoplay; clipboard-write; encrypted-media; gyroscope; picture-in-picture; web-share\" referrerpolicy=\"strict-origin-when-cross-origin\" allowfullscreen><\/iframe><\/div>","protected":false},"excerpt":{"rendered":"<p>https:\/\/www.youtube.com\/watch?v=xZzi6Z3-2fc<\/p>","protected":false},"featured_media":21584,"comment_status":"open","ping_status":"closed","template":"","meta":{"_glsr_average":0,"_glsr_ranking":0,"_glsr_reviews":0},"product_brand":[500],"product_cat":[111],"product_tag":[398,160],"class_list":{"0":"post-22253","1":"product","2":"type-product","3":"status-publish","4":"has-post-thumbnail","6":"product_brand-obsessive","7":"product_cat-kostuumid","8":"product_tag-latekspesu","9":"product_tag-obsessive","10":"pa_suurus-l-xl","11":"pa_suurus-s-m","12":"pa_varvus-punane","14":"first","15":"instock","16":"sale","17":"sold-individually","18":"taxable","19":"shipping-taxable","20":"purchasable","21":"product-type-variable"},"_links":{"self":[{"href":"https:\/\/pesu24.ee\/en\/wp-json\/wp\/v2\/product\/22253","targetHints":{"allow":["GET"]}}],"collection":[{"href":"https:\/\/pesu24.ee\/en\/wp-json\/wp\/v2\/product"}],"about":[{"href":"https:\/\/pesu24.ee\/en\/wp-json\/wp\/v2\/types\/product"}],"replies":[{"embeddable":true,"href":"https:\/\/pesu24.ee\/en\/wp-json\/wp\/v2\/comments?post=22253"}],"wp:featuredmedia":[{"embeddable":true,"href":"https:\/\/pesu24.ee\/en\/wp-json\/wp\/v2\/media\/21584"}],"wp:attachment":[{"href":"https:\/\/pesu24.ee\/en\/wp-json\/wp\/v2\/media?parent=22253"}],"wp:term":[{"taxonomy":"product_brand","embeddable":true,"href":"https:\/\/pesu24.ee\/en\/wp-json\/wp\/v2\/product_brand?post=22253"},{"taxonomy":"product_cat","embeddable":true,"href":"https:\/\/pesu24.ee\/en\/wp-json\/wp\/v2\/product_cat?post=22253"},{"taxonomy":"product_tag","embeddable":true,"href":"https:\/\/pesu24.ee\/en\/wp-json\/wp\/v2\/product_tag?post=22253"}],"curies":[{"name":"wp","href":"https:\/\/api.w.org\/{rel}","templated":true}]}}