{"id":22254,"date":"2025-08-18T23:15:35","date_gmt":"2025-08-18T20:15:35","guid":{"rendered":"https:\/\/pesu24.ee\/?post_type=product&#038;p=22254"},"modified":"2026-03-23T11:44:23","modified_gmt":"2026-03-23T09:44:23","slug":"aksessuaaridega-body-obsessive-kissmas","status":"publish","type":"product","link":"https:\/\/pesu24.ee\/en\/bodyd\/aksessuaaridega-body-obsessive-kissmas\/","title":{"rendered":"Aksessuaaridega body Obsessive Kissmas"},"content":{"rendered":"<p><strong>Aksessuaaridega body Obsessive Kissmas on osa <a href=\"https:\/\/pesu24.ee\/en\/omadus\/obsessive-joulukollektsioonid\/\">Obsessive j\u00f5ulukollektsioonist<\/a>. Ilma j\u00f5ulum\u00fctsita on tegu t\u00e4iesti tavalise punase bodyga, mida saab kanda ka hooaja v\u00e4liselt.<\/strong><\/p>\n<p>Komplektiga kaasas m\u00fcts ning lisaks kaelarihma on v\u00f5imalik eemaldada. Elastne Multistretch kangas tagab ideaalse sobivuse. Lisaks v\u00e4ga mugav kanda ning erutavalt m\u00f5nus ja meeldiv keha vastas tunda kui ka puudutada.<\/p>\n<p>Tutvuge ka teiste\u00a0<a href=\"https:\/\/pesu24.ee\/en\/omadus\/obsessive-christmas\/\">Obsessive Christmas<\/a>\u00a0pesukollektsiooni toodetega.<\/p>\n<p><span style=\"color: #008000;\"><strong>KOMPLEKT SISALDAB:<\/strong><\/span><\/p>\n<ul>\n<li>body<\/li>\n<li>m\u00fcts<\/li>\n<li>sukad<\/li>\n<li>kaelav\u00f6\u00f6<\/li>\n<\/ul>\n<p><span style=\"color: #008000;\"><strong>DETAILS<\/strong><\/span><\/p>\n<ul>\n<li>punane body<\/li>\n<li>komplektis j\u00f5ulum\u00fcts<\/li>\n<li>kaelapaela v\u00f5imalik eemaldada<\/li>\n<li>elastne Multistretch kangas<\/li>\n<li>v\u00e4ga m\u00f5nus ja meeldiv keha vastas tunda<\/li>\n<li>85% polyamide, 15% elastane<\/li>\n<\/ul>\n<p>Komplekt sisaldab ka fotodel olevaid 50DEN-iseid sukkasid. Sukkade t\u00e4pse kirjelduse leiab <a href=\"https:\/\/pesu24.ee\/en\/sukad\/\">SIIT<\/a>. Lisaks on saadaval ka <a href=\"https:\/\/pesu24.ee\/en\/pesukomplektid\/4-osaline-aksessuaaridega-pesukomplekt-obsessive-kissmas\/\">Kissmas pesukomplekt<\/a> ja <a href=\"https:\/\/pesu24.ee\/en\/oosargid\/aksessuaaridega-oosark-obsessive-kissmas\/\">Kissmas \u00f6\u00f6s\u00e4rk<\/a>.<\/p>","protected":false},"excerpt":{"rendered":"<p>&#46;&#46;&#46;<\/p>","protected":false},"featured_media":13546,"comment_status":"open","ping_status":"closed","template":"","meta":{"_glsr_average":0,"_glsr_ranking":0,"_glsr_reviews":0},"product_brand":[500],"product_cat":[89,111],"product_tag":[160,413,414],"class_list":{"0":"post-22254","1":"product","2":"type-product","3":"status-publish","4":"has-post-thumbnail","6":"product_brand-obsessive","7":"product_cat-bodyd","8":"product_cat-kostuumid","9":"product_tag-obsessive","10":"product_tag-obsessive-christmas","11":"product_tag-obsessive-joulukollektsioonid","12":"pa_suurus-l-xl","13":"pa_suurus-m-l","14":"pa_suurus-xs-s","15":"pa_varvus-punane","17":"first","18":"instock","19":"sale","20":"sold-individually","21":"taxable","22":"shipping-taxable","23":"purchasable","24":"product-type-variable"},"_links":{"self":[{"href":"https:\/\/pesu24.ee\/en\/wp-json\/wp\/v2\/product\/22254","targetHints":{"allow":["GET"]}}],"collection":[{"href":"https:\/\/pesu24.ee\/en\/wp-json\/wp\/v2\/product"}],"about":[{"href":"https:\/\/pesu24.ee\/en\/wp-json\/wp\/v2\/types\/product"}],"replies":[{"embeddable":true,"href":"https:\/\/pesu24.ee\/en\/wp-json\/wp\/v2\/comments?post=22254"}],"wp:featuredmedia":[{"embeddable":true,"href":"https:\/\/pesu24.ee\/en\/wp-json\/wp\/v2\/media\/13546"}],"wp:attachment":[{"href":"https:\/\/pesu24.ee\/en\/wp-json\/wp\/v2\/media?parent=22254"}],"wp:term":[{"taxonomy":"product_brand","embeddable":true,"href":"https:\/\/pesu24.ee\/en\/wp-json\/wp\/v2\/product_brand?post=22254"},{"taxonomy":"product_cat","embeddable":true,"href":"https:\/\/pesu24.ee\/en\/wp-json\/wp\/v2\/product_cat?post=22254"},{"taxonomy":"product_tag","embeddable":true,"href":"https:\/\/pesu24.ee\/en\/wp-json\/wp\/v2\/product_tag?post=22254"}],"curies":[{"name":"wp","href":"https:\/\/api.w.org\/{rel}","templated":true}]}}