{"id":22256,"date":"2025-08-18T23:15:35","date_gmt":"2025-08-18T20:15:35","guid":{"rendered":"https:\/\/pesu24.ee\/?post_type=product&#038;p=22256"},"modified":"2025-08-20T14:53:47","modified_gmt":"2025-08-20T11:53:47","slug":"4-osaline-kostuum-obsessive-student","status":"publish","type":"product","link":"https:\/\/pesu24.ee\/en\/kostuumid\/4-osaline-kostuum-obsessive-student\/","title":{"rendered":"4-osaline kost\u00fc\u00fcm Obsessive Student"},"content":{"rendered":"<p>Obsessive Student on seksikas 4-osaline koolit\u00fcdruku kost\u00fc\u00fcm, millega abil saate m\u00e4ngida erinevaid rollim\u00e4nge ja ellu viia oma fantaasiaid. Koolit\u00fcdruku komplekt on \u00fclimalt naiselik ja seksikas, mist\u00f5ttu on raske temast k\u00e4si eemal hoida ..<\/p>\n<p><span style=\"color: #008000;\"><strong>KOMPLEKT SISALDAB:<\/strong><\/span><\/p>\n<ul>\n<li>top<\/li>\n<li>seelik<\/li>\n<li>stringid<\/li>\n<li>p\u00f5lvikud<\/li>\n<\/ul>\n<p><span style=\"color: #008000;\"><strong>DETAILS:<\/strong><\/span><\/p>\n<ul>\n<li>seksikas &amp; naiselik k\u00fcstuum<\/li>\n<li>top&#8217;il sensuaalne lipsuke<\/li>\n<li>v\u00f5rgutav miniseelik<\/li>\n<li>mugav ja elastne materjal (88% pol\u00fcester, 12% elastaan)<\/li>\n<\/ul>\n<p><span style=\"color: #008000;\"><strong>VIDEO<\/strong><\/span><\/p>\n<div class=\"video-container\"><iframe loading=\"lazy\" title=\"SEXY KOST\u00ddM STUDENT - OBSESSIVE\" width=\"500\" height=\"281\" src=\"https:\/\/www.youtube.com\/embed\/SNYa7dmOpwc?feature=oembed&#038;wmode=opaque\" frameborder=\"0\" allow=\"accelerometer; autoplay; clipboard-write; encrypted-media; gyroscope; picture-in-picture; web-share\" referrerpolicy=\"strict-origin-when-cross-origin\" allowfullscreen><\/iframe><\/div>","protected":false},"excerpt":{"rendered":"<p>&#46;&#46;&#46;<\/p>","protected":false},"featured_media":22279,"comment_status":"open","ping_status":"closed","template":"","meta":{"_glsr_average":0,"_glsr_ranking":0,"_glsr_reviews":0},"product_brand":[500],"product_cat":[111],"product_tag":[160],"class_list":{"0":"post-22256","1":"product","2":"type-product","3":"status-publish","4":"has-post-thumbnail","6":"product_brand-obsessive","7":"product_cat-kostuumid","8":"product_tag-obsessive","9":"pa_suurus-l-xl","10":"pa_suurus-s-m","12":"first","13":"instock","14":"sold-individually","15":"taxable","16":"shipping-taxable","17":"purchasable","18":"product-type-variable"},"_links":{"self":[{"href":"https:\/\/pesu24.ee\/en\/wp-json\/wp\/v2\/product\/22256","targetHints":{"allow":["GET"]}}],"collection":[{"href":"https:\/\/pesu24.ee\/en\/wp-json\/wp\/v2\/product"}],"about":[{"href":"https:\/\/pesu24.ee\/en\/wp-json\/wp\/v2\/types\/product"}],"replies":[{"embeddable":true,"href":"https:\/\/pesu24.ee\/en\/wp-json\/wp\/v2\/comments?post=22256"}],"wp:featuredmedia":[{"embeddable":true,"href":"https:\/\/pesu24.ee\/en\/wp-json\/wp\/v2\/media\/22279"}],"wp:attachment":[{"href":"https:\/\/pesu24.ee\/en\/wp-json\/wp\/v2\/media?parent=22256"}],"wp:term":[{"taxonomy":"product_brand","embeddable":true,"href":"https:\/\/pesu24.ee\/en\/wp-json\/wp\/v2\/product_brand?post=22256"},{"taxonomy":"product_cat","embeddable":true,"href":"https:\/\/pesu24.ee\/en\/wp-json\/wp\/v2\/product_cat?post=22256"},{"taxonomy":"product_tag","embeddable":true,"href":"https:\/\/pesu24.ee\/en\/wp-json\/wp\/v2\/product_tag?post=22256"}],"curies":[{"name":"wp","href":"https:\/\/api.w.org\/{rel}","templated":true}]}}