{"id":22257,"date":"2025-08-18T23:15:35","date_gmt":"2025-08-18T20:15:35","guid":{"rendered":"https:\/\/pesu24.ee\/?post_type=product&#038;p=22257"},"modified":"2025-08-20T14:53:48","modified_gmt":"2025-08-20T11:53:48","slug":"3-osaline-kostuum-obsessive-gepardina","status":"publish","type":"product","link":"https:\/\/pesu24.ee\/en\/kostuumid\/3-osaline-kostuum-obsessive-gepardina\/","title":{"rendered":"3-osaline kost\u00fc\u00fcm Obsessive Gepardina"},"content":{"rendered":"<p>Obsessive Gepardina on seksikas gepardi mustriga 3-osaline kost\u00fc\u00fcm, millega abil saate m\u00e4ngida erinevaid rollim\u00e4nge ja ellu viia oma fantaasiaid. Gepardi t\u00fcdruku komplekt on v\u00e4lja kutsuv ning sensuaalne, millest ei suuda \u00fckski mees k\u00e4si eemal hoida ..<\/p>\n<p><span style=\"color: #008000;\"><strong>KOMPLEKT SISALDAB:<\/strong><\/span><\/p>\n<ul>\n<li>body<\/li>\n<li>eemaldatav saba<\/li>\n<li>peav\u00f5ru<\/li>\n<\/ul>\n<p><span style=\"color: #008000;\"><strong>DETAILS:<\/strong><\/span><\/p>\n<ul>\n<li>reguleeritavad \u00f5lapaelad<\/li>\n<li>taga astmeline kinnitus<\/li>\n<li>gepardi mustriga<\/li>\n<li>rinnakorvil tugikaared<\/li>\n<li>kaunistatud punaste lipsukestega<\/li>\n<li>eemaldatav saba<\/li>\n<li>mugav ja elastne materjal (82% pol\u00fcamiid, 18% elastaan)<\/li>\n<\/ul>\n<p><span style=\"color: #008000;\"><strong>VIDEO<\/strong><\/span><\/p>\n<div class=\"video-container\"><iframe loading=\"lazy\" title=\"SEXY KOST\u00ddM GEPARDINA - OBSESSIVE\" width=\"500\" height=\"281\" src=\"https:\/\/www.youtube.com\/embed\/A2AiCAFVcYo?feature=oembed&#038;wmode=opaque\" frameborder=\"0\" allow=\"accelerometer; autoplay; clipboard-write; encrypted-media; gyroscope; picture-in-picture; web-share\" referrerpolicy=\"strict-origin-when-cross-origin\" allowfullscreen><\/iframe><\/div>","protected":false},"excerpt":{"rendered":"<p>&#46;&#46;&#46;<\/p>","protected":false},"featured_media":22301,"comment_status":"open","ping_status":"closed","template":"","meta":{"_glsr_average":0,"_glsr_ranking":0,"_glsr_reviews":0},"product_brand":[500],"product_cat":[111],"product_tag":[160],"class_list":{"0":"post-22257","1":"product","2":"type-product","3":"status-publish","4":"has-post-thumbnail","6":"product_brand-obsessive","7":"product_cat-kostuumid","8":"product_tag-obsessive","9":"pa_suurus-l-xl","10":"pa_suurus-s-m","12":"first","13":"instock","14":"sold-individually","15":"taxable","16":"shipping-taxable","17":"purchasable","18":"product-type-variable"},"_links":{"self":[{"href":"https:\/\/pesu24.ee\/en\/wp-json\/wp\/v2\/product\/22257","targetHints":{"allow":["GET"]}}],"collection":[{"href":"https:\/\/pesu24.ee\/en\/wp-json\/wp\/v2\/product"}],"about":[{"href":"https:\/\/pesu24.ee\/en\/wp-json\/wp\/v2\/types\/product"}],"replies":[{"embeddable":true,"href":"https:\/\/pesu24.ee\/en\/wp-json\/wp\/v2\/comments?post=22257"}],"wp:featuredmedia":[{"embeddable":true,"href":"https:\/\/pesu24.ee\/en\/wp-json\/wp\/v2\/media\/22301"}],"wp:attachment":[{"href":"https:\/\/pesu24.ee\/en\/wp-json\/wp\/v2\/media?parent=22257"}],"wp:term":[{"taxonomy":"product_brand","embeddable":true,"href":"https:\/\/pesu24.ee\/en\/wp-json\/wp\/v2\/product_brand?post=22257"},{"taxonomy":"product_cat","embeddable":true,"href":"https:\/\/pesu24.ee\/en\/wp-json\/wp\/v2\/product_cat?post=22257"},{"taxonomy":"product_tag","embeddable":true,"href":"https:\/\/pesu24.ee\/en\/wp-json\/wp\/v2\/product_tag?post=22257"}],"curies":[{"name":"wp","href":"https:\/\/api.w.org\/{rel}","templated":true}]}}