{"id":22259,"date":"2025-08-18T23:15:36","date_gmt":"2025-08-18T20:15:36","guid":{"rendered":"https:\/\/pesu24.ee\/?post_type=product&#038;p=22259"},"modified":"2025-08-20T17:01:08","modified_gmt":"2025-08-20T14:01:08","slug":"4-osaline-kostuum-obsessive-maid","status":"publish","type":"product","link":"https:\/\/pesu24.ee\/en\/kostuumid\/4-osaline-kostuum-obsessive-maid\/","title":{"rendered":"4-osaline kost\u00fc\u00fcm Obsessive Maid"},"content":{"rendered":"<p>Obsessive Maid on sensuaalne 4-osaline kost\u00fc\u00fcm, mis sobib ideaalselt erinevateks rollim\u00e4ngudeks. Hellitage oma kaaslast selle kemika toat\u00fcdruku kost\u00fc\u00fcmiga.<\/p>\n<p><span style=\"color: #008000;\"><strong>KOMPLEKT SISALDAB:<\/strong><\/span><\/p>\n<ul>\n<li>body<\/li>\n<li>p\u00f5ll<\/li>\n<li>peakate<\/li>\n<li>2 x k\u00e4ev\u00f5ru<\/li>\n<\/ul>\n<p><span style=\"color: #008000;\"><strong>DETAILS:<\/strong><\/span><\/p>\n<ul>\n<li>elegantne komplekt<\/li>\n<li>s\u00fcgavat sinist tooni<\/li>\n<li>body valmistatud sametisest kangast<\/li>\n<li>k\u00fclgedel pooll\u00e4bipaistev v\u00f5rkmaterjal<\/li>\n<li>osaliselt polsterdatud rinnakorv<\/li>\n<li>tagant paelaga seotav<\/li>\n<li>reguleeritavad \u00f5lapaelad<\/li>\n<li>mugav &amp; elastne Multistretch kangas (92% pol\u00fcester, 8% elastaan)<\/li>\n<\/ul>","protected":false},"excerpt":{"rendered":"<p>&#46;&#46;&#46;<\/p>","protected":false},"featured_media":22317,"comment_status":"open","ping_status":"closed","template":"","meta":{"_glsr_average":0,"_glsr_ranking":0,"_glsr_reviews":0},"product_brand":[500],"product_cat":[111],"product_tag":[160],"class_list":{"0":"post-22259","1":"product","2":"type-product","3":"status-publish","4":"has-post-thumbnail","6":"product_brand-obsessive","7":"product_cat-kostuumid","8":"product_tag-obsessive","9":"pa_suurus-l-xl","10":"pa_suurus-s-m","11":"pa_varvus-sinine","13":"first","14":"instock","15":"sold-individually","16":"taxable","17":"shipping-taxable","18":"purchasable","19":"product-type-variable"},"_links":{"self":[{"href":"https:\/\/pesu24.ee\/en\/wp-json\/wp\/v2\/product\/22259","targetHints":{"allow":["GET"]}}],"collection":[{"href":"https:\/\/pesu24.ee\/en\/wp-json\/wp\/v2\/product"}],"about":[{"href":"https:\/\/pesu24.ee\/en\/wp-json\/wp\/v2\/types\/product"}],"replies":[{"embeddable":true,"href":"https:\/\/pesu24.ee\/en\/wp-json\/wp\/v2\/comments?post=22259"}],"wp:featuredmedia":[{"embeddable":true,"href":"https:\/\/pesu24.ee\/en\/wp-json\/wp\/v2\/media\/22317"}],"wp:attachment":[{"href":"https:\/\/pesu24.ee\/en\/wp-json\/wp\/v2\/media?parent=22259"}],"wp:term":[{"taxonomy":"product_brand","embeddable":true,"href":"https:\/\/pesu24.ee\/en\/wp-json\/wp\/v2\/product_brand?post=22259"},{"taxonomy":"product_cat","embeddable":true,"href":"https:\/\/pesu24.ee\/en\/wp-json\/wp\/v2\/product_cat?post=22259"},{"taxonomy":"product_tag","embeddable":true,"href":"https:\/\/pesu24.ee\/en\/wp-json\/wp\/v2\/product_tag?post=22259"}],"curies":[{"name":"wp","href":"https:\/\/api.w.org\/{rel}","templated":true}]}}