{"id":22260,"date":"2025-08-18T23:15:36","date_gmt":"2025-08-18T20:15:36","guid":{"rendered":"https:\/\/pesu24.ee\/?post_type=product&#038;p=22260"},"modified":"2025-08-21T16:25:53","modified_gmt":"2025-08-21T13:25:53","slug":"3-osaline-kostuum-obsessive-worker-girl","status":"publish","type":"product","link":"https:\/\/pesu24.ee\/en\/kostuumid\/3-osaline-kostuum-obsessive-worker-girl\/","title":{"rendered":"3-osaline kost\u00fc\u00fcm Obsessive Worker Girl"},"content":{"rendered":"<p>Kas te tahate, et teie kallima s\u00fcda l\u00f6\u00f6ks veidi kiiremini? Sel juhul on Obsessive&#8217;l pakkuda Worker Girl 3-osaline kost\u00fc\u00fcm, et muuta rutiinseks ja igavaks muutunud \u00f5htud taas eriliseks ja meeldej\u00e4\u00e4vaks.<\/p>\n<p><span style=\"color: #008000;\"><strong>KOMPLEKT SISALDAB:<\/strong><\/span><\/p>\n<ul>\n<li>ruuduline s\u00e4rk<\/li>\n<li>p\u00fcksikud<\/li>\n<li>traksid<\/li>\n<\/ul>\n<p><span style=\"color: #008000;\"><strong>DETAILS:<\/strong><\/span><\/p>\n<ul>\n<li>traksid \u00f5mmeldud p\u00fckste k\u00fclge<\/li>\n<li>eest seotav s\u00e4rk r\u00f5hutab rindu<\/li>\n<li>k\u00f5rge pihaga p\u00fcksikud<\/li>\n<li>mugav &amp; elastne kangas (90% pol\u00fcamiid, 10% elastaan)<\/li>\n<\/ul>","protected":false},"excerpt":{"rendered":"<p>&#46;&#46;&#46;<\/p>","protected":false},"featured_media":22324,"comment_status":"open","ping_status":"closed","template":"","meta":{"_glsr_average":0,"_glsr_ranking":0,"_glsr_reviews":0},"product_brand":[500],"product_cat":[111],"product_tag":[160],"class_list":{"0":"post-22260","1":"product","2":"type-product","3":"status-publish","4":"has-post-thumbnail","6":"product_brand-obsessive","7":"product_cat-kostuumid","8":"product_tag-obsessive","9":"pa_suurus-l-xl","10":"pa_suurus-s-m","11":"pa_varvus-must","12":"pa_varvus-punane","14":"first","15":"instock","16":"sold-individually","17":"taxable","18":"shipping-taxable","19":"purchasable","20":"product-type-variable"},"_links":{"self":[{"href":"https:\/\/pesu24.ee\/en\/wp-json\/wp\/v2\/product\/22260","targetHints":{"allow":["GET"]}}],"collection":[{"href":"https:\/\/pesu24.ee\/en\/wp-json\/wp\/v2\/product"}],"about":[{"href":"https:\/\/pesu24.ee\/en\/wp-json\/wp\/v2\/types\/product"}],"replies":[{"embeddable":true,"href":"https:\/\/pesu24.ee\/en\/wp-json\/wp\/v2\/comments?post=22260"}],"wp:featuredmedia":[{"embeddable":true,"href":"https:\/\/pesu24.ee\/en\/wp-json\/wp\/v2\/media\/22324"}],"wp:attachment":[{"href":"https:\/\/pesu24.ee\/en\/wp-json\/wp\/v2\/media?parent=22260"}],"wp:term":[{"taxonomy":"product_brand","embeddable":true,"href":"https:\/\/pesu24.ee\/en\/wp-json\/wp\/v2\/product_brand?post=22260"},{"taxonomy":"product_cat","embeddable":true,"href":"https:\/\/pesu24.ee\/en\/wp-json\/wp\/v2\/product_cat?post=22260"},{"taxonomy":"product_tag","embeddable":true,"href":"https:\/\/pesu24.ee\/en\/wp-json\/wp\/v2\/product_tag?post=22260"}],"curies":[{"name":"wp","href":"https:\/\/api.w.org\/{rel}","templated":true}]}}