{"id":22262,"date":"2025-08-18T23:15:36","date_gmt":"2025-08-18T20:15:36","guid":{"rendered":"https:\/\/pesu24.ee\/?post_type=product&#038;p=22262"},"modified":"2025-10-07T12:36:34","modified_gmt":"2025-10-07T09:36:34","slug":"5-osaline-kostuum-obsessive-catriny","status":"publish","type":"product","link":"https:\/\/pesu24.ee\/en\/kostuumid\/5-osaline-kostuum-obsessive-catriny\/","title":{"rendered":"5-osaline kost\u00fc\u00fcm Obsessive Catriny"},"content":{"rendered":"<p>Obsessive Catriny kost\u00fc\u00fcmi komplekt on ettepanek v\u00fcrtsika riietuse austajatele. Selle avatud rinnahoidja ja p\u00fcksikud paljastavad julgelt teie figuuri ja lisavad seksuaalsust.<\/p>\n<p>Nibukatted, kaelav\u00f6\u00f6 ja k\u00f5rvad v\u00f5imaldavad luua &#8220;vau&#8221;-efektiga v\u00e4limuse. See kost\u00fc\u00fcm v\u00f5imaldab teil avastada oma enesekindlust ja tagab l\u00f5putu hulga sensatsioone magamistoas.<\/p>\n<p><span style=\"color: #008000;\"><strong>KOMPLEKT SISALDAB:<\/strong><\/span><\/p>\n<ul>\n<li>avatud rinnahoidja<\/li>\n<li>avatud p\u00fcksikud<\/li>\n<li>k\u00f5rvad<\/li>\n<li>kaelav\u00f6\u00f6<\/li>\n<li>nibukatted<\/li>\n<\/ul>\n<p><span style=\"color: #008000;\"><strong>DETAILS:<\/strong><\/span><\/p>\n<ul>\n<li>kelmikas kost\u00fc\u00fcm<\/li>\n<li>loomamustri toonis<\/li>\n<li>komplektis 5 osa<\/li>\n<li>reguleeritavad \u00f5lapaelad<\/li>\n<li>taga astmeline kinnitus<\/li>\n<li>avatud rinnakorv &amp; jalgevahe<\/li>\n<li>kaelav\u00f6\u00f6l seksikas kuldne ripats<\/li>\n<li>mugav ja elastne kangas<\/li>\n<\/ul>\n<p><span style=\"color: #008000;\"><strong>VIDEO<\/strong><\/span><\/p>\n<div class=\"video-container\"><iframe loading=\"lazy\" title=\"HRAV\u00dd KOST\u00ddM CATRINY - OBSESSIVE\" width=\"500\" height=\"281\" src=\"https:\/\/www.youtube.com\/embed\/VNF6HvGN_Zk?feature=oembed&#038;wmode=opaque\" frameborder=\"0\" allow=\"accelerometer; autoplay; clipboard-write; encrypted-media; gyroscope; picture-in-picture; web-share\" referrerpolicy=\"strict-origin-when-cross-origin\" allowfullscreen><\/iframe><\/div>","protected":false},"excerpt":{"rendered":"<p>&#46;&#46;&#46;<\/p>","protected":false},"featured_media":22338,"comment_status":"open","ping_status":"closed","template":"","meta":{"_glsr_average":0,"_glsr_ranking":0,"_glsr_reviews":0},"product_brand":[500],"product_cat":[111],"product_tag":[160],"class_list":{"0":"post-22262","1":"product","2":"type-product","3":"status-publish","4":"has-post-thumbnail","6":"product_brand-obsessive","7":"product_cat-kostuumid","8":"product_tag-obsessive","9":"pa_suurus-l-xl","10":"pa_suurus-s-m","11":"pa_varvus-leopard","12":"pa_varvus-roosa","14":"first","15":"instock","16":"sold-individually","17":"taxable","18":"shipping-taxable","19":"purchasable","20":"product-type-variable"},"_links":{"self":[{"href":"https:\/\/pesu24.ee\/en\/wp-json\/wp\/v2\/product\/22262","targetHints":{"allow":["GET"]}}],"collection":[{"href":"https:\/\/pesu24.ee\/en\/wp-json\/wp\/v2\/product"}],"about":[{"href":"https:\/\/pesu24.ee\/en\/wp-json\/wp\/v2\/types\/product"}],"replies":[{"embeddable":true,"href":"https:\/\/pesu24.ee\/en\/wp-json\/wp\/v2\/comments?post=22262"}],"wp:featuredmedia":[{"embeddable":true,"href":"https:\/\/pesu24.ee\/en\/wp-json\/wp\/v2\/media\/22338"}],"wp:attachment":[{"href":"https:\/\/pesu24.ee\/en\/wp-json\/wp\/v2\/media?parent=22262"}],"wp:term":[{"taxonomy":"product_brand","embeddable":true,"href":"https:\/\/pesu24.ee\/en\/wp-json\/wp\/v2\/product_brand?post=22262"},{"taxonomy":"product_cat","embeddable":true,"href":"https:\/\/pesu24.ee\/en\/wp-json\/wp\/v2\/product_cat?post=22262"},{"taxonomy":"product_tag","embeddable":true,"href":"https:\/\/pesu24.ee\/en\/wp-json\/wp\/v2\/product_tag?post=22262"}],"curies":[{"name":"wp","href":"https:\/\/api.w.org\/{rel}","templated":true}]}}