{"id":22375,"date":"2025-08-18T23:18:09","date_gmt":"2025-08-18T20:18:09","guid":{"rendered":"https:\/\/pesu24.ee\/?post_type=product&#038;p=22375"},"modified":"2025-08-20T14:53:12","modified_gmt":"2025-08-20T11:53:12","slug":"oosark-obsessive-866","status":"publish","type":"product","link":"https:\/\/pesu24.ee\/en\/oosargid\/oosark-obsessive-866\/","title":{"rendered":"\u00d6\u00f6s\u00e4rk Obsessive 866"},"content":{"rendered":"<p><span style=\"color: #008000;\"><strong>KOMPLEKT SISALDAB:<\/strong><\/span><\/p>\n<ul>\n<li>\u00f6\u00f6s\u00e4rk<\/li>\n<li>stringid<\/li>\n<\/ul>\n<p><span style=\"color: #008000;\"><strong>DETAILS:<\/strong><\/span><\/p>\n<ul>\n<li>valmistatud pooll\u00e4bipaistvast kangast<\/li>\n<li>kaunistatud tumesinise pitsiga<\/li>\n<li>reguleeritava \u00f5lapaelad<\/li>\n<li>mugav ning veniv materjal (94% pol\u00fcamiid, 6% elastaan)<\/li>\n<\/ul>\n<p><span style=\"color: #008000;\"><strong>VIDEO<\/strong><\/span><\/p>\n<div class=\"video-container\"><iframe loading=\"lazy\" title=\"SV\u016eDN\u00c1 KO\u0160ILKA 866 - CHE - OBSESSIVE\" width=\"500\" height=\"281\" src=\"https:\/\/www.youtube.com\/embed\/VIpEoOBg0iI?feature=oembed&#038;wmode=opaque\" frameborder=\"0\" allow=\"accelerometer; autoplay; clipboard-write; encrypted-media; gyroscope; picture-in-picture; web-share\" referrerpolicy=\"strict-origin-when-cross-origin\" allowfullscreen><\/iframe><\/div>","protected":false},"excerpt":{"rendered":"<ul>\n<li>kaunistatud tumesinise pitsiga<\/li>\n<li>reguleeritava \u00f5lapaelad<\/li>\n<li>komplekti kuulub \u00f6\u00f6s\u00e4rk ja stringid<\/li>\n<li>mugav ning veniv materjal (94% pol\u00fcamiid, 6% elastaan)<\/li>\n<\/ul>","protected":false},"featured_media":12251,"comment_status":"open","ping_status":"closed","template":"","meta":{"_glsr_average":0,"_glsr_ranking":0,"_glsr_reviews":0},"product_brand":[500],"product_cat":[151],"product_tag":[160],"class_list":{"0":"post-22375","1":"product","2":"type-product","3":"status-publish","4":"has-post-thumbnail","6":"product_brand-obsessive","7":"product_cat-oosargid","8":"product_tag-obsessive","9":"pa_suurus-l-xl","10":"pa_suurus-s-m","11":"pa_varvus-must","13":"first","14":"instock","15":"sold-individually","16":"taxable","17":"shipping-taxable","18":"purchasable","19":"product-type-variable"},"_links":{"self":[{"href":"https:\/\/pesu24.ee\/en\/wp-json\/wp\/v2\/product\/22375","targetHints":{"allow":["GET"]}}],"collection":[{"href":"https:\/\/pesu24.ee\/en\/wp-json\/wp\/v2\/product"}],"about":[{"href":"https:\/\/pesu24.ee\/en\/wp-json\/wp\/v2\/types\/product"}],"replies":[{"embeddable":true,"href":"https:\/\/pesu24.ee\/en\/wp-json\/wp\/v2\/comments?post=22375"}],"wp:featuredmedia":[{"embeddable":true,"href":"https:\/\/pesu24.ee\/en\/wp-json\/wp\/v2\/media\/12251"}],"wp:attachment":[{"href":"https:\/\/pesu24.ee\/en\/wp-json\/wp\/v2\/media?parent=22375"}],"wp:term":[{"taxonomy":"product_brand","embeddable":true,"href":"https:\/\/pesu24.ee\/en\/wp-json\/wp\/v2\/product_brand?post=22375"},{"taxonomy":"product_cat","embeddable":true,"href":"https:\/\/pesu24.ee\/en\/wp-json\/wp\/v2\/product_cat?post=22375"},{"taxonomy":"product_tag","embeddable":true,"href":"https:\/\/pesu24.ee\/en\/wp-json\/wp\/v2\/product_tag?post=22375"}],"curies":[{"name":"wp","href":"https:\/\/api.w.org\/{rel}","templated":true}]}}