{"id":22381,"date":"2025-08-18T23:18:09","date_gmt":"2025-08-18T20:18:09","guid":{"rendered":"https:\/\/pesu24.ee\/?post_type=product&#038;p=22381"},"modified":"2026-02-08T21:40:52","modified_gmt":"2026-02-08T19:40:52","slug":"oosark-passion-melania","status":"publish","type":"product","link":"https:\/\/pesu24.ee\/en\/oosargid\/oosark-passion-melania\/","title":{"rendered":"\u00d6\u00f6s\u00e4rk Passion Melania"},"content":{"rendered":"<p><span style=\"color: #008000;\"><strong>KOMPLEKT SISALDAB:<\/strong><\/span><\/p>\n<ul>\n<li>\u00f6\u00f6s\u00e4rk<\/li>\n<li>stringid<\/li>\n<\/ul>\n<p><span style=\"color: #008000;\"><strong>DETAILS:<\/strong><\/span><\/p>\n<ul>\n<li>sensuaalse disainiga<\/li>\n<li>\u00f6\u00f6s\u00e4rgil seotavad \u00f5lapaelad<\/li>\n<li>valmistatud pooll\u00e4bipaistvast materjalist<\/li>\n<li>mugav ning elastne kangas (75% pol\u00fcester, 10% elastaan, 15% pol\u00fcamiid)<\/li>\n<\/ul>","protected":false},"excerpt":{"rendered":"<ul>\n<li>\u00f6\u00f6s\u00e4rgil seotavad \u00f5lapaelad<\/li>\n<li>komplekt sisaldab \u00f6\u00f6s\u00e4rki ja stringe<\/li>\n<li>mugav ning elastne materjal (75% pol\u00fcester, 10% elastaan, 15% pol\u00fcamiid)<\/li>\n<\/ul>","protected":false},"featured_media":12662,"comment_status":"open","ping_status":"closed","template":"","meta":{"_glsr_average":0,"_glsr_ranking":0,"_glsr_reviews":0},"product_brand":[504],"product_cat":[151],"product_tag":[387],"class_list":{"0":"post-22381","1":"product","2":"type-product","3":"status-publish","4":"has-post-thumbnail","6":"product_brand-passion","7":"product_cat-oosargid","8":"product_tag-passion","9":"pa_suurus-l-xl","10":"pa_suurus-s-m","11":"pa_varvus-must","13":"first","14":"instock","15":"sale","16":"sold-individually","17":"taxable","18":"shipping-taxable","19":"purchasable","20":"product-type-variable"},"_links":{"self":[{"href":"https:\/\/pesu24.ee\/en\/wp-json\/wp\/v2\/product\/22381","targetHints":{"allow":["GET"]}}],"collection":[{"href":"https:\/\/pesu24.ee\/en\/wp-json\/wp\/v2\/product"}],"about":[{"href":"https:\/\/pesu24.ee\/en\/wp-json\/wp\/v2\/types\/product"}],"replies":[{"embeddable":true,"href":"https:\/\/pesu24.ee\/en\/wp-json\/wp\/v2\/comments?post=22381"}],"wp:featuredmedia":[{"embeddable":true,"href":"https:\/\/pesu24.ee\/en\/wp-json\/wp\/v2\/media\/12662"}],"wp:attachment":[{"href":"https:\/\/pesu24.ee\/en\/wp-json\/wp\/v2\/media?parent=22381"}],"wp:term":[{"taxonomy":"product_brand","embeddable":true,"href":"https:\/\/pesu24.ee\/en\/wp-json\/wp\/v2\/product_brand?post=22381"},{"taxonomy":"product_cat","embeddable":true,"href":"https:\/\/pesu24.ee\/en\/wp-json\/wp\/v2\/product_cat?post=22381"},{"taxonomy":"product_tag","embeddable":true,"href":"https:\/\/pesu24.ee\/en\/wp-json\/wp\/v2\/product_tag?post=22381"}],"curies":[{"name":"wp","href":"https:\/\/api.w.org\/{rel}","templated":true}]}}