{"id":22387,"date":"2025-08-18T23:18:09","date_gmt":"2025-08-18T20:18:09","guid":{"rendered":"https:\/\/pesu24.ee\/?post_type=product&#038;p=22387"},"modified":"2025-08-21T16:25:58","modified_gmt":"2025-08-21T13:25:58","slug":"oosark-obsessive-lovica","status":"publish","type":"product","link":"https:\/\/pesu24.ee\/en\/oosargid\/oosark-obsessive-lovica\/","title":{"rendered":"\u00d6\u00f6s\u00e4rk Obsessive Lovica"},"content":{"rendered":"<p>Kuum ja naiselik punane \u00f6\u00f6s\u00e4rk Lovica. Tunneta sileda kanga ja \u00f5rna pitsi meeldivat puudutust ning laske kaunil l\u00e4ikel anda teile palju v\u00f5lu muutes \u00f5htu ahvatlevaks. Tugikaartega pehme rinnakorv, \u00f5lapaeltest reguleeritav. Lisaks komplekti kuuluvad Lovica pesukollektsiooni stringid.<\/p>\n<p><span style=\"color: #008000;\"><strong>KOMPLEKT SISALDAB:<\/strong><\/span><\/p>\n<ul>\n<li>\u00f6\u00f6s\u00e4rk<\/li>\n<li>stringid<\/li>\n<\/ul>\n<p><span style=\"color: #008000;\"><strong>DETAILS:<\/strong><\/span><\/p>\n<ul>\n<li>intensiivne punane v\u00e4rv<\/li>\n<li>ilusa l\u00e4ikega \u00f5rn materjal<\/li>\n<li>reguleeritavad rihmad tagavad ideaalse sobivusega<\/li>\n<li>tugikaartega r\u00f5hutavad rindu<\/li>\n<li>rinnakorvi all kaunistav ehe<\/li>\n<li>lillelised pitsilisandid lisavad palju naiselikku v\u00f5lu<\/li>\n<li>komplektis stringid<\/li>\n<li>kena, elastne kangas (95% pol\u00fcamiid, 5% elastaan)<\/li>\n<\/ul>\n<p><span style=\"color: #008000;\"><strong>VIDEO<\/strong><\/span><\/p>\n<div class=\"video-container\"><iframe loading=\"lazy\" title=\"KO\u0160ILKA LOVICA CHEMISE - OBSESSIVE\" width=\"500\" height=\"281\" src=\"https:\/\/www.youtube.com\/embed\/DK1wuse5TAA?feature=oembed&#038;wmode=opaque\" frameborder=\"0\" allow=\"accelerometer; autoplay; clipboard-write; encrypted-media; gyroscope; picture-in-picture; web-share\" referrerpolicy=\"strict-origin-when-cross-origin\" allowfullscreen><\/iframe><\/div>","protected":false},"excerpt":{"rendered":"<p>&#46;&#46;&#46;<\/p>","protected":false},"featured_media":20466,"comment_status":"open","ping_status":"closed","template":"","meta":{"_glsr_average":0,"_glsr_ranking":0,"_glsr_reviews":0},"product_brand":[500],"product_cat":[151],"product_tag":[160],"class_list":{"0":"post-22387","1":"product","2":"type-product","3":"status-publish","4":"has-post-thumbnail","6":"product_brand-obsessive","7":"product_cat-oosargid","8":"product_tag-obsessive","9":"pa_suurus-l-xl","10":"pa_suurus-s-m","11":"pa_suurus-xxl-xxxl","12":"pa_varvus-punane","14":"first","15":"instock","16":"sold-individually","17":"taxable","18":"shipping-taxable","19":"purchasable","20":"product-type-variable"},"_links":{"self":[{"href":"https:\/\/pesu24.ee\/en\/wp-json\/wp\/v2\/product\/22387","targetHints":{"allow":["GET"]}}],"collection":[{"href":"https:\/\/pesu24.ee\/en\/wp-json\/wp\/v2\/product"}],"about":[{"href":"https:\/\/pesu24.ee\/en\/wp-json\/wp\/v2\/types\/product"}],"replies":[{"embeddable":true,"href":"https:\/\/pesu24.ee\/en\/wp-json\/wp\/v2\/comments?post=22387"}],"wp:featuredmedia":[{"embeddable":true,"href":"https:\/\/pesu24.ee\/en\/wp-json\/wp\/v2\/media\/20466"}],"wp:attachment":[{"href":"https:\/\/pesu24.ee\/en\/wp-json\/wp\/v2\/media?parent=22387"}],"wp:term":[{"taxonomy":"product_brand","embeddable":true,"href":"https:\/\/pesu24.ee\/en\/wp-json\/wp\/v2\/product_brand?post=22387"},{"taxonomy":"product_cat","embeddable":true,"href":"https:\/\/pesu24.ee\/en\/wp-json\/wp\/v2\/product_cat?post=22387"},{"taxonomy":"product_tag","embeddable":true,"href":"https:\/\/pesu24.ee\/en\/wp-json\/wp\/v2\/product_tag?post=22387"}],"curies":[{"name":"wp","href":"https:\/\/api.w.org\/{rel}","templated":true}]}}