{"id":22389,"date":"2025-08-18T23:18:09","date_gmt":"2025-08-18T20:18:09","guid":{"rendered":"https:\/\/pesu24.ee\/?post_type=product&#038;p=22389"},"modified":"2025-10-12T03:12:25","modified_gmt":"2025-10-12T00:12:25","slug":"oosark-beauty-night-shirley-must","status":"publish","type":"product","link":"https:\/\/pesu24.ee\/en\/oosargid\/oosark-beauty-night-shirley-must\/","title":{"rendered":"\u00d6\u00f6s\u00e4rk Beauty Night Shirley"},"content":{"rendered":"<p>Beauty Night Shirley \u00f6\u00f6s\u00e4rk on sensuaalse ja romantilise disainiga, mis toob esile naiseliku keha. \u00d6\u00f6s\u00e4rgi alumine osa on kaunistatud laia pits\u00e4\u00e4rega. Samuti on rinnakorv valmistatud luksuslikust pitsist. \u00d6\u00f6s\u00e4rgi tagumine pool on seotav satiinist paelaga.<\/p>\n<p><span style=\"color: #008000;\"><strong>KOMPLEKT SISALDAB:<\/strong><\/span><\/p>\n<ul>\n<li>\u00f6\u00f6s\u00e4rk<\/li>\n<li>stringid<\/li>\n<li>NB! sukad ei kuulu komplekti<\/li>\n<\/ul>\n<p>Komplekt sobib suurep\u00e4raselt kokku\u00a0<a href=\"https:\/\/pesu24.ee\/en\/sukad\/sukad-beauty-night-romance-mustad\/\">Beauty Night Romance sukkadega<\/a>.<\/p>\n<p><span style=\"color: #008000;\"><strong>DETAILS:<\/strong><\/span><\/p>\n<ul>\n<li>pitsiga kaunistatud \u00f6\u00f6s\u00e4rk<\/li>\n<li>reguleeritavad \u00f5la- ja sukapaelad<\/li>\n<li>tagant seotav<\/li>\n<li>saadaval kahes suuruses S\/M ja XXL<\/li>\n<li>valmistatud mugavast ja elastsest materjalist (88% pol\u00fcester, 12% elastaan)<\/li>\n<\/ul>","protected":false},"excerpt":{"rendered":"<p>&#46;&#46;&#46;<\/p>","protected":false},"featured_media":20585,"comment_status":"open","ping_status":"closed","template":"","meta":{"_glsr_average":0,"_glsr_ranking":0,"_glsr_reviews":0},"product_brand":[503],"product_cat":[151],"product_tag":[403],"class_list":{"0":"post-22389","1":"product","2":"type-product","3":"status-publish","4":"has-post-thumbnail","6":"product_brand-beauty-night","7":"product_cat-oosargid","8":"product_tag-beauty-night","9":"pa_suurus-s-m","10":"pa_suurus-xxl","11":"pa_varvus-must","13":"first","14":"instock","15":"sale","16":"sold-individually","17":"taxable","18":"shipping-taxable","19":"purchasable","20":"product-type-variable"},"_links":{"self":[{"href":"https:\/\/pesu24.ee\/en\/wp-json\/wp\/v2\/product\/22389","targetHints":{"allow":["GET"]}}],"collection":[{"href":"https:\/\/pesu24.ee\/en\/wp-json\/wp\/v2\/product"}],"about":[{"href":"https:\/\/pesu24.ee\/en\/wp-json\/wp\/v2\/types\/product"}],"replies":[{"embeddable":true,"href":"https:\/\/pesu24.ee\/en\/wp-json\/wp\/v2\/comments?post=22389"}],"wp:featuredmedia":[{"embeddable":true,"href":"https:\/\/pesu24.ee\/en\/wp-json\/wp\/v2\/media\/20585"}],"wp:attachment":[{"href":"https:\/\/pesu24.ee\/en\/wp-json\/wp\/v2\/media?parent=22389"}],"wp:term":[{"taxonomy":"product_brand","embeddable":true,"href":"https:\/\/pesu24.ee\/en\/wp-json\/wp\/v2\/product_brand?post=22389"},{"taxonomy":"product_cat","embeddable":true,"href":"https:\/\/pesu24.ee\/en\/wp-json\/wp\/v2\/product_cat?post=22389"},{"taxonomy":"product_tag","embeddable":true,"href":"https:\/\/pesu24.ee\/en\/wp-json\/wp\/v2\/product_tag?post=22389"}],"curies":[{"name":"wp","href":"https:\/\/api.w.org\/{rel}","templated":true}]}}