{"id":22398,"date":"2025-08-18T23:18:10","date_gmt":"2025-08-18T20:18:10","guid":{"rendered":"https:\/\/pesu24.ee\/?post_type=product&#038;p=22398"},"modified":"2025-08-28T10:31:17","modified_gmt":"2025-08-28T07:31:17","slug":"oosark-beauty-night-cassidy-must","status":"publish","type":"product","link":"https:\/\/pesu24.ee\/en\/oosargid\/oosark-beauty-night-cassidy-must\/","title":{"rendered":"\u00d6\u00f6s\u00e4rk Beauty Night Cassidy"},"content":{"rendered":"<p><strong>Beauty Night Cassidy<\/strong> on elegante \u00f6\u00f6s\u00e4rk, mis on valmistatud eksklusiivsest mustast kangast, mille selja ja rindade osa on l\u00e4bipaistev. Komplekt on kaunistatud t\u00fclli ja pitsiga.<\/p>\n<p><span style=\"color: #008000;\"><strong>KOMPLEKT SISALDAB:<\/strong><\/span><\/p>\n<ul>\n<li>\u00f6\u00f6s\u00e4rk<\/li>\n<li>stringid<\/li>\n<\/ul>\n<p><span style=\"color: #008000;\"><strong>DETAILS:<\/strong><\/span><\/p>\n<ul>\n<li>reguleeritavad \u00f5lapaelad<\/li>\n<li>saadaval kahes suuruses S\/M ja L\/XL<\/li>\n<li>valmistatud mugavast ja elastsest materjalist (97% pol\u00fcester, 3% elastaan)<\/li>\n<\/ul>\n<p>Sama toode on saadaval ka lillat ja t\u00fcrkiissinist v\u00e4rvi. Lilla v\u00e4rvi leiab <a href=\"https:\/\/pesu24.ee\/en\/oosargid\/oosark-beauty-night-cassidy\/\">SIIT<\/a> ning t\u00fcrkiissinise <a href=\"https:\/\/pesu24.ee\/en\/oosargid\/oosark-beauty-night-cassidy-sinine\/\">SIIT<\/a>.<\/p>","protected":false},"excerpt":{"rendered":"<p>&#46;&#46;&#46;<\/p>","protected":false},"featured_media":20664,"comment_status":"open","ping_status":"closed","template":"","meta":{"_glsr_average":0,"_glsr_ranking":0,"_glsr_reviews":0},"product_brand":[503],"product_cat":[151],"product_tag":[403],"class_list":{"0":"post-22398","1":"product","2":"type-product","3":"status-publish","4":"has-post-thumbnail","6":"product_brand-beauty-night","7":"product_cat-oosargid","8":"product_tag-beauty-night","9":"pa_suurus-l-xl","10":"pa_suurus-s-m","11":"pa_varvus-must","13":"first","14":"instock","15":"sold-individually","16":"taxable","17":"shipping-taxable","18":"purchasable","19":"product-type-variable"},"_links":{"self":[{"href":"https:\/\/pesu24.ee\/en\/wp-json\/wp\/v2\/product\/22398","targetHints":{"allow":["GET"]}}],"collection":[{"href":"https:\/\/pesu24.ee\/en\/wp-json\/wp\/v2\/product"}],"about":[{"href":"https:\/\/pesu24.ee\/en\/wp-json\/wp\/v2\/types\/product"}],"replies":[{"embeddable":true,"href":"https:\/\/pesu24.ee\/en\/wp-json\/wp\/v2\/comments?post=22398"}],"wp:featuredmedia":[{"embeddable":true,"href":"https:\/\/pesu24.ee\/en\/wp-json\/wp\/v2\/media\/20664"}],"wp:attachment":[{"href":"https:\/\/pesu24.ee\/en\/wp-json\/wp\/v2\/media?parent=22398"}],"wp:term":[{"taxonomy":"product_brand","embeddable":true,"href":"https:\/\/pesu24.ee\/en\/wp-json\/wp\/v2\/product_brand?post=22398"},{"taxonomy":"product_cat","embeddable":true,"href":"https:\/\/pesu24.ee\/en\/wp-json\/wp\/v2\/product_cat?post=22398"},{"taxonomy":"product_tag","embeddable":true,"href":"https:\/\/pesu24.ee\/en\/wp-json\/wp\/v2\/product_tag?post=22398"}],"curies":[{"name":"wp","href":"https:\/\/api.w.org\/{rel}","templated":true}]}}