{"id":22409,"date":"2025-08-18T23:18:17","date_gmt":"2025-08-18T20:18:17","guid":{"rendered":"https:\/\/pesu24.ee\/?post_type=product&#038;p=22409"},"modified":"2025-08-21T16:48:49","modified_gmt":"2025-08-21T13:48:49","slug":"oosark-beauty-night-sandra","status":"publish","type":"product","link":"https:\/\/pesu24.ee\/en\/oosargid\/oosark-beauty-night-sandra\/","title":{"rendered":"\u00d6\u00f6s\u00e4rk Beauty Night Sandra"},"content":{"rendered":"<p>Beauty Night Sandra on pilkup\u00fc\u00fcdev satiinist \u00f6\u00f6s\u00e4rk, mis on kaunistatud sensuaalse ning l\u00e4bipaistva pitsiga. Tootel on ees ning k\u00fclgedel lipsust kaunistused.<\/p>\n<p><span style=\"color: #008000;\"><strong>KOMPLEKT SISALDAB:<\/strong><\/span><\/p>\n<ul>\n<li>\u00f6\u00f6s\u00e4rk<\/li>\n<li>stringid<\/li>\n<\/ul>\n<p><span style=\"color: #008000;\"><strong>DETAILS:<\/strong><\/span><\/p>\n<ul>\n<li>valmistatud satiinist<\/li>\n<li>kaunistatud pitsiga<\/li>\n<li>ees ja k\u00fclgedel lipsust kaunistused<\/li>\n<li>reguleeritavad \u00f5lapaelad<\/li>\n<li>valmistatud mugavast ja elastsest materjalist (45% pol\u00fcester, 45% pol\u00fcamiid, 10% elastaan)<\/li>\n<\/ul>","protected":false},"excerpt":{"rendered":"<p>&#46;&#46;&#46;<\/p>","protected":false},"featured_media":20924,"comment_status":"open","ping_status":"closed","template":"","meta":{"_glsr_average":0,"_glsr_ranking":0,"_glsr_reviews":0},"product_brand":[503],"product_cat":[151],"product_tag":[403],"class_list":{"0":"post-22409","1":"product","2":"type-product","3":"status-publish","4":"has-post-thumbnail","6":"product_brand-beauty-night","7":"product_cat-oosargid","8":"product_tag-beauty-night","9":"pa_suurus-l-xl","10":"pa_suurus-s-m","11":"pa_varvus-must","13":"first","14":"instock","15":"sold-individually","16":"taxable","17":"shipping-taxable","18":"purchasable","19":"product-type-variable"},"_links":{"self":[{"href":"https:\/\/pesu24.ee\/en\/wp-json\/wp\/v2\/product\/22409","targetHints":{"allow":["GET"]}}],"collection":[{"href":"https:\/\/pesu24.ee\/en\/wp-json\/wp\/v2\/product"}],"about":[{"href":"https:\/\/pesu24.ee\/en\/wp-json\/wp\/v2\/types\/product"}],"replies":[{"embeddable":true,"href":"https:\/\/pesu24.ee\/en\/wp-json\/wp\/v2\/comments?post=22409"}],"wp:featuredmedia":[{"embeddable":true,"href":"https:\/\/pesu24.ee\/en\/wp-json\/wp\/v2\/media\/20924"}],"wp:attachment":[{"href":"https:\/\/pesu24.ee\/en\/wp-json\/wp\/v2\/media?parent=22409"}],"wp:term":[{"taxonomy":"product_brand","embeddable":true,"href":"https:\/\/pesu24.ee\/en\/wp-json\/wp\/v2\/product_brand?post=22409"},{"taxonomy":"product_cat","embeddable":true,"href":"https:\/\/pesu24.ee\/en\/wp-json\/wp\/v2\/product_cat?post=22409"},{"taxonomy":"product_tag","embeddable":true,"href":"https:\/\/pesu24.ee\/en\/wp-json\/wp\/v2\/product_tag?post=22409"}],"curies":[{"name":"wp","href":"https:\/\/api.w.org\/{rel}","templated":true}]}}