{"id":22415,"date":"2025-08-18T23:18:17","date_gmt":"2025-08-18T20:18:17","guid":{"rendered":"https:\/\/pesu24.ee\/?post_type=product&#038;p=22415"},"modified":"2025-08-20T15:13:46","modified_gmt":"2025-08-20T12:13:46","slug":"oosark-casmir-lagerta","status":"publish","type":"product","link":"https:\/\/pesu24.ee\/en\/oosargid\/oosark-casmir-lagerta\/","title":{"rendered":"\u00d6\u00f6s\u00e4rk Casmir Lagerta"},"content":{"rendered":"<p>Casmir Lagerta \u00f6\u00f6s\u00e4rk on erilise ning pilkup\u00fc\u00fcdva disainiga, mida Sa ei soovigi hommikuti seljast v\u00f5tta ..<\/p>\n<p><span style=\"color: #008000;\"><strong>KOMPLEKT SISALDAB:<\/strong><\/span><\/p>\n<ul>\n<li>\u00f6\u00f6s\u00e4rk<\/li>\n<li>p\u00fcksikud<\/li>\n<\/ul>\n<p><span style=\"color: #008000;\"><strong>DETAILS:<\/strong><\/span><\/p>\n<ul>\n<li>reguleeritavad \u00f5lapaelad<\/li>\n<li>rinnakorvil tugikaared<\/li>\n<li>kaela tagant kinnituv<\/li>\n<li>mugav ning elastne materjal (85% pol\u00fcester, 5% pol\u00fcamiid, 10% elastaan)<\/li>\n<\/ul>","protected":false},"excerpt":{"rendered":"<p>&#46;&#46;&#46;<\/p>","protected":false},"featured_media":21089,"comment_status":"open","ping_status":"closed","template":"","meta":{"_glsr_average":0,"_glsr_ranking":0,"_glsr_reviews":0},"product_brand":[505],"product_cat":[151],"product_tag":[394],"class_list":{"0":"post-22415","1":"product","2":"type-product","3":"status-publish","4":"has-post-thumbnail","6":"product_brand-casmir","7":"product_cat-oosargid","8":"product_tag-casmir","9":"pa_suurus-l-xl","10":"pa_suurus-s-m","12":"first","13":"instock","14":"sale","15":"sold-individually","16":"taxable","17":"shipping-taxable","18":"purchasable","19":"product-type-variable"},"_links":{"self":[{"href":"https:\/\/pesu24.ee\/en\/wp-json\/wp\/v2\/product\/22415","targetHints":{"allow":["GET"]}}],"collection":[{"href":"https:\/\/pesu24.ee\/en\/wp-json\/wp\/v2\/product"}],"about":[{"href":"https:\/\/pesu24.ee\/en\/wp-json\/wp\/v2\/types\/product"}],"replies":[{"embeddable":true,"href":"https:\/\/pesu24.ee\/en\/wp-json\/wp\/v2\/comments?post=22415"}],"wp:featuredmedia":[{"embeddable":true,"href":"https:\/\/pesu24.ee\/en\/wp-json\/wp\/v2\/media\/21089"}],"wp:attachment":[{"href":"https:\/\/pesu24.ee\/en\/wp-json\/wp\/v2\/media?parent=22415"}],"wp:term":[{"taxonomy":"product_brand","embeddable":true,"href":"https:\/\/pesu24.ee\/en\/wp-json\/wp\/v2\/product_brand?post=22415"},{"taxonomy":"product_cat","embeddable":true,"href":"https:\/\/pesu24.ee\/en\/wp-json\/wp\/v2\/product_cat?post=22415"},{"taxonomy":"product_tag","embeddable":true,"href":"https:\/\/pesu24.ee\/en\/wp-json\/wp\/v2\/product_tag?post=22415"}],"curies":[{"name":"wp","href":"https:\/\/api.w.org\/{rel}","templated":true}]}}