{"id":22421,"date":"2025-08-18T23:18:17","date_gmt":"2025-08-18T20:18:17","guid":{"rendered":"https:\/\/pesu24.ee\/?post_type=product&#038;p=22421"},"modified":"2026-03-30T13:33:14","modified_gmt":"2026-03-30T11:33:14","slug":"oosark-obsessive-heartina","status":"publish","type":"product","link":"https:\/\/pesu24.ee\/en\/oosargid\/oosark-obsessive-heartina\/","title":{"rendered":"\u00d6\u00f6s\u00e4rk Obsessive Heartina"},"content":{"rendered":"<p>Obsessive Heartina on \u00f6\u00f6s\u00e4rk, mis on valmistatud satiinist ning kaunistatud sensuaalse pooll\u00e4bipaistva pitsiga. Lisaks on tegemist \u00fclimalt mugava tootega, mida sa ei soovigi seljast v\u00f5tta ..<\/p>\n<p><span style=\"color: #008000;\"><strong>KOMPLEKT SISALDAB:<\/strong><\/span><\/p>\n<ul>\n<li>\u00f6\u00f6s\u00e4rk<\/li>\n<li>stringid<\/li>\n<\/ul>\n<p><span style=\"color: #008000;\"><strong>DETAILS:<\/strong><\/span><\/p>\n<ul>\n<li>v\u00e4rvus punane<\/li>\n<li>rinnakorvil tugikaared<\/li>\n<li>rinnakorv pooll\u00e4bipaistvast pitsist<\/li>\n<li>reguleeritavad \u00f5lapaelad<\/li>\n<li>dekoreeritud lillelise motiiviga<\/li>\n<li>kaunistuseks ripats ja lipsuke<\/li>\n<li>mugav ning elastne materjal (85% pol\u00fcamiid, 15% elastaan)<\/li>\n<\/ul>\n<p><span style=\"color: #008000;\"><strong>VIDEO<\/strong><\/span><\/p>\n<div class=\"video-container\"><iframe loading=\"lazy\" title=\"KO\u0160ILKA HEARTINA CHEMISE - OBSESSIVE\" width=\"500\" height=\"281\" src=\"https:\/\/www.youtube.com\/embed\/k1aN8nhjVuU?feature=oembed&#038;wmode=opaque\" frameborder=\"0\" allow=\"accelerometer; autoplay; clipboard-write; encrypted-media; gyroscope; picture-in-picture; web-share\" referrerpolicy=\"strict-origin-when-cross-origin\" allowfullscreen><\/iframe><\/div>","protected":false},"excerpt":{"rendered":"<p>&#46;&#46;&#46;<\/p>","protected":false},"featured_media":21166,"comment_status":"open","ping_status":"closed","template":"","meta":{"_glsr_average":0,"_glsr_ranking":0,"_glsr_reviews":0},"product_brand":[500],"product_cat":[151],"product_tag":[160],"class_list":{"0":"post-22421","1":"product","2":"type-product","3":"status-publish","4":"has-post-thumbnail","6":"product_brand-obsessive","7":"product_cat-oosargid","8":"product_tag-obsessive","9":"pa_suurus-l-xl","10":"pa_suurus-s-m","11":"pa_varvus-punane","13":"first","14":"instock","15":"sold-individually","16":"taxable","17":"shipping-taxable","18":"purchasable","19":"product-type-variable"},"_links":{"self":[{"href":"https:\/\/pesu24.ee\/en\/wp-json\/wp\/v2\/product\/22421","targetHints":{"allow":["GET"]}}],"collection":[{"href":"https:\/\/pesu24.ee\/en\/wp-json\/wp\/v2\/product"}],"about":[{"href":"https:\/\/pesu24.ee\/en\/wp-json\/wp\/v2\/types\/product"}],"replies":[{"embeddable":true,"href":"https:\/\/pesu24.ee\/en\/wp-json\/wp\/v2\/comments?post=22421"}],"wp:featuredmedia":[{"embeddable":true,"href":"https:\/\/pesu24.ee\/en\/wp-json\/wp\/v2\/media\/21166"}],"wp:attachment":[{"href":"https:\/\/pesu24.ee\/en\/wp-json\/wp\/v2\/media?parent=22421"}],"wp:term":[{"taxonomy":"product_brand","embeddable":true,"href":"https:\/\/pesu24.ee\/en\/wp-json\/wp\/v2\/product_brand?post=22421"},{"taxonomy":"product_cat","embeddable":true,"href":"https:\/\/pesu24.ee\/en\/wp-json\/wp\/v2\/product_cat?post=22421"},{"taxonomy":"product_tag","embeddable":true,"href":"https:\/\/pesu24.ee\/en\/wp-json\/wp\/v2\/product_tag?post=22421"}],"curies":[{"name":"wp","href":"https:\/\/api.w.org\/{rel}","templated":true}]}}