{"id":22529,"date":"2025-08-18T23:18:30","date_gmt":"2025-08-18T20:18:30","guid":{"rendered":"https:\/\/pesu24.ee\/?post_type=product&#038;p=22529"},"modified":"2025-08-21T16:08:31","modified_gmt":"2025-08-21T13:08:31","slug":"avatud-rinnahoidjaga-oosark-obsessive-pearlove","status":"publish","type":"product","link":"https:\/\/pesu24.ee\/en\/oosargid\/avatud-rinnahoidjaga-oosark-obsessive-pearlove\/","title":{"rendered":"Avatud rinnahoidjaga \u00f6\u00f6s\u00e4rk Obsessive Pearlove"},"content":{"rendered":"<p><strong>\u00c4\u00e4rmiselt ahvatlev ja fantaasia jaoks v\u00e4he ruumi pakkuv \u00f6\u00f6s\u00e4rk Obsessive Pearlove on m\u00f5eldud eriti kuumade \u00f6\u00f6de jaoks.<\/strong><\/p>\n<p>Valmistatud pooll\u00e4bipaistvast pitsilisest materjalist, mida on v\u00e4ga m\u00f5nus ja mugav kanda ning erutavalt m\u00f5nus keha vastas tunda ja katsuda. \u00d6\u00f6s\u00e4rgi l\u00f5ige ja materjal toob esile rinnad ning r\u00f5hutab naiselikkust.<\/p>\n<p>Kaunistusena kasutatud valget p\u00e4rliketti, mis lisab seksikust ja atraktiivsust veelgi. T\u00e4ielikult \u00f5lapaeltest reguleeritav ja tagant astmeline kinnitus koos elastse materjaliga loob ideaalse sobivuse. Lisaks on tootega kaasas ka fotodel olevad stringid.<\/p>\n<p><span style=\"color: #008000;\"><strong>KOMPLEKT SISALDAB:<\/strong><\/span><\/p>\n<ul>\n<li>avatud rinnakorviga \u00f6\u00f6s\u00e4rk<\/li>\n<li>stringid<\/li>\n<\/ul>\n<p><span style=\"color: #008000;\"><strong>DETAILS:<\/strong><\/span><\/p>\n<ul>\n<li>l\u00e4bipaistvast materjalist \u00f6\u00f6s\u00e4rk<\/li>\n<li>\u00f5lapaeltest reguleeritav<\/li>\n<li>tagant astmelise kinnitusega<\/li>\n<li>rinnakorvil tugikaared r\u00f5hutamaks rindu<\/li>\n<li>kaunistuseks valge p\u00e4rlikett<\/li>\n<li>44% pol\u00fcamiid, 56% elastaan<\/li>\n<\/ul>\n<p><span style=\"color: #008000;\"><strong>VIDEO<\/strong><\/span><\/p>\n<div class=\"video-container\"><iframe loading=\"lazy\" title=\"SEXY KO\u0160ILKA PEARLOVE CHEMISE - OBSESSIVE\" width=\"500\" height=\"281\" src=\"https:\/\/www.youtube.com\/embed\/hMX1xOmHrw0?feature=oembed&#038;wmode=opaque\" frameborder=\"0\" allow=\"accelerometer; autoplay; clipboard-write; encrypted-media; gyroscope; picture-in-picture; web-share\" referrerpolicy=\"strict-origin-when-cross-origin\" allowfullscreen><\/iframe><\/div>","protected":false},"excerpt":{"rendered":"<p>https:\/\/www.youtube.com\/watch?v=hMX1xOmHrw0<\/p>","protected":false},"featured_media":21402,"comment_status":"open","ping_status":"closed","template":"","meta":{"_glsr_average":0,"_glsr_ranking":0,"_glsr_reviews":0},"product_brand":[500],"product_cat":[151],"product_tag":[160],"class_list":{"0":"post-22529","1":"product","2":"type-product","3":"status-publish","4":"has-post-thumbnail","6":"product_brand-obsessive","7":"product_cat-oosargid","8":"product_tag-obsessive","9":"pa_suurus-l-xl","10":"pa_suurus-s-m","12":"first","13":"instock","14":"sold-individually","15":"taxable","16":"shipping-taxable","17":"purchasable","18":"product-type-variable"},"_links":{"self":[{"href":"https:\/\/pesu24.ee\/en\/wp-json\/wp\/v2\/product\/22529","targetHints":{"allow":["GET"]}}],"collection":[{"href":"https:\/\/pesu24.ee\/en\/wp-json\/wp\/v2\/product"}],"about":[{"href":"https:\/\/pesu24.ee\/en\/wp-json\/wp\/v2\/types\/product"}],"replies":[{"embeddable":true,"href":"https:\/\/pesu24.ee\/en\/wp-json\/wp\/v2\/comments?post=22529"}],"wp:featuredmedia":[{"embeddable":true,"href":"https:\/\/pesu24.ee\/en\/wp-json\/wp\/v2\/media\/21402"}],"wp:attachment":[{"href":"https:\/\/pesu24.ee\/en\/wp-json\/wp\/v2\/media?parent=22529"}],"wp:term":[{"taxonomy":"product_brand","embeddable":true,"href":"https:\/\/pesu24.ee\/en\/wp-json\/wp\/v2\/product_brand?post=22529"},{"taxonomy":"product_cat","embeddable":true,"href":"https:\/\/pesu24.ee\/en\/wp-json\/wp\/v2\/product_cat?post=22529"},{"taxonomy":"product_tag","embeddable":true,"href":"https:\/\/pesu24.ee\/en\/wp-json\/wp\/v2\/product_tag?post=22529"}],"curies":[{"name":"wp","href":"https:\/\/api.w.org\/{rel}","templated":true}]}}