{"id":22535,"date":"2025-08-18T23:18:30","date_gmt":"2025-08-18T20:18:30","guid":{"rendered":"https:\/\/pesu24.ee\/?post_type=product&#038;p=22535"},"modified":"2025-08-21T14:17:47","modified_gmt":"2025-08-21T11:17:47","slug":"oosark-obsessive-bowessa","status":"publish","type":"product","link":"https:\/\/pesu24.ee\/en\/oosargid\/oosark-obsessive-bowessa\/","title":{"rendered":"\u00d6\u00f6s\u00e4rk Obsessive Bowessa"},"content":{"rendered":"<p><strong>Obsessive pesubr\u00e4ndi uus \u00f6\u00f6s\u00e4rk\/\u00f6\u00f6kleit Bowessa, mille l\u00e4bipaistev siidine materjal fantaasiale ruumi ei j\u00e4ta, aga mida on \u00e4\u00e4rmiselt meeldiv keha vastas tunda ja puudutada.<\/strong><\/p>\n<p>Pesukomplekti nimi Bowessa tuleneb ingliskeelsest s\u00f5na <em>bow<\/em>, mis t\u00e4hendab lehvi v\u00f5i lehvikut ning pesukomplekti disainimisel ja kaunistustel ongi kasutatud v\u00e4ga palju erinevaid lehve ja lehvikuid.<\/p>\n<p>Materjal v\u00e4ga elastne ja vastupidav ning \u00f6\u00f6s\u00e4rk \u00f5lapaeltest reguleeritav, mis tagab ideaalse sobivuse. V\u00e4ga mugav kanda ja nagu eelnevalt mainitud, siis v\u00e4ga m\u00f5nus ja meeldiv keha vastas tunda kui ka katsuda. Rinnahoidja vaba ilma polsterduste ja tugikaartega, mis lisab veel rohkem erootilisi elemente.<\/p>\n<p>Ees \u00f5lapaeltel kaunistuseks m\u00f5lemal pool lehv, piha \u00fcmber lehvikust v\u00f6\u00f6 ja rindade vahel l\u00e4ikiv lehvikujuline kaunistus. Bowessa \u00f6\u00f6s\u00e4rk oma disainilt sobib ideaalselt Lucita hommikumantliga.<\/p>\n<p><span style=\"color: #008000;\"><strong>KOMPLEKT SISALDAB:<\/strong><\/span><\/p>\n<ul>\n<li>\u00f6\u00f6s\u00e4rk<\/li>\n<li>stringid<\/li>\n<\/ul>\n<p><span style=\"color: #008000;\"><strong>DETAILS:<\/strong><\/span><\/p>\n<ul>\n<li>disainielementideks lehvid ja lehvikud<\/li>\n<li>l\u00f5ige r\u00f5hutab rindu<\/li>\n<li>seljaosa r\u00f5hutab tuharaid<\/li>\n<li>elastne ja vastupidav materjal<\/li>\n<li>mugav kanda ja meeldiv keha vastas tunda<\/li>\n<li>90% pol\u00fcamiid, 10% elastaan<\/li>\n<\/ul>\n<p>Kui toode pakub huvi, siis tutvu ka teiste Bowessa kollektsiooni toodetega. Valikus on saadaval pool-l\u00e4bipaistvast materjalist <a href=\"https:\/\/pesu24.ee\/en\/pesukomplektid\/2-osaline-pesukomplekt-obsessive-bowessa\/\">2-osaline pesukomplekt Bowessa<\/a>, mis on siidiselt sile ja atraktiivne ning Bowessa sukav\u00f6\u00f6, millega saab luua ideaalse pesukomplekti.<\/p>\n<p><span style=\"color: #008000;\"><strong>VIDEO<\/strong><\/span><\/p>\n<div class=\"video-container\"><iframe loading=\"lazy\" title=\"JEMN\u00c1 KO\u0160ILKA BOWESSA CHEMISE - OBSESSIVE\" width=\"500\" height=\"281\" src=\"https:\/\/www.youtube.com\/embed\/tPpwEP3-HgU?feature=oembed&#038;wmode=opaque\" frameborder=\"0\" allow=\"accelerometer; autoplay; clipboard-write; encrypted-media; gyroscope; picture-in-picture; web-share\" referrerpolicy=\"strict-origin-when-cross-origin\" allowfullscreen><\/iframe><\/div>","protected":false},"excerpt":{"rendered":"<p>&#46;&#46;&#46;<\/p>","protected":false},"featured_media":21508,"comment_status":"open","ping_status":"closed","template":"","meta":{"_glsr_average":0,"_glsr_ranking":0,"_glsr_reviews":0},"product_brand":[500],"product_cat":[151],"product_tag":[160],"class_list":{"0":"post-22535","1":"product","2":"type-product","3":"status-publish","4":"has-post-thumbnail","6":"product_brand-obsessive","7":"product_cat-oosargid","8":"product_tag-obsessive","9":"pa_suurus-l-xl","10":"pa_suurus-s-m","11":"pa_varvus-must","13":"first","14":"instock","15":"sold-individually","16":"taxable","17":"shipping-taxable","18":"purchasable","19":"product-type-variable"},"_links":{"self":[{"href":"https:\/\/pesu24.ee\/en\/wp-json\/wp\/v2\/product\/22535","targetHints":{"allow":["GET"]}}],"collection":[{"href":"https:\/\/pesu24.ee\/en\/wp-json\/wp\/v2\/product"}],"about":[{"href":"https:\/\/pesu24.ee\/en\/wp-json\/wp\/v2\/types\/product"}],"replies":[{"embeddable":true,"href":"https:\/\/pesu24.ee\/en\/wp-json\/wp\/v2\/comments?post=22535"}],"wp:featuredmedia":[{"embeddable":true,"href":"https:\/\/pesu24.ee\/en\/wp-json\/wp\/v2\/media\/21508"}],"wp:attachment":[{"href":"https:\/\/pesu24.ee\/en\/wp-json\/wp\/v2\/media?parent=22535"}],"wp:term":[{"taxonomy":"product_brand","embeddable":true,"href":"https:\/\/pesu24.ee\/en\/wp-json\/wp\/v2\/product_brand?post=22535"},{"taxonomy":"product_cat","embeddable":true,"href":"https:\/\/pesu24.ee\/en\/wp-json\/wp\/v2\/product_cat?post=22535"},{"taxonomy":"product_tag","embeddable":true,"href":"https:\/\/pesu24.ee\/en\/wp-json\/wp\/v2\/product_tag?post=22535"}],"curies":[{"name":"wp","href":"https:\/\/api.w.org\/{rel}","templated":true}]}}