{"id":22536,"date":"2025-08-18T23:18:30","date_gmt":"2025-08-18T20:18:30","guid":{"rendered":"https:\/\/pesu24.ee\/?post_type=product&#038;p=22536"},"modified":"2025-08-21T14:33:42","modified_gmt":"2025-08-21T11:33:42","slug":"oosark-ookleit-obsessive-rediosa","status":"publish","type":"product","link":"https:\/\/pesu24.ee\/en\/oosargid\/oosark-ookleit-obsessive-rediosa\/","title":{"rendered":"\u00d6\u00f6s\u00e4rk\/\u00f6\u00f6kleit Obsessive Rediosa"},"content":{"rendered":"<p><strong>Punasest pitsist Obsessive pesubr\u00e4ndi \u00f6\u00f6s\u00e4rk\/\u00f6\u00f6kleit Rediosa. \u00d6\u00f6s\u00e4rgi rinnaosa polsterdatud ja avatud, millel rindu r\u00f5hutav ja esiletoov efekt. \u00d6\u00f6s\u00e4rk kaelapaelast reguleeritav ja tagant astmelise kinnitusega.<\/strong><\/p>\n<p>Valmistatud elastsest materjalist, mida on v\u00e4ga mugav kanda. Elastne materjal, reguleeritavus ja astmeline kinnitus loob parima sobivuse. Lisaks \u00f6\u00f6s\u00e4rgil neli reguleeritav sukapaela.<\/p>\n<p>Komplekti kuuluvad ka sama pesukollektsiooni stringid, aga tootefotodel olevad sukad komplekti ei kuulu. Fotodel olevad sukad saab samuti osta meie e-poest &#8211; tegu on <a href=\"https:\/\/pesu24.ee\/en\/sukad\/sukad-obsessive-rediosa-15-den\/\">Rediosa sukkadega<\/a>.<\/p>\n<p><span style=\"color: #008000;\"><strong>KOMPLEKT SISALDAB:<\/strong><\/span><\/p>\n<ul>\n<li>\u00f6\u00f6s\u00e4rk<\/li>\n<li>stringid<\/li>\n<\/ul>\n<p><span style=\"color: #008000;\"><strong>DETAILS:<\/strong><\/span><\/p>\n<ul>\n<li>avatud rinnaosa<\/li>\n<li>rinnaosa polsterdatud<\/li>\n<li>kaelapelast reguleeritav<\/li>\n<li>tagant mitmeastmelise kinnitusega<\/li>\n<li>neli reguleeritavad sukahoidja<\/li>\n<li>sukad ei kuulu komplekti<\/li>\n<li>materjal 90% pol\u00fcamiid, 10% elastaan<\/li>\n<\/ul>\n<p><span style=\"color: #008000;\"><strong>VIDEO<\/strong><\/span><\/p>\n<div class=\"video-container\"><iframe loading=\"lazy\" title=\"SV\u016eDN\u00c1 KO\u0160ILKA REDIOSA CHEMISE - OBSESSIVE\" width=\"500\" height=\"281\" src=\"https:\/\/www.youtube.com\/embed\/-pVhm5Q_DA8?feature=oembed&#038;wmode=opaque\" frameborder=\"0\" allow=\"accelerometer; autoplay; clipboard-write; encrypted-media; gyroscope; picture-in-picture; web-share\" referrerpolicy=\"strict-origin-when-cross-origin\" allowfullscreen><\/iframe><\/div>","protected":false},"excerpt":{"rendered":"<p>https:\/\/www.youtube.com\/watch?v=-pVhm5Q_DA8<\/p>","protected":false},"featured_media":21519,"comment_status":"open","ping_status":"closed","template":"","meta":{"_glsr_average":0,"_glsr_ranking":0,"_glsr_reviews":0},"product_brand":[500],"product_cat":[151],"product_tag":[160],"class_list":{"0":"post-22536","1":"product","2":"type-product","3":"status-publish","4":"has-post-thumbnail","6":"product_brand-obsessive","7":"product_cat-oosargid","8":"product_tag-obsessive","9":"pa_suurus-l-xl","10":"pa_suurus-s-m","11":"pa_varvus-punane","13":"first","14":"instock","15":"sold-individually","16":"taxable","17":"shipping-taxable","18":"purchasable","19":"product-type-variable"},"_links":{"self":[{"href":"https:\/\/pesu24.ee\/en\/wp-json\/wp\/v2\/product\/22536","targetHints":{"allow":["GET"]}}],"collection":[{"href":"https:\/\/pesu24.ee\/en\/wp-json\/wp\/v2\/product"}],"about":[{"href":"https:\/\/pesu24.ee\/en\/wp-json\/wp\/v2\/types\/product"}],"replies":[{"embeddable":true,"href":"https:\/\/pesu24.ee\/en\/wp-json\/wp\/v2\/comments?post=22536"}],"wp:featuredmedia":[{"embeddable":true,"href":"https:\/\/pesu24.ee\/en\/wp-json\/wp\/v2\/media\/21519"}],"wp:attachment":[{"href":"https:\/\/pesu24.ee\/en\/wp-json\/wp\/v2\/media?parent=22536"}],"wp:term":[{"taxonomy":"product_brand","embeddable":true,"href":"https:\/\/pesu24.ee\/en\/wp-json\/wp\/v2\/product_brand?post=22536"},{"taxonomy":"product_cat","embeddable":true,"href":"https:\/\/pesu24.ee\/en\/wp-json\/wp\/v2\/product_cat?post=22536"},{"taxonomy":"product_tag","embeddable":true,"href":"https:\/\/pesu24.ee\/en\/wp-json\/wp\/v2\/product_tag?post=22536"}],"curies":[{"name":"wp","href":"https:\/\/api.w.org\/{rel}","templated":true}]}}