{"id":22537,"date":"2025-08-18T23:18:30","date_gmt":"2025-08-18T20:18:30","guid":{"rendered":"https:\/\/pesu24.ee\/?post_type=product&#038;p=22537"},"modified":"2026-03-23T12:19:37","modified_gmt":"2026-03-23T10:19:37","slug":"kleit-obsessive-yollanda","status":"publish","type":"product","link":"https:\/\/pesu24.ee\/en\/oosargid\/kleit-obsessive-yollanda\/","title":{"rendered":"Kleit Obsessive Yollanda"},"content":{"rendered":"<p>Obsessive Yollanda kleit on valmistatud imelisest l\u00e4ikivast materjalist ning omab \u00fclimalt sensuaalset pliiatsl\u00f5iget, mis toob esile k\u00f5ik sinu imelised vormid ning kumerused.<\/p>\n<p><span style=\"color: #008000;\"><strong>DETAILS:<\/strong><\/span><\/p>\n<ul>\n<li>valmistatud mustast ning l\u00e4ikivast kangast<\/li>\n<li>reguleeritavad ristuvad \u00f5lapaelad seljal<\/li>\n<li>pliiatsl\u00f5ige &#8211; r\u00f5hutab naiselikku siluetti<\/li>\n<li>mugav ning elastne materjal (90% pol\u00fcetaan, 10% elastaan)<\/li>\n<\/ul>\n<p>Obsessive Yollanda \u00f6\u00f6s\u00e4rk sobib ideaalselt kokku <a href=\"https:\/\/pesu24.ee\/en\/sukad\/\">Obsessive S819 sukkadega<\/a>.<\/p>\n<p><span style=\"color: #008000;\"><strong>VIDEO<\/strong><\/span><\/p>\n<div class=\"video-container\"><iframe loading=\"lazy\" title=\"\u00daCHVATN\u00c9 \u0160ATY YOLLANDA DRESS - OBSESSIVE\" width=\"500\" height=\"281\" src=\"https:\/\/www.youtube.com\/embed\/gociKfo8XTc?feature=oembed&#038;wmode=opaque\" frameborder=\"0\" allow=\"accelerometer; autoplay; clipboard-write; encrypted-media; gyroscope; picture-in-picture; web-share\" referrerpolicy=\"strict-origin-when-cross-origin\" allowfullscreen><\/iframe><\/div>","protected":false},"excerpt":{"rendered":"<p>&#46;&#46;&#46;<\/p>","protected":false},"featured_media":19096,"comment_status":"open","ping_status":"closed","template":"","meta":{"_glsr_average":0,"_glsr_ranking":0,"_glsr_reviews":0},"product_brand":[500],"product_cat":[383,151],"product_tag":[160],"class_list":{"0":"post-22537","1":"product","2":"type-product","3":"status-publish","4":"has-post-thumbnail","6":"product_brand-obsessive","7":"product_cat-kleidid-seelikud","8":"product_cat-oosargid","9":"product_tag-obsessive","10":"pa_suurus-l-xl","11":"pa_suurus-s-m","12":"pa_suurus-xxl","13":"pa_varvus-must","15":"first","16":"instock","17":"sale","18":"sold-individually","19":"taxable","20":"shipping-taxable","21":"purchasable","22":"product-type-variable"},"_links":{"self":[{"href":"https:\/\/pesu24.ee\/en\/wp-json\/wp\/v2\/product\/22537","targetHints":{"allow":["GET"]}}],"collection":[{"href":"https:\/\/pesu24.ee\/en\/wp-json\/wp\/v2\/product"}],"about":[{"href":"https:\/\/pesu24.ee\/en\/wp-json\/wp\/v2\/types\/product"}],"replies":[{"embeddable":true,"href":"https:\/\/pesu24.ee\/en\/wp-json\/wp\/v2\/comments?post=22537"}],"wp:featuredmedia":[{"embeddable":true,"href":"https:\/\/pesu24.ee\/en\/wp-json\/wp\/v2\/media\/19096"}],"wp:attachment":[{"href":"https:\/\/pesu24.ee\/en\/wp-json\/wp\/v2\/media?parent=22537"}],"wp:term":[{"taxonomy":"product_brand","embeddable":true,"href":"https:\/\/pesu24.ee\/en\/wp-json\/wp\/v2\/product_brand?post=22537"},{"taxonomy":"product_cat","embeddable":true,"href":"https:\/\/pesu24.ee\/en\/wp-json\/wp\/v2\/product_cat?post=22537"},{"taxonomy":"product_tag","embeddable":true,"href":"https:\/\/pesu24.ee\/en\/wp-json\/wp\/v2\/product_tag?post=22537"}],"curies":[{"name":"wp","href":"https:\/\/api.w.org\/{rel}","templated":true}]}}