{"id":22538,"date":"2025-08-18T23:18:30","date_gmt":"2025-08-18T20:18:30","guid":{"rendered":"https:\/\/pesu24.ee\/?post_type=product&#038;p=22538"},"modified":"2025-08-21T16:08:00","modified_gmt":"2025-08-21T13:08:00","slug":"aksessuaaridega-oosark-obsessive-kissmas","status":"publish","type":"product","link":"https:\/\/pesu24.ee\/en\/oosargid\/aksessuaaridega-oosark-obsessive-kissmas\/","title":{"rendered":"Aksessuaaridega \u00f6\u00f6s\u00e4rk Obsessive Kissmas"},"content":{"rendered":"<p><strong>Obsessive Kissmas on erkpunane aksessuaaridega, mis kuulub Obssessive <a href=\"https:\/\/pesu24.ee\/en\/omadus\/obsessive-joulukollektsioonid\/\">j\u00f5uluteemalisse pesukollektsiooni<\/a>.<\/strong><\/p>\n<p>Tegu on tavalise punase \u00f6\u00f6s\u00e4rgiga, mille komplekti on j\u00f5ulude puhul lisatud humoorika j\u00f5ulum\u00fcts. Samuti on komplektiks s\u00e4\u00e4rev\u00f6\u00f6d.<\/p>\n<p>Valmistatud kvaliteetsest ja elastest Multistretch kangast, mis tagab ideaalse sobivuse. Lisaks on v\u00e4ga mugav kanda ning erutavalt meeldiv keha vastas tunda ja puudutada.<\/p>\n<p>Tutvuge ka teiste\u00a0<a href=\"https:\/\/pesu24.ee\/en\/omadus\/obsessive-christmas\/\">Obsessive Christmas<\/a>\u00a0pesukollektsiooni toodetega.<\/p>\n<p><span style=\"color: #008000;\"><strong>DETAILS<\/strong><\/span><\/p>\n<ul>\n<li>erkpunane \u00f6\u00f6s\u00e4rk<\/li>\n<li>komplektis s\u00e4\u00e4rev\u00f6\u00f6d, j\u00f5ulum\u00fcts<\/li>\n<li>kaelarihma on v\u00f5imalik eemaldada<\/li>\n<li>v\u00e4ga veniv Multistrech kangas<\/li>\n<li>mugav kanda<\/li>\n<li>meeldiv keha vastas tunda ja m\u00f5nus puudutada<\/li>\n<li>85% polyamide, 15% elastane<\/li>\n<\/ul>\n<p>Saadaval on ka <a href=\"https:\/\/pesu24.ee\/en\/pesukomplektid\/4-osaline-aksessuaaridega-pesukomplekt-obsessive-kissmas\/\">Kissmas pesukomplekt<\/a> kui ka <a href=\"https:\/\/pesu24.ee\/en\/bodyd\/aksessuaaridega-body-obsessive-kissmas\/\">Kissmas body<\/a>.<\/p>\n<p><span style=\"color: #008000;\"><strong>VIDEO<\/strong><\/span><\/p>\n<div class=\"video-container\"><iframe loading=\"lazy\" title=\"V\u00c1NO\u010cN\u00cd KOST\u00ddM KISSMAS CHEMISE RED - OBSESSIVE\" width=\"500\" height=\"281\" src=\"https:\/\/www.youtube.com\/embed\/YLfQytlNaQs?feature=oembed&#038;wmode=opaque\" frameborder=\"0\" allow=\"accelerometer; autoplay; clipboard-write; encrypted-media; gyroscope; picture-in-picture; web-share\" referrerpolicy=\"strict-origin-when-cross-origin\" allowfullscreen><\/iframe><\/div>","protected":false},"excerpt":{"rendered":"<p>&#46;&#46;&#46;<\/p>","protected":false},"featured_media":21593,"comment_status":"open","ping_status":"closed","template":"","meta":{"_glsr_average":0,"_glsr_ranking":0,"_glsr_reviews":0},"product_brand":[500],"product_cat":[151],"product_tag":[160,413,414],"class_list":{"0":"post-22538","1":"product","2":"type-product","3":"status-publish","4":"has-post-thumbnail","6":"product_brand-obsessive","7":"product_cat-oosargid","8":"product_tag-obsessive","9":"product_tag-obsessive-christmas","10":"product_tag-obsessive-joulukollektsioonid","11":"pa_suurus-l-xl","12":"pa_suurus-s-m","13":"pa_suurus-xxl","15":"first","16":"instock","17":"sold-individually","18":"taxable","19":"shipping-taxable","20":"purchasable","21":"product-type-variable"},"_links":{"self":[{"href":"https:\/\/pesu24.ee\/en\/wp-json\/wp\/v2\/product\/22538","targetHints":{"allow":["GET"]}}],"collection":[{"href":"https:\/\/pesu24.ee\/en\/wp-json\/wp\/v2\/product"}],"about":[{"href":"https:\/\/pesu24.ee\/en\/wp-json\/wp\/v2\/types\/product"}],"replies":[{"embeddable":true,"href":"https:\/\/pesu24.ee\/en\/wp-json\/wp\/v2\/comments?post=22538"}],"wp:featuredmedia":[{"embeddable":true,"href":"https:\/\/pesu24.ee\/en\/wp-json\/wp\/v2\/media\/21593"}],"wp:attachment":[{"href":"https:\/\/pesu24.ee\/en\/wp-json\/wp\/v2\/media?parent=22538"}],"wp:term":[{"taxonomy":"product_brand","embeddable":true,"href":"https:\/\/pesu24.ee\/en\/wp-json\/wp\/v2\/product_brand?post=22538"},{"taxonomy":"product_cat","embeddable":true,"href":"https:\/\/pesu24.ee\/en\/wp-json\/wp\/v2\/product_cat?post=22538"},{"taxonomy":"product_tag","embeddable":true,"href":"https:\/\/pesu24.ee\/en\/wp-json\/wp\/v2\/product_tag?post=22538"}],"curies":[{"name":"wp","href":"https:\/\/api.w.org\/{rel}","templated":true}]}}