{"id":22551,"date":"2025-08-18T23:18:30","date_gmt":"2025-08-18T20:18:30","guid":{"rendered":"https:\/\/pesu24.ee\/?post_type=product&#038;p=22551"},"modified":"2025-08-21T16:02:14","modified_gmt":"2025-08-21T13:02:14","slug":"oosark-obsessive-alluria","status":"publish","type":"product","link":"https:\/\/pesu24.ee\/en\/oosargid\/oosark-obsessive-alluria\/","title":{"rendered":"\u00d6\u00f6s\u00e4rk Obsessive Alluria"},"content":{"rendered":"<p>Obsessive Alluria on uskumatult naiselik \u00f6\u00f6s\u00e4rk, mis on valmistatud pooll\u00e4bipaistvast materjalist. Toote alumine \u00e4\u00e4r ja rinnakorvi osa on valmistatud sensuaalsest pitsist.<\/p>\n<p><span style=\"color: #008000;\"><strong>KOMPLEKT SISALDAB:<\/strong><\/span><\/p>\n<ul>\n<li>\u00f6\u00f6s\u00e4rk<\/li>\n<li>stringid<\/li>\n<\/ul>\n<p>Kombineerige komplekt <a href=\"https:\/\/pesu24.ee\/en\/hommikumantlid\/hommikumantel-obsessive-alluria\/\">Obsessive Alluria hommikumantliga<\/a>.<\/p>\n<p><span style=\"color: #008000;\"><strong>DETAILS:<\/strong><\/span><\/p>\n<ul>\n<li>valmistatud pooll\u00e4bipaistvast kangast<\/li>\n<li>reguleeritavad \u00f5lapaelad<\/li>\n<li>rinnakorvil tugikaared<\/li>\n<li>optiliselt salendav efekt<\/li>\n<li>pitsist rinnakorv<\/li>\n<li>mugav ja elastne materjal (90% pol\u00fcamiid, 10% elastaan)<\/li>\n<\/ul>","protected":false},"excerpt":{"rendered":"<p>&#46;&#46;&#46;<\/p>","protected":false},"featured_media":22679,"comment_status":"open","ping_status":"closed","template":"","meta":{"_glsr_average":0,"_glsr_ranking":0,"_glsr_reviews":0},"product_brand":[500],"product_cat":[151],"product_tag":[160],"class_list":{"0":"post-22551","1":"product","2":"type-product","3":"status-publish","4":"has-post-thumbnail","6":"product_brand-obsessive","7":"product_cat-oosargid","8":"product_tag-obsessive","9":"pa_suurus-l-xl","10":"pa_suurus-s-m","11":"pa_varvus-must","13":"first","14":"instock","15":"sold-individually","16":"taxable","17":"shipping-taxable","18":"purchasable","19":"product-type-variable"},"_links":{"self":[{"href":"https:\/\/pesu24.ee\/en\/wp-json\/wp\/v2\/product\/22551","targetHints":{"allow":["GET"]}}],"collection":[{"href":"https:\/\/pesu24.ee\/en\/wp-json\/wp\/v2\/product"}],"about":[{"href":"https:\/\/pesu24.ee\/en\/wp-json\/wp\/v2\/types\/product"}],"replies":[{"embeddable":true,"href":"https:\/\/pesu24.ee\/en\/wp-json\/wp\/v2\/comments?post=22551"}],"wp:featuredmedia":[{"embeddable":true,"href":"https:\/\/pesu24.ee\/en\/wp-json\/wp\/v2\/media\/22679"}],"wp:attachment":[{"href":"https:\/\/pesu24.ee\/en\/wp-json\/wp\/v2\/media?parent=22551"}],"wp:term":[{"taxonomy":"product_brand","embeddable":true,"href":"https:\/\/pesu24.ee\/en\/wp-json\/wp\/v2\/product_brand?post=22551"},{"taxonomy":"product_cat","embeddable":true,"href":"https:\/\/pesu24.ee\/en\/wp-json\/wp\/v2\/product_cat?post=22551"},{"taxonomy":"product_tag","embeddable":true,"href":"https:\/\/pesu24.ee\/en\/wp-json\/wp\/v2\/product_tag?post=22551"}],"curies":[{"name":"wp","href":"https:\/\/api.w.org\/{rel}","templated":true}]}}