{"id":22552,"date":"2025-08-18T23:18:30","date_gmt":"2025-08-18T20:18:30","guid":{"rendered":"https:\/\/pesu24.ee\/?post_type=product&#038;p=22552"},"modified":"2025-08-28T10:29:37","modified_gmt":"2025-08-28T07:29:37","slug":"oosark-beauty-night-marinela-punane","status":"publish","type":"product","link":"https:\/\/pesu24.ee\/en\/oosargid\/oosark-beauty-night-marinela-punane\/","title":{"rendered":"\u00d6\u00f6s\u00e4rk Beauty Night Marinela"},"content":{"rendered":"<p>Beauty Night Marinela on elegantne \u00f6\u00f6s\u00e4rk, mille alumine osa valmistatud l\u00e4ikivast punasest satiinist ning \u00fclemine osa pooll\u00e4bipaistvast mustast pitsist.<\/p>\n<p>\u00d6\u00f6s\u00e4rgi muudab eriti kelmikaks selle l\u00f5ige &#8211; nimelt on toote tagumine osa l\u00fchem kui esimene ning seel\u00e4bi toob esile teie tuharad.<\/p>\n<p><span style=\"color: #008000;\"><strong>KOMPLEKT SISALDAB:<\/strong><\/span><\/p>\n<ul>\n<li>\u00f6\u00f6s\u00e4rk<\/li>\n<li>stringid<\/li>\n<\/ul>\n<p><strong><span style=\"color: #008000;\">DETAILS:<\/span><\/strong><\/p>\n<ul>\n<li>v\u00e4rvus punane\/must<\/li>\n<li>valmistatud satiininist<\/li>\n<li>seksika l\u00f5ikega<\/li>\n<li>rinnakorvi osa valmistatud pooll\u00e4bipaistvast pitsist<\/li>\n<li>ristuvad reguleeritavad \u00f5lapaelad<\/li>\n<li>mugav ning elastne materjal (88% pol\u00fcester, 12% elastaan)<\/li>\n<\/ul>","protected":false},"excerpt":{"rendered":"<p>&#46;&#46;&#46;<\/p>","protected":false},"featured_media":22686,"comment_status":"open","ping_status":"closed","template":"","meta":{"_glsr_average":0,"_glsr_ranking":0,"_glsr_reviews":0},"product_brand":[503],"product_cat":[151],"product_tag":[403],"class_list":{"0":"post-22552","1":"product","2":"type-product","3":"status-publish","4":"has-post-thumbnail","6":"product_brand-beauty-night","7":"product_cat-oosargid","8":"product_tag-beauty-night","9":"pa_suurus-l-xl","10":"pa_suurus-s-m","11":"pa_varvus-must","12":"pa_varvus-punane","14":"first","15":"instock","16":"sold-individually","17":"taxable","18":"shipping-taxable","19":"purchasable","20":"product-type-variable"},"_links":{"self":[{"href":"https:\/\/pesu24.ee\/en\/wp-json\/wp\/v2\/product\/22552","targetHints":{"allow":["GET"]}}],"collection":[{"href":"https:\/\/pesu24.ee\/en\/wp-json\/wp\/v2\/product"}],"about":[{"href":"https:\/\/pesu24.ee\/en\/wp-json\/wp\/v2\/types\/product"}],"replies":[{"embeddable":true,"href":"https:\/\/pesu24.ee\/en\/wp-json\/wp\/v2\/comments?post=22552"}],"wp:featuredmedia":[{"embeddable":true,"href":"https:\/\/pesu24.ee\/en\/wp-json\/wp\/v2\/media\/22686"}],"wp:attachment":[{"href":"https:\/\/pesu24.ee\/en\/wp-json\/wp\/v2\/media?parent=22552"}],"wp:term":[{"taxonomy":"product_brand","embeddable":true,"href":"https:\/\/pesu24.ee\/en\/wp-json\/wp\/v2\/product_brand?post=22552"},{"taxonomy":"product_cat","embeddable":true,"href":"https:\/\/pesu24.ee\/en\/wp-json\/wp\/v2\/product_cat?post=22552"},{"taxonomy":"product_tag","embeddable":true,"href":"https:\/\/pesu24.ee\/en\/wp-json\/wp\/v2\/product_tag?post=22552"}],"curies":[{"name":"wp","href":"https:\/\/api.w.org\/{rel}","templated":true}]}}