{"id":22582,"date":"2025-08-18T23:19:05","date_gmt":"2025-08-18T20:19:05","guid":{"rendered":"https:\/\/pesu24.ee\/?post_type=product&#038;p=22582"},"modified":"2025-08-21T14:25:10","modified_gmt":"2025-08-21T11:25:10","slug":"pikk-oosark-obsessive-estiqua","status":"publish","type":"product","link":"https:\/\/pesu24.ee\/en\/oosargid\/pikk-oosark-obsessive-estiqua\/","title":{"rendered":"Pikk \u00f6\u00f6s\u00e4rk Obsessive Estiqua"},"content":{"rendered":"<p>Pikk &amp; stiiline \u00f6\u00f6s\u00e4rk Obsessive Estiqua s\u00fctitab meeled ja julgustab teid \u00fcheskoos aega veetma. As\u00fcmmeetriline l\u00f5ige r\u00f5hutab t\u00e4iuslikult siluetti ja lisab tervikule iseloomu. Imeliselt kaunistatud rinnahoidja osa r\u00f5hutab suurep\u00e4raselt rindade ja dekoltee v\u00e4limust, andes teile enesekindlust.<\/p>\n<p>H\u00f5bedane ripats v\u00f6\u00f6kohal t\u00f5mbab t\u00e4helepanu ja lisab elegantsust ning seksikust. L\u00e4bikumav kangas ei j\u00e4ta palju ruumi kujutlusv\u00f5imele.<\/p>\n<p><span style=\"color: #008000;\"><strong>KOMPLEKT SISALDAB:<\/strong><\/span><\/p>\n<ul>\n<li>\u00f6\u00f6s\u00e4rk<\/li>\n<\/ul>\n<p>Kombineerige \u00f6\u00f6s\u00e4rk <a href=\"https:\/\/pesu24.ee\/en\/oosargid\/pikk-oosark-obsessive-estiqua\/\">Obsessive Estiqua pika hommikumantliga<\/a>.<\/p>\n<p><span style=\"color: #008000;\"><strong>DETAILS:<\/strong><\/span><\/p>\n<ul>\n<li>pikk naiselik \u00f6\u00f6s\u00e4rk<\/li>\n<li>as\u00fcmmeetriline l\u00f5ige<\/li>\n<li>reguleeritavad \u00f5lapaelad<\/li>\n<li>l\u00e4bikumav kangas<\/li>\n<li>h\u00f5bedane ripats v\u00f6\u00f6kohal<\/li>\n<li>mugav &amp; elastne kangas (90% pol\u00fcamiid, 10% elastaan)<\/li>\n<\/ul>\n<p><span style=\"color: #008000;\"><strong>VIDEO<\/strong><\/span><\/p>\n<div class=\"video-container\"><iframe loading=\"lazy\" title=\"ELEGANTN\u00cd KO\u0160ILKA ESTIQUA LONG CHEMISE - OBSESSIVE\" width=\"500\" height=\"281\" src=\"https:\/\/www.youtube.com\/embed\/FL8ogKBG63E?feature=oembed&#038;wmode=opaque\" frameborder=\"0\" allow=\"accelerometer; autoplay; clipboard-write; encrypted-media; gyroscope; picture-in-picture; web-share\" referrerpolicy=\"strict-origin-when-cross-origin\" allowfullscreen><\/iframe><\/div>","protected":false},"excerpt":{"rendered":"<p>&#46;&#46;&#46;<\/p>","protected":false},"featured_media":22782,"comment_status":"open","ping_status":"closed","template":"","meta":{"_glsr_average":0,"_glsr_ranking":0,"_glsr_reviews":0},"product_brand":[500],"product_cat":[151],"product_tag":[160],"class_list":{"0":"post-22582","1":"product","2":"type-product","3":"status-publish","4":"has-post-thumbnail","6":"product_brand-obsessive","7":"product_cat-oosargid","8":"product_tag-obsessive","9":"pa_suurus-m-l","10":"pa_suurus-xl-xxl","11":"pa_suurus-xs-s","12":"pa_varvus-must","14":"first","15":"instock","16":"sold-individually","17":"taxable","18":"shipping-taxable","19":"purchasable","20":"product-type-variable"},"_links":{"self":[{"href":"https:\/\/pesu24.ee\/en\/wp-json\/wp\/v2\/product\/22582","targetHints":{"allow":["GET"]}}],"collection":[{"href":"https:\/\/pesu24.ee\/en\/wp-json\/wp\/v2\/product"}],"about":[{"href":"https:\/\/pesu24.ee\/en\/wp-json\/wp\/v2\/types\/product"}],"replies":[{"embeddable":true,"href":"https:\/\/pesu24.ee\/en\/wp-json\/wp\/v2\/comments?post=22582"}],"wp:featuredmedia":[{"embeddable":true,"href":"https:\/\/pesu24.ee\/en\/wp-json\/wp\/v2\/media\/22782"}],"wp:attachment":[{"href":"https:\/\/pesu24.ee\/en\/wp-json\/wp\/v2\/media?parent=22582"}],"wp:term":[{"taxonomy":"product_brand","embeddable":true,"href":"https:\/\/pesu24.ee\/en\/wp-json\/wp\/v2\/product_brand?post=22582"},{"taxonomy":"product_cat","embeddable":true,"href":"https:\/\/pesu24.ee\/en\/wp-json\/wp\/v2\/product_cat?post=22582"},{"taxonomy":"product_tag","embeddable":true,"href":"https:\/\/pesu24.ee\/en\/wp-json\/wp\/v2\/product_tag?post=22582"}],"curies":[{"name":"wp","href":"https:\/\/api.w.org\/{rel}","templated":true}]}}