{"id":22622,"date":"2025-08-18T23:20:01","date_gmt":"2025-08-18T20:20:01","guid":{"rendered":"https:\/\/pesu24.ee\/?post_type=product&#038;p=22622"},"modified":"2025-08-20T14:53:06","modified_gmt":"2025-08-20T11:53:06","slug":"oosark-obsessive-bellastia","status":"publish","type":"product","link":"https:\/\/pesu24.ee\/en\/oosargid\/oosark-obsessive-bellastia\/","title":{"rendered":"\u00d6\u00f6s\u00e4rk Obsessive Bellastia"},"content":{"rendered":"<p>Obsessive Bellastia on sensuaalne ning moodne \u00f6\u00f6s\u00e4rk, mis muudab teid lummavalt seksikaks igas ajahetkes. Selle s\u00fcgavmust v\u00e4rv ja \u00f5rnad pitskaunistused toovad esile teie naiselikkuse ning loovad romantilise \u00f5hkkonna.<\/p>\n<p>Obsessive Bellastia \u00f6\u00f6s\u00e4rk on mugav ja samas kaunistab teie keha ka k\u00f5ige intiimsematel hetkedel. See on t\u00e4iuslik valik neile, kes soovivad magada luksuslikult ja sensuaalselt.<\/p>\n<p>Tutvuge ka teiste <a href=\"https:\/\/pesu24.ee\/en\/omadus\/obsessive.bellastia\/\">Obsessive Bellastia<\/a> pesukollektsiooni toodetega.<\/p>\n<p><span style=\"color: #008000;\"><strong>KOMPLEKT SISALDAB:<\/strong><\/span><\/p>\n<ul>\n<li>\u00f6\u00f6s\u00e4rk<\/li>\n<li>stringid<\/li>\n<\/ul>\n<p><span style=\"color: #008000;\"><strong>DETAILS:<\/strong><\/span><\/p>\n<ul>\n<li>naiselik \u00f6\u00f6s\u00e4rk<\/li>\n<li>reguleeritavad \u00f5la- ja seljapaelad<\/li>\n<li>rinnakorvil tugikaared<\/li>\n<li>kaunistatud pitsiga<\/li>\n<li>valmistatud \u00f5hulisest &amp; mugavast kangast (85% pol\u00fcamiid &amp; 15% elastaan)<\/li>\n<\/ul>","protected":false},"excerpt":{"rendered":"<p>&#46;&#46;&#46;<\/p>","protected":false},"featured_media":22847,"comment_status":"open","ping_status":"closed","template":"","meta":{"_glsr_average":0,"_glsr_ranking":0,"_glsr_reviews":0},"product_brand":[500],"product_cat":[151],"product_tag":[160,454],"class_list":{"0":"post-22622","1":"product","2":"type-product","3":"status-publish","4":"has-post-thumbnail","6":"product_brand-obsessive","7":"product_cat-oosargid","8":"product_tag-obsessive","9":"product_tag-obsessive-bellastia","10":"pa_suurus-m-l","11":"pa_suurus-xl-xxl","12":"pa_suurus-xs-s","13":"pa_varvus-must","15":"first","16":"instock","17":"sold-individually","18":"taxable","19":"shipping-taxable","20":"purchasable","21":"product-type-variable"},"_links":{"self":[{"href":"https:\/\/pesu24.ee\/en\/wp-json\/wp\/v2\/product\/22622","targetHints":{"allow":["GET"]}}],"collection":[{"href":"https:\/\/pesu24.ee\/en\/wp-json\/wp\/v2\/product"}],"about":[{"href":"https:\/\/pesu24.ee\/en\/wp-json\/wp\/v2\/types\/product"}],"replies":[{"embeddable":true,"href":"https:\/\/pesu24.ee\/en\/wp-json\/wp\/v2\/comments?post=22622"}],"wp:featuredmedia":[{"embeddable":true,"href":"https:\/\/pesu24.ee\/en\/wp-json\/wp\/v2\/media\/22847"}],"wp:attachment":[{"href":"https:\/\/pesu24.ee\/en\/wp-json\/wp\/v2\/media?parent=22622"}],"wp:term":[{"taxonomy":"product_brand","embeddable":true,"href":"https:\/\/pesu24.ee\/en\/wp-json\/wp\/v2\/product_brand?post=22622"},{"taxonomy":"product_cat","embeddable":true,"href":"https:\/\/pesu24.ee\/en\/wp-json\/wp\/v2\/product_cat?post=22622"},{"taxonomy":"product_tag","embeddable":true,"href":"https:\/\/pesu24.ee\/en\/wp-json\/wp\/v2\/product_tag?post=22622"}],"curies":[{"name":"wp","href":"https:\/\/api.w.org\/{rel}","templated":true}]}}