{"id":22937,"date":"2025-08-18T23:26:01","date_gmt":"2025-08-18T20:26:01","guid":{"rendered":"https:\/\/pesu24.ee\/?post_type=product&#038;p=22937"},"modified":"2025-09-22T14:28:29","modified_gmt":"2025-09-22T11:28:29","slug":"oosark-obsessive-rosenty","status":"publish","type":"product","link":"https:\/\/pesu24.ee\/en\/oosargid\/oosark-obsessive-rosenty\/","title":{"rendered":"\u00d6\u00f6s\u00e4rk Obsessive Rosenty"},"content":{"rendered":"<p>Obsessive Rosenty on luksuslik ja sensuaalne \u00f6\u00f6s\u00e4rk, mis on loodud selleks, et panna ennast tundma unikaalselt ja kaunina. See \u00f6\u00f6s\u00e4rk on m\u00f5eldud intiimseteks hetkedeks partneriga v\u00f5i lihtsalt enese hellitamiseks ning see \u00fchendab elegantse disaini ja kandmismugavuse \u00fches.<\/p>\n<p>\u00d6\u00f6s\u00e4rk on valmistatud kvaliteetsetest ja luksuslikest materjalidest, mis on meeldivad nahal ja pakuvad \u00f6\u00f6pikkust mugavust. Disainis leiab punaseid roositeemalisi pitsist kaunistusi, mis lisavad pesule sensuaalsust ja elegantsi. \u00d6\u00f6s\u00e4rgi l\u00f5ige on naiselik ja figuuri r\u00f5hutav, mis aitab teil tunda end enesekindlalt ja atraktiivselt.<\/p>\n<p>Obsessive Rosenty \u00f6\u00f6s\u00e4rk ideaalne valik neile, kes soovivad lisada oma \u00f6isele rutiinile luksust ja sensuaalsust. See aitab teil luua intiimseid ja romantilisi hetki, kus tunnete end erilisena, olgu siis kahekesi oma partneriga v\u00f5i lihtsalt enda jaoks.<\/p>\n<p>Tutvuge ka teiste <a href=\"https:\/\/pesu24.ee\/en\/omadus\/obsessive-rosenty\/\">Obsessive Rosenty<\/a> pesukollektsiooni toodetega.<\/p>\n<p><span style=\"color: #008000;\"><strong>KOMPLEKT SISALDAB:<\/strong><\/span><\/p>\n<ul>\n<li>\u00f6\u00f6s\u00e4rk<\/li>\n<li>stringid<\/li>\n<\/ul>\n<p><span style=\"color: #008000;\"><strong>DETAILS:<\/strong><\/span><\/p>\n<ul>\n<li>kaunistatud punase roositeemalise pitsiga<\/li>\n<li>reguleeritavad \u00f5lapaelad<\/li>\n<li>taga astmeline kinnitus<\/li>\n<li>rinnakorvil tugikaared<\/li>\n<li>mugav &amp; elastne kangas (85% pol\u00fcamiid &amp; 15% elastaan)<\/li>\n<\/ul>\n<p><span style=\"color: #008000;\"><strong>VIDEO<\/strong><\/span><\/p>\n<div class=\"video-container\"><iframe loading=\"lazy\" title=\"JEMN\u00c1 KO\u0160ILKA ROSENTY CHEMISE - OBSESSIVE\" width=\"500\" height=\"281\" src=\"https:\/\/www.youtube.com\/embed\/eVrn5SXPcPo?feature=oembed&#038;wmode=opaque\" frameborder=\"0\" allow=\"accelerometer; autoplay; clipboard-write; encrypted-media; gyroscope; picture-in-picture; web-share\" referrerpolicy=\"strict-origin-when-cross-origin\" allowfullscreen><\/iframe><\/div>","protected":false},"excerpt":{"rendered":"<p>&#46;&#46;&#46;<\/p>","protected":false},"featured_media":22946,"comment_status":"open","ping_status":"closed","template":"","meta":{"_glsr_average":0,"_glsr_ranking":0,"_glsr_reviews":0},"product_brand":[500],"product_cat":[151],"product_tag":[160,455],"class_list":{"0":"post-22937","1":"product","2":"type-product","3":"status-publish","4":"has-post-thumbnail","6":"product_brand-obsessive","7":"product_cat-oosargid","8":"product_tag-obsessive","9":"product_tag-obsessive-rosenty","10":"pa_suurus-m-l","11":"pa_suurus-xl-xxl","12":"pa_suurus-xs-s","13":"pa_varvus-must","14":"pa_varvus-punane","16":"first","17":"instock","18":"sold-individually","19":"taxable","20":"shipping-taxable","21":"purchasable","22":"product-type-variable"},"_links":{"self":[{"href":"https:\/\/pesu24.ee\/en\/wp-json\/wp\/v2\/product\/22937","targetHints":{"allow":["GET"]}}],"collection":[{"href":"https:\/\/pesu24.ee\/en\/wp-json\/wp\/v2\/product"}],"about":[{"href":"https:\/\/pesu24.ee\/en\/wp-json\/wp\/v2\/types\/product"}],"replies":[{"embeddable":true,"href":"https:\/\/pesu24.ee\/en\/wp-json\/wp\/v2\/comments?post=22937"}],"wp:featuredmedia":[{"embeddable":true,"href":"https:\/\/pesu24.ee\/en\/wp-json\/wp\/v2\/media\/22946"}],"wp:attachment":[{"href":"https:\/\/pesu24.ee\/en\/wp-json\/wp\/v2\/media?parent=22937"}],"wp:term":[{"taxonomy":"product_brand","embeddable":true,"href":"https:\/\/pesu24.ee\/en\/wp-json\/wp\/v2\/product_brand?post=22937"},{"taxonomy":"product_cat","embeddable":true,"href":"https:\/\/pesu24.ee\/en\/wp-json\/wp\/v2\/product_cat?post=22937"},{"taxonomy":"product_tag","embeddable":true,"href":"https:\/\/pesu24.ee\/en\/wp-json\/wp\/v2\/product_tag?post=22937"}],"curies":[{"name":"wp","href":"https:\/\/api.w.org\/{rel}","templated":true}]}}