{"id":22938,"date":"2025-08-18T23:26:01","date_gmt":"2025-08-18T20:26:01","guid":{"rendered":"https:\/\/pesu24.ee\/?post_type=product&#038;p=22938"},"modified":"2025-08-20T14:53:05","modified_gmt":"2025-08-20T11:53:05","slug":"oosark-obsessive-medilla","status":"publish","type":"product","link":"https:\/\/pesu24.ee\/en\/oosargid\/oosark-obsessive-medilla\/","title":{"rendered":"\u00d6\u00f6s\u00e4rk Obsessive Medilla"},"content":{"rendered":"<p>Unustade igap\u00e4evased mured ja sukelduge luksuslikku \u00f6\u00f6s\u00e4rki, mis viib teid lummavate unen\u00e4gudeni. Obsessive Medilla \u00f6\u00f6s\u00e4rk on loodud just neile, kes hindavad kvaliteeti, mugavust ja sensuaalsust. Obsessive Medilla \u00f6\u00f6s\u00e4rk sobib suurep\u00e4raselt romantilisteks \u00f5htuteks, kuid on samav\u00f5rra mugav ka igap\u00e4evaseks kandmiseks.<\/p>\n<p>Obsessive Medilla \u00f6\u00f6s\u00e4rk on valmistatud pehmest, pooll\u00e4bipaistvast ja siidisest kangast, mis libiseb \u00f5rnalt \u00fcle teie naha, andes teile unustamatu mugavuse kogu \u00f6\u00f6ks. Medilla \u00f6\u00f6s\u00e4rgi elegantsed pitsdetailid ja sensuaalsed l\u00f5iked loovad unikaalse ja ahvatleva ilme, mis \u00e4ratab sensuaalsuse teie igas unen\u00e4os.<\/p>\n<p>Tutvuge ka teiste <a href=\"https:\/\/pesu24.ee\/en\/omadus\/obsessive-medilla\/\">Obsessive Medilla<\/a> pesukollektsiooni toodetega.<\/p>\n<p><span style=\"color: #008000;\"><strong>KOMPLEKT SISALDAB:<\/strong><\/span><\/p>\n<ul>\n<li>\u00f6\u00f6s\u00e4rk<\/li>\n<li>stringid<\/li>\n<\/ul>\n<p><span style=\"color: #008000;\"><strong>DETAILS:<\/strong><\/span><\/p>\n<ul>\n<li>uskumatult v\u00f5luv klassikalise l\u00f5ikega \u00f6\u00f6s\u00e4rk<\/li>\n<li>kaela tagant kinnituv<\/li>\n<li>osaliselt polsterdatud rinnakorv<\/li>\n<li>reguleeritavad \u00f5lapaelad<\/li>\n<li>taga astmeline kinnitus<\/li>\n<li>mugav &amp; elastne kangas (94% pol\u00fcamiid &amp; 6% elastaan)<\/li>\n<\/ul>\n<p><span style=\"color: #008000;\"><strong>VIDEO<\/strong><\/span><\/p>\n<div class=\"video-container\"><iframe loading=\"lazy\" title=\"JEMN\u00c1 KO\u0160ILKA MEDILLA CHEMISE - OBSESSIVE\" width=\"500\" height=\"281\" src=\"https:\/\/www.youtube.com\/embed\/Vr_vv6Mt_PQ?feature=oembed&#038;wmode=opaque\" frameborder=\"0\" allow=\"accelerometer; autoplay; clipboard-write; encrypted-media; gyroscope; picture-in-picture; web-share\" referrerpolicy=\"strict-origin-when-cross-origin\" allowfullscreen><\/iframe><\/div>","protected":false},"excerpt":{"rendered":"<p>&#46;&#46;&#46;<\/p>","protected":false},"featured_media":22953,"comment_status":"open","ping_status":"closed","template":"","meta":{"_glsr_average":0,"_glsr_ranking":0,"_glsr_reviews":0},"product_brand":[500],"product_cat":[151],"product_tag":[160,458],"class_list":{"0":"post-22938","1":"product","2":"type-product","3":"status-publish","4":"has-post-thumbnail","6":"product_brand-obsessive","7":"product_cat-oosargid","8":"product_tag-obsessive","9":"product_tag-obsessive-medilla","10":"pa_suurus-m-l","11":"pa_suurus-xl-xxl","12":"pa_suurus-xs-s","13":"pa_varvus-must","15":"first","16":"instock","17":"sold-individually","18":"taxable","19":"shipping-taxable","20":"purchasable","21":"product-type-variable"},"_links":{"self":[{"href":"https:\/\/pesu24.ee\/en\/wp-json\/wp\/v2\/product\/22938","targetHints":{"allow":["GET"]}}],"collection":[{"href":"https:\/\/pesu24.ee\/en\/wp-json\/wp\/v2\/product"}],"about":[{"href":"https:\/\/pesu24.ee\/en\/wp-json\/wp\/v2\/types\/product"}],"replies":[{"embeddable":true,"href":"https:\/\/pesu24.ee\/en\/wp-json\/wp\/v2\/comments?post=22938"}],"wp:featuredmedia":[{"embeddable":true,"href":"https:\/\/pesu24.ee\/en\/wp-json\/wp\/v2\/media\/22953"}],"wp:attachment":[{"href":"https:\/\/pesu24.ee\/en\/wp-json\/wp\/v2\/media?parent=22938"}],"wp:term":[{"taxonomy":"product_brand","embeddable":true,"href":"https:\/\/pesu24.ee\/en\/wp-json\/wp\/v2\/product_brand?post=22938"},{"taxonomy":"product_cat","embeddable":true,"href":"https:\/\/pesu24.ee\/en\/wp-json\/wp\/v2\/product_cat?post=22938"},{"taxonomy":"product_tag","embeddable":true,"href":"https:\/\/pesu24.ee\/en\/wp-json\/wp\/v2\/product_tag?post=22938"}],"curies":[{"name":"wp","href":"https:\/\/api.w.org\/{rel}","templated":true}]}}