{"id":22939,"date":"2025-08-18T23:26:01","date_gmt":"2025-08-18T20:26:01","guid":{"rendered":"https:\/\/pesu24.ee\/?post_type=product&#038;p=22939"},"modified":"2025-08-21T15:46:31","modified_gmt":"2025-08-21T12:46:31","slug":"oosark-obsessive-ingridia","status":"publish","type":"product","link":"https:\/\/pesu24.ee\/en\/oosargid\/oosark-obsessive-ingridia\/","title":{"rendered":"\u00d6\u00f6s\u00e4rk Obsessive Ingridia"},"content":{"rendered":"<p>Kas otsite aluspesu, mis v\u00f5lub ja k\u00f6idab oma huvitava disainiga? Seljuhul sobib teile Obsessive Ingridia \u00f6\u00f6s\u00e4rk, mille \u00f5rn ja uskumatult pehme kangas on tulises punases v\u00e4rvitoonis, kombineeritud elegantse lillemotiiv pitsiga. Klassikaline l\u00f5ige sobib suurep\u00e4raselt naisterahva figuuriga, r\u00f5hutades k\u00f5iki teie olulisi kehaosi.<\/p>\n<p>Ingridia \u00f6\u00f6s\u00e4rk on t\u00e4iuslik valik romantiliste hetkede nautimiseks. Valige sensuaalsuse ja mugavuse kombinatsioon ning looge unustamatuid hetki oma elus. See \u00f6\u00f6s\u00e4rk kutsub esile kirgliku \u00f5hkkonna ja aitab teil luua intiimseid m\u00e4lestusi.<\/p>\n<p>Tutvuge ka teiste <a href=\"https:\/\/pesu24.ee\/en\/omadus\/obsessive-ingridia\/\">Obsessive Ingridia<\/a>\u00a0pesukollektsiooni toodetega.<\/p>\n<p><span style=\"color: #008000;\"><strong>KOMPLEKT SISALDAB:<\/strong><\/span><\/p>\n<ul>\n<li>\u00f6\u00f6s\u00e4rk<\/li>\n<li>stringid<\/li>\n<\/ul>\n<p><span style=\"color: #008000;\"><strong>DETAILS:<\/strong><\/span><\/p>\n<ul>\n<li>s\u00fcgavpunast tooni<\/li>\n<li>taga astmeline kinnitus<\/li>\n<li>reguleeritavad \u00f5lapaelad<\/li>\n<li>osaliselt polsterdatud ja tugikaartega rinnakorv<\/li>\n<li>mugav &amp; elastne kangas (85% pol\u00fcamiid &amp; 15% elastaan)<\/li>\n<\/ul>","protected":false},"excerpt":{"rendered":"<p>&#46;&#46;&#46;<\/p>","protected":false},"featured_media":22983,"comment_status":"open","ping_status":"closed","template":"","meta":{"_glsr_average":0,"_glsr_ranking":0,"_glsr_reviews":0},"product_brand":[500],"product_cat":[151],"product_tag":[160,460],"class_list":{"0":"post-22939","1":"product","2":"type-product","3":"status-publish","4":"has-post-thumbnail","6":"product_brand-obsessive","7":"product_cat-oosargid","8":"product_tag-obsessive","9":"product_tag-obsessive-ingridia","10":"pa_suurus-m-l","11":"pa_suurus-xl-xxl","12":"pa_suurus-xs-s","13":"pa_varvus-punane","15":"first","16":"instock","17":"sold-individually","18":"taxable","19":"shipping-taxable","20":"purchasable","21":"product-type-variable"},"_links":{"self":[{"href":"https:\/\/pesu24.ee\/en\/wp-json\/wp\/v2\/product\/22939","targetHints":{"allow":["GET"]}}],"collection":[{"href":"https:\/\/pesu24.ee\/en\/wp-json\/wp\/v2\/product"}],"about":[{"href":"https:\/\/pesu24.ee\/en\/wp-json\/wp\/v2\/types\/product"}],"replies":[{"embeddable":true,"href":"https:\/\/pesu24.ee\/en\/wp-json\/wp\/v2\/comments?post=22939"}],"wp:featuredmedia":[{"embeddable":true,"href":"https:\/\/pesu24.ee\/en\/wp-json\/wp\/v2\/media\/22983"}],"wp:attachment":[{"href":"https:\/\/pesu24.ee\/en\/wp-json\/wp\/v2\/media?parent=22939"}],"wp:term":[{"taxonomy":"product_brand","embeddable":true,"href":"https:\/\/pesu24.ee\/en\/wp-json\/wp\/v2\/product_brand?post=22939"},{"taxonomy":"product_cat","embeddable":true,"href":"https:\/\/pesu24.ee\/en\/wp-json\/wp\/v2\/product_cat?post=22939"},{"taxonomy":"product_tag","embeddable":true,"href":"https:\/\/pesu24.ee\/en\/wp-json\/wp\/v2\/product_tag?post=22939"}],"curies":[{"name":"wp","href":"https:\/\/api.w.org\/{rel}","templated":true}]}}