{"id":22940,"date":"2025-08-18T23:26:01","date_gmt":"2025-08-18T20:26:01","guid":{"rendered":"https:\/\/pesu24.ee\/?post_type=product&#038;p=22940"},"modified":"2025-08-20T14:53:06","modified_gmt":"2025-08-20T11:53:06","slug":"oosark-obsessive-donarella","status":"publish","type":"product","link":"https:\/\/pesu24.ee\/en\/oosargid\/oosark-obsessive-donarella\/","title":{"rendered":"\u00d6\u00f6s\u00e4rk Obsessive Donarella"},"content":{"rendered":"<p>Obsessive Donarella \u00f6\u00f6s\u00e4rk on \u00f5rnalt minimalistliku disainiga, mis peegeldab sensuaalsust ja elegantsi. Valmistatud kvaliteetsetest kangastest ning t\u00e4iendatud ahvatlevate detailidega, loob see \u00f6\u00f6s\u00e4rk ideaalse atmosf\u00e4\u00e4ri romantiliseks \u00f5htuks.<\/p>\n<p>Musta v\u00e4rvi ja \u00f5rnade joontega \u00f6\u00f6s\u00e4rk on suurep\u00e4rane valik neile, kes hindavad lihtsat ja samas veetlevat stiili. Olgu see teie valik, kui soovite lisada oma \u00f6\u00f6dele pisut ekstra v\u00f5lu ja elegantsi.<\/p>\n<p>Tutvuge ka teiste <a href=\"https:\/\/pesu24.ee\/en\/omadus\/obsessive-donarella\/\">Obsessive Donarella<\/a> pesukollektsiooni toodetega.<\/p>\n<p><span style=\"color: #008000;\"><strong>KOMPLEKT SISALDAB:<\/strong><\/span><\/p>\n<ul>\n<li>\u00f6\u00f6s\u00e4rk<\/li>\n<li>stringid<\/li>\n<li>kaelav\u00f6\u00f6<\/li>\n<\/ul>\n<p><span style=\"color: #008000;\"><strong>DETAILS:<\/strong><\/span><\/p>\n<ul>\n<li>taga astmeline kinnitus<\/li>\n<li>rinnakorvil tugikaared<\/li>\n<li>ees ripats<\/li>\n<li>reguleeritavad \u00f5lapaelad<\/li>\n<li>mugav &amp; elastne kangas (94% pol\u00fcamiid &amp; 6% elastaan)<\/li>\n<\/ul>","protected":false},"excerpt":{"rendered":"<p>&#46;&#46;&#46;<\/p>","protected":false},"featured_media":22990,"comment_status":"open","ping_status":"closed","template":"","meta":{"_glsr_average":0,"_glsr_ranking":0,"_glsr_reviews":0},"product_brand":[500],"product_cat":[151],"product_tag":[160,469],"class_list":{"0":"post-22940","1":"product","2":"type-product","3":"status-publish","4":"has-post-thumbnail","6":"product_brand-obsessive","7":"product_cat-oosargid","8":"product_tag-obsessive","9":"product_tag-obsessive-donarella","10":"pa_suurus-m-l","11":"pa_suurus-xl-xxl","12":"pa_suurus-xs-s","13":"pa_varvus-must","15":"first","16":"instock","17":"sold-individually","18":"taxable","19":"shipping-taxable","20":"purchasable","21":"product-type-variable"},"_links":{"self":[{"href":"https:\/\/pesu24.ee\/en\/wp-json\/wp\/v2\/product\/22940","targetHints":{"allow":["GET"]}}],"collection":[{"href":"https:\/\/pesu24.ee\/en\/wp-json\/wp\/v2\/product"}],"about":[{"href":"https:\/\/pesu24.ee\/en\/wp-json\/wp\/v2\/types\/product"}],"replies":[{"embeddable":true,"href":"https:\/\/pesu24.ee\/en\/wp-json\/wp\/v2\/comments?post=22940"}],"wp:featuredmedia":[{"embeddable":true,"href":"https:\/\/pesu24.ee\/en\/wp-json\/wp\/v2\/media\/22990"}],"wp:attachment":[{"href":"https:\/\/pesu24.ee\/en\/wp-json\/wp\/v2\/media?parent=22940"}],"wp:term":[{"taxonomy":"product_brand","embeddable":true,"href":"https:\/\/pesu24.ee\/en\/wp-json\/wp\/v2\/product_brand?post=22940"},{"taxonomy":"product_cat","embeddable":true,"href":"https:\/\/pesu24.ee\/en\/wp-json\/wp\/v2\/product_cat?post=22940"},{"taxonomy":"product_tag","embeddable":true,"href":"https:\/\/pesu24.ee\/en\/wp-json\/wp\/v2\/product_tag?post=22940"}],"curies":[{"name":"wp","href":"https:\/\/api.w.org\/{rel}","templated":true}]}}