{"id":22941,"date":"2025-08-18T23:26:01","date_gmt":"2025-08-18T20:26:01","guid":{"rendered":"https:\/\/pesu24.ee\/?post_type=product&#038;p=22941"},"modified":"2025-08-20T17:27:16","modified_gmt":"2025-08-20T14:27:16","slug":"oosark-beauty-night-paloma","status":"publish","type":"product","link":"https:\/\/pesu24.ee\/en\/oosargid\/oosark-beauty-night-paloma\/","title":{"rendered":"\u00d6\u00f6s\u00e4rk Beauty Night Paloma"},"content":{"rendered":"<p>Tutvustame uhket Beauty Night Paloma \u00f6\u00f6s\u00e4rki &#8211; t\u00e4iuslik segu elegantsist ja mugavusest, mis muudab iga \u00f5htu eriliseks ja luksuslikuks kogemuseks. Paloma \u00f6\u00f6s\u00e4rk on valmistatud kvaliteetsest satiinist, mis hellitab Sinu nahka ja pakub \u00f5rna puudutust. Selle delikaatne pitsdetailidega kaunistatud disain lisab s\u00e4ravat elegantsi ja naiselikku v\u00f5lu, muutes selle unikaalseks ja ahvatlevaks.<\/p>\n<p>\u00d6\u00f6s\u00e4rgil on \u00f5rnad paelad, mis libisevad \u00f5rnalt \u00fcle \u00f5lgade, tagades mugavuse ja liikumisvabaduse une ajal. Lisaks pakub see piisavalt katvust, et tunda end mugavalt ja enesekindlalt ka p\u00e4rast \u00e4rkamist.<\/p>\n<p>Beauty Night Paloma \u00f6\u00f6s\u00e4rk on ideaalne valik romantilisteks \u00f5htuteks v\u00f5i erilisteks hetkedeks, kus soovid end tunda ilusa ja lummavana. Olgu see siis kingitus endale v\u00f5i kallimale, see \u00f6\u00f6s\u00e4rk on kindel valik, et lisada veidi luksust igasse \u00f5htusse. Naudi \u00f6ist v\u00f5lu ja enesekindlust &#8211; osta Beauty Night Paloma \u00f6\u00f6s\u00e4rk juba t\u00e4na.<\/p>\n<p><span style=\"color: #008000;\"><strong>KOMPLEKT SISALDAB:<\/strong><\/span><\/p>\n<ul>\n<li>\u00f6\u00f6s\u00e4rk<\/li>\n<li>stringid<\/li>\n<\/ul>\n<p><strong><span style=\"color: #008000;\">DETAILS:<\/span><\/strong><\/p>\n<ul>\n<li>color black<\/li>\n<li>valmistatud l\u00e4ikivast materjalist<\/li>\n<li>kaunistatud musta pitsiga<\/li>\n<li>reguleeritavad \u00f5lapaelad<\/li>\n<li>vasakul l\u00f5hik<\/li>\n<li>mugav ning elastne kangast (100% pol\u00fcester)<\/li>\n<\/ul>","protected":false},"excerpt":{"rendered":"<p>&#46;&#46;&#46;<\/p>","protected":false},"featured_media":22994,"comment_status":"open","ping_status":"closed","template":"","meta":{"_glsr_average":0,"_glsr_ranking":0,"_glsr_reviews":0},"product_brand":[503],"product_cat":[151],"product_tag":[403],"class_list":{"0":"post-22941","1":"product","2":"type-product","3":"status-publish","4":"has-post-thumbnail","6":"product_brand-beauty-night","7":"product_cat-oosargid","8":"product_tag-beauty-night","9":"pa_suurus-l-xl","10":"pa_suurus-s-m","11":"pa_suurus-xxl","12":"pa_varvus-must","14":"first","15":"instock","16":"sold-individually","17":"taxable","18":"shipping-taxable","19":"purchasable","20":"product-type-variable"},"_links":{"self":[{"href":"https:\/\/pesu24.ee\/en\/wp-json\/wp\/v2\/product\/22941","targetHints":{"allow":["GET"]}}],"collection":[{"href":"https:\/\/pesu24.ee\/en\/wp-json\/wp\/v2\/product"}],"about":[{"href":"https:\/\/pesu24.ee\/en\/wp-json\/wp\/v2\/types\/product"}],"replies":[{"embeddable":true,"href":"https:\/\/pesu24.ee\/en\/wp-json\/wp\/v2\/comments?post=22941"}],"wp:featuredmedia":[{"embeddable":true,"href":"https:\/\/pesu24.ee\/en\/wp-json\/wp\/v2\/media\/22994"}],"wp:attachment":[{"href":"https:\/\/pesu24.ee\/en\/wp-json\/wp\/v2\/media?parent=22941"}],"wp:term":[{"taxonomy":"product_brand","embeddable":true,"href":"https:\/\/pesu24.ee\/en\/wp-json\/wp\/v2\/product_brand?post=22941"},{"taxonomy":"product_cat","embeddable":true,"href":"https:\/\/pesu24.ee\/en\/wp-json\/wp\/v2\/product_cat?post=22941"},{"taxonomy":"product_tag","embeddable":true,"href":"https:\/\/pesu24.ee\/en\/wp-json\/wp\/v2\/product_tag?post=22941"}],"curies":[{"name":"wp","href":"https:\/\/api.w.org\/{rel}","templated":true}]}}