{"id":22942,"date":"2025-08-18T23:26:01","date_gmt":"2025-08-18T20:26:01","guid":{"rendered":"https:\/\/pesu24.ee\/?post_type=product&#038;p=22942"},"modified":"2026-03-05T10:04:40","modified_gmt":"2026-03-05T08:04:40","slug":"oosark-beauty-night-davina","status":"publish","type":"product","link":"https:\/\/pesu24.ee\/en\/oosargid\/oosark-beauty-night-davina\/","title":{"rendered":"\u00d6\u00f6s\u00e4rk Beauty Night Davina"},"content":{"rendered":"<p>Avasta meie uusim kollektsioon &#8211; Beauty Night Davina pooll\u00e4bipaistev \u00f6\u00f6s\u00e4rk. See luksuslik ja v\u00f5rgutav \u00f6\u00f6r\u00f5ivas on loodud selleks, et t\u00e4iendada Sinu sensuaalset k\u00fclge ning tuua esile Sinu naiselikku ilu.<\/p>\n<p>Davina \u00f6\u00f6s\u00e4rk on valmistatud kvaliteetsest ja \u00f5rnast materjalist, mis hellitab Sinu nahka ja pakub unustamatut mugavust. Selle pooll\u00e4bipaistev disain, mida kaunistavad elegantne pits ja \u00f5rnad detailid, loovad unikaalse ja ahvatleva v\u00e4limuse, mis j\u00e4tab unustamatu mulje.<\/p>\n<p>\u00d6\u00f6s\u00e4rgil on reguleeritavad paelad, mis v\u00f5imaldavad sul seda t\u00e4pselt oma kehaga sobitada, tagades ideaalse mugavuse ja istuvuse. Lisaks pakub see piisavalt katvust, et tunda end enesekindlalt ja v\u00f5rgutavana igal hetkel.<\/p>\n<p>Beauty Night Davina pooll\u00e4bipaistev \u00f6\u00f6s\u00e4rk on ideaalne valik romantilisteks \u00f5htuteks v\u00f5i erilisteks hetkedeks, kus soovid end tunda eriti kaunina ja lummavalt. Olgu see siis kingitus endale v\u00f5i kallimale, see \u00f6\u00f6s\u00e4rk toob Sinu \u00f6\u00f6sse s\u00e4ra ja v\u00f5lu. Astu selle \u00f6\u00f6r\u00f5iva v\u00f5lumaailma ja tunne end igal \u00f5htul erakordselt ilusana &#8211; osta Beauty Night Davina \u00f6\u00f6s\u00e4rk juba t\u00e4na.<\/p>\n<p><span style=\"color: #008000;\"><strong>KOMPLEKT SISALDAB:<\/strong><\/span><\/p>\n<ul>\n<li>\u00f6\u00f6s\u00e4rk<\/li>\n<li>stringid<\/li>\n<\/ul>\n<p><strong><span style=\"color: #008000;\">DETAILS:<\/span><\/strong><\/p>\n<ul>\n<li>color black<\/li>\n<li>valmistatud pooll\u00e4vipaistvast materjalist<\/li>\n<li>kaunistatud musta pitsiga<\/li>\n<li>reguleeritavad \u00f5lapaelad<\/li>\n<li>avatud selg<\/li>\n<li>mugav ning elastne kangast (88% pol\u00fcester &amp; 12% elastaan)<\/li>\n<\/ul>","protected":false},"excerpt":{"rendered":"<p>&#46;&#46;&#46;<\/p>","protected":false},"featured_media":23005,"comment_status":"open","ping_status":"closed","template":"","meta":{"_glsr_average":0,"_glsr_ranking":0,"_glsr_reviews":0},"product_brand":[503],"product_cat":[151],"product_tag":[403],"class_list":{"0":"post-22942","1":"product","2":"type-product","3":"status-publish","4":"has-post-thumbnail","6":"product_brand-beauty-night","7":"product_cat-oosargid","8":"product_tag-beauty-night","9":"pa_suurus-l-xl","10":"pa_suurus-s-m","11":"pa_varvus-must","13":"first","14":"instock","15":"sold-individually","16":"taxable","17":"shipping-taxable","18":"purchasable","19":"product-type-variable"},"_links":{"self":[{"href":"https:\/\/pesu24.ee\/en\/wp-json\/wp\/v2\/product\/22942","targetHints":{"allow":["GET"]}}],"collection":[{"href":"https:\/\/pesu24.ee\/en\/wp-json\/wp\/v2\/product"}],"about":[{"href":"https:\/\/pesu24.ee\/en\/wp-json\/wp\/v2\/types\/product"}],"replies":[{"embeddable":true,"href":"https:\/\/pesu24.ee\/en\/wp-json\/wp\/v2\/comments?post=22942"}],"wp:featuredmedia":[{"embeddable":true,"href":"https:\/\/pesu24.ee\/en\/wp-json\/wp\/v2\/media\/23005"}],"wp:attachment":[{"href":"https:\/\/pesu24.ee\/en\/wp-json\/wp\/v2\/media?parent=22942"}],"wp:term":[{"taxonomy":"product_brand","embeddable":true,"href":"https:\/\/pesu24.ee\/en\/wp-json\/wp\/v2\/product_brand?post=22942"},{"taxonomy":"product_cat","embeddable":true,"href":"https:\/\/pesu24.ee\/en\/wp-json\/wp\/v2\/product_cat?post=22942"},{"taxonomy":"product_tag","embeddable":true,"href":"https:\/\/pesu24.ee\/en\/wp-json\/wp\/v2\/product_tag?post=22942"}],"curies":[{"name":"wp","href":"https:\/\/api.w.org\/{rel}","templated":true}]}}