{"id":22944,"date":"2025-08-18T23:26:01","date_gmt":"2025-08-18T20:26:01","guid":{"rendered":"https:\/\/pesu24.ee\/?post_type=product&#038;p=22944"},"modified":"2025-08-21T16:09:56","modified_gmt":"2025-08-21T13:09:56","slug":"oosark-obsessive-alissium","status":"publish","type":"product","link":"https:\/\/pesu24.ee\/en\/oosargid\/oosark-obsessive-alissium\/","title":{"rendered":"\u00d6\u00f6s\u00e4rk Obsessive Alissium"},"content":{"rendered":"<p>Obsessive Alissium \u00f6\u00f6s\u00e4rk on elegantsi ja mugavuse t\u00e4iuslik s\u00fcmbioos, pakkudes unikaalset kogemust kaasaegsele naisele. Lase selle \u00f5rnadel detailidel ja pehmel kangal hellitada oma nahka, andes aimu salap\u00e4rasest v\u00f5ludest.<\/p>\n<p>See \u00f6\u00f6s\u00e4rk sulandub su kehaga t\u00e4iuslikult, r\u00f5hutades samal ajal su loomulikku ilu ja graatsilisust. Vali Obsessive Alissium \u00f6\u00f6s\u00e4rk, et nautida unustamatuid \u00f6\u00f6d t\u00e4is stiili ja mugavust.<\/p>\n<p>Tutvuge ka teiste <a href=\"https:\/\/pesu24.ee\/en\/omadus\/obsessive-alissium\/\">Obsessive <\/a><a href=\"https:\/\/pesu24.ee\/en\/omadus\/obsessive-alissium\/\">Alissium<\/a>\u00a0pesukollektsiooni toodetega.<\/p>\n<p><span style=\"color: #008000;\"><strong>KOMPLEKT SISALDAB:<\/strong><\/span><\/p>\n<ul>\n<li>\u00f6\u00f6s\u00e4rk<\/li>\n<li>stringid<\/li>\n<\/ul>\n<p><span style=\"color: #008000;\"><strong>DETAILS:<\/strong><\/span><\/p>\n<ul>\n<li>valge \u00f6\u00f6s\u00e4rk<\/li>\n<li>geomeetrilised kaunistused<\/li>\n<li>selja peal v\u00e4ljal\u00f5ige<\/li>\n<li>taga astmeline kinnitus<\/li>\n<li>reguleeritavad \u00f5lapaelad<\/li>\n<li>rinnakorvil tugikaared<\/li>\n<li>mugav &amp; elastne kangas (85% pol\u00fcamiid &amp; 15% elastaan)<\/li>\n<\/ul>","protected":false},"excerpt":{"rendered":"<p>&#46;&#46;&#46;<\/p>","protected":false},"featured_media":23016,"comment_status":"open","ping_status":"closed","template":"","meta":{"_glsr_average":0,"_glsr_ranking":0,"_glsr_reviews":0},"product_brand":[500],"product_cat":[151],"product_tag":[160,475],"class_list":{"0":"post-22944","1":"product","2":"type-product","3":"status-publish","4":"has-post-thumbnail","6":"product_brand-obsessive","7":"product_cat-oosargid","8":"product_tag-obsessive","9":"product_tag-obsessive-alissium","10":"pa_suurus-m-l","11":"pa_suurus-xl-xxl","12":"pa_suurus-xs-s","13":"pa_varvus-valge","15":"first","16":"instock","17":"sold-individually","18":"taxable","19":"shipping-taxable","20":"purchasable","21":"product-type-variable"},"_links":{"self":[{"href":"https:\/\/pesu24.ee\/en\/wp-json\/wp\/v2\/product\/22944","targetHints":{"allow":["GET"]}}],"collection":[{"href":"https:\/\/pesu24.ee\/en\/wp-json\/wp\/v2\/product"}],"about":[{"href":"https:\/\/pesu24.ee\/en\/wp-json\/wp\/v2\/types\/product"}],"replies":[{"embeddable":true,"href":"https:\/\/pesu24.ee\/en\/wp-json\/wp\/v2\/comments?post=22944"}],"wp:featuredmedia":[{"embeddable":true,"href":"https:\/\/pesu24.ee\/en\/wp-json\/wp\/v2\/media\/23016"}],"wp:attachment":[{"href":"https:\/\/pesu24.ee\/en\/wp-json\/wp\/v2\/media?parent=22944"}],"wp:term":[{"taxonomy":"product_brand","embeddable":true,"href":"https:\/\/pesu24.ee\/en\/wp-json\/wp\/v2\/product_brand?post=22944"},{"taxonomy":"product_cat","embeddable":true,"href":"https:\/\/pesu24.ee\/en\/wp-json\/wp\/v2\/product_cat?post=22944"},{"taxonomy":"product_tag","embeddable":true,"href":"https:\/\/pesu24.ee\/en\/wp-json\/wp\/v2\/product_tag?post=22944"}],"curies":[{"name":"wp","href":"https:\/\/api.w.org\/{rel}","templated":true}]}}