{"id":22945,"date":"2025-08-18T23:26:02","date_gmt":"2025-08-18T20:26:02","guid":{"rendered":"https:\/\/pesu24.ee\/?post_type=product&#038;p=22945"},"modified":"2025-08-21T16:10:14","modified_gmt":"2025-08-21T13:10:14","slug":"oosark-beauty-night-adelia","status":"publish","type":"product","link":"https:\/\/pesu24.ee\/en\/oosargid\/oosark-beauty-night-adelia\/","title":{"rendered":"\u00d6\u00f6s\u00e4rk Beauty Night Adelia"},"content":{"rendered":"<p>Avasta \u00f5htune elegants ja mugavus Beauty Night Adelia \u00f6\u00f6s\u00e4rgiga. See lummav \u00f6\u00f6s\u00e4rk on loodud naistele, kes hindavad stiili ja enesetunnet igal hetkel. Adelia \u00f6\u00f6s\u00e4rgi kaunis disain ja luksuslikud detailid loovad t\u00e4iusliku tasakaalu romantika ja mugavuse vahel, pakkudes sulle unustamatut kandmiskogemust.<\/p>\n<p>Peened pitskaunistused ja elegantne l\u00f5ige lisavad \u00f6\u00f6s\u00e4rgile luksuslikku tunnet ning r\u00f5hutavad sinu loomulikku ilu. Selle \u00f5rnalt langev kangas j\u00e4rgib su kehakumerusi, pakkudes v\u00f5rgutavat ja graatsilist siluetti.<\/p>\n<p>Beauty Night Adelia \u00f6\u00f6s\u00e4rk on ideaalne valik igaks eriliseks \u00f5htuks v\u00f5i lihtsalt hetkeks iseendaga. Tunne end t\u00f5eliselt erilisena ja naudi \u00f6\u00f6s\u00e4rgi luksuslikku puudutust, mis viib su unistuste maailma. Las Adelia \u00f6\u00f6s\u00e4rk t\u00e4idab su \u00f5htud elegantsi ja romantikaga, muutes iga hetke m\u00e4lestusv\u00e4\u00e4rseks.<\/p>\n<p>Tutvuge ka teiste <a href=\"https:\/\/pesu24.ee\/en\/omadus\/beauty-night-adelia\/\">Beauty Night Adelia<\/a> pesukollektsiooni toodetega.<\/p>\n<p><span style=\"color: #008000;\"><strong>KOMPLEKT SISALDAB:<\/strong><\/span><\/p>\n<ul>\n<li>\u00f6\u00f6s\u00e4rk<\/li>\n<li>stringid<\/li>\n<\/ul>\n<p><strong><span style=\"color: #008000;\">DETAILS:<\/span><\/strong><\/p>\n<ul>\n<li>wet-look ilmega kangas<\/li>\n<li>imelised pitsist kaunistused<\/li>\n<li>reguleeritavad \u00f5lapaelad<\/li>\n<li>avatud selg<\/li>\n<li>selja alaosas seotavad paelad<\/li>\n<li>mugav ning elastne kangas (88% pol\u00fcester &amp; 12% elastaan)<\/li>\n<\/ul>","protected":false},"excerpt":{"rendered":"<p>&#46;&#46;&#46;<\/p>","protected":false},"featured_media":23025,"comment_status":"open","ping_status":"closed","template":"","meta":{"_glsr_average":0,"_glsr_ranking":0,"_glsr_reviews":0},"product_brand":[503],"product_cat":[151],"product_tag":[403,481],"class_list":{"0":"post-22945","1":"product","2":"type-product","3":"status-publish","4":"has-post-thumbnail","6":"product_brand-beauty-night","7":"product_cat-oosargid","8":"product_tag-beauty-night","9":"product_tag-beauty-night-adelia","10":"pa_suurus-l-xl","11":"pa_suurus-s-m","12":"pa_varvus-must","14":"first","15":"instock","16":"sold-individually","17":"taxable","18":"shipping-taxable","19":"purchasable","20":"product-type-variable"},"_links":{"self":[{"href":"https:\/\/pesu24.ee\/en\/wp-json\/wp\/v2\/product\/22945","targetHints":{"allow":["GET"]}}],"collection":[{"href":"https:\/\/pesu24.ee\/en\/wp-json\/wp\/v2\/product"}],"about":[{"href":"https:\/\/pesu24.ee\/en\/wp-json\/wp\/v2\/types\/product"}],"replies":[{"embeddable":true,"href":"https:\/\/pesu24.ee\/en\/wp-json\/wp\/v2\/comments?post=22945"}],"wp:featuredmedia":[{"embeddable":true,"href":"https:\/\/pesu24.ee\/en\/wp-json\/wp\/v2\/media\/23025"}],"wp:attachment":[{"href":"https:\/\/pesu24.ee\/en\/wp-json\/wp\/v2\/media?parent=22945"}],"wp:term":[{"taxonomy":"product_brand","embeddable":true,"href":"https:\/\/pesu24.ee\/en\/wp-json\/wp\/v2\/product_brand?post=22945"},{"taxonomy":"product_cat","embeddable":true,"href":"https:\/\/pesu24.ee\/en\/wp-json\/wp\/v2\/product_cat?post=22945"},{"taxonomy":"product_tag","embeddable":true,"href":"https:\/\/pesu24.ee\/en\/wp-json\/wp\/v2\/product_tag?post=22945"}],"curies":[{"name":"wp","href":"https:\/\/api.w.org\/{rel}","templated":true}]}}