{"id":22963,"date":"2025-08-18T23:26:27","date_gmt":"2025-08-18T20:26:27","guid":{"rendered":"https:\/\/pesu24.ee\/?post_type=product&#038;p=22963"},"modified":"2025-08-20T14:53:05","modified_gmt":"2025-08-20T11:53:05","slug":"oosark-obsessive-nuites","status":"publish","type":"product","link":"https:\/\/pesu24.ee\/en\/oosargid\/oosark-obsessive-nuites\/","title":{"rendered":"\u00d6\u00f6s\u00e4rk Obsessive Nuites"},"content":{"rendered":"<p>\u00d6\u00f6s\u00e4rk Obsessive Nuites \u00fchendab naiseliku v\u00f5lu ja mugavuse, pakkudes luksuslikku kogemust igal kandmiskorral. Musta v\u00e4rvi, liibuvast ja l\u00e4bipaistvast kangast valmistatud \u00f6\u00f6s\u00e4rk r\u00f5hutab figuuri, luues peene ja sensuaalse ilme. Tugikaartega korvid ning kaunis ovaalne ripats dekolteel lisavad s\u00e4rgile elegantse aktsendi.<\/p>\n<p>Praktilised detailid, nagu reguleeritavad \u00f5larihmad ja sukapaelad, v\u00f5imaldavad \u00f6\u00f6s\u00e4rki kohandada t\u00e4pselt sinu keha j\u00e4rgi. All\u00e4\u00e4reriba ning haak- ja silmuslukk seljal tagavad kindla ja mugava istuvuse, mist\u00f5ttu sobib see \u00f6\u00f6s\u00e4rk ideaalselt nii erilisteks hetkedeks kui ka igap\u00e4evaseks kandmiseks.<\/p>\n<p>\u00d6\u00f6s\u00e4rk Obsessive Nuites on loodud pakkuma kandjale enesekindlust ja luksuslikku tunnet. Selle l\u00e4bim\u00f5eldud disain, elegantsed detailid ja pehme kangas teevad sellest ideaalse valiku naistele, kes hindavad stiili ja kvaliteeti. Euroopa Liidus disainitud \u00f6\u00f6s\u00e4rk sobib suurep\u00e4raselt ka kingituseks.<\/p>\n<p>Tutvuge ka teiste <a href=\"https:\/\/pesu24.ee\/en\/omadus\/obsessive-nuites\/\">Obsessive Cupide Nuites<\/a> pesukollektsiooni toodetega.<\/p>\n<p><span style=\"color: #008000;\"><strong>KOMPLEKT SISALDAB:<\/strong><\/span><\/p>\n<ul>\n<li>\u00f6\u00f6s\u00e4rk<\/li>\n<\/ul>\n<p><span style=\"color: #008000;\"><strong>DETAILS:<\/strong><\/span><\/p>\n<ul>\n<li>kelmika disainiga \u00f6\u00f6s\u00e4rk<\/li>\n<li>pooll\u00e4bipaistev materjal<\/li>\n<li>rinnakorvil tugikaared<\/li>\n<li>reguleeritavad \u00f5la- ja sukapaelad<\/li>\n<li>taga astmeline kinnistus<\/li>\n<li>mugav ja elastne kangas (94% pol\u00fcamiid, 6% elastaan)<\/li>\n<\/ul>","protected":false},"excerpt":{"rendered":"<p>&#46;&#46;&#46;<\/p>","protected":false},"featured_media":23055,"comment_status":"open","ping_status":"closed","template":"","meta":{"_glsr_average":0,"_glsr_ranking":0,"_glsr_reviews":0},"product_brand":[500],"product_cat":[151],"product_tag":[160,483],"class_list":{"0":"post-22963","1":"product","2":"type-product","3":"status-publish","4":"has-post-thumbnail","6":"product_brand-obsessive","7":"product_cat-oosargid","8":"product_tag-obsessive","9":"product_tag-obsessive-nuites","10":"pa_suurus-l-xl","11":"pa_suurus-s-m","12":"pa_suurus-xxl-xxxl","13":"pa_varvus-must","15":"first","16":"instock","17":"sold-individually","18":"taxable","19":"shipping-taxable","20":"purchasable","21":"product-type-variable"},"_links":{"self":[{"href":"https:\/\/pesu24.ee\/en\/wp-json\/wp\/v2\/product\/22963","targetHints":{"allow":["GET"]}}],"collection":[{"href":"https:\/\/pesu24.ee\/en\/wp-json\/wp\/v2\/product"}],"about":[{"href":"https:\/\/pesu24.ee\/en\/wp-json\/wp\/v2\/types\/product"}],"replies":[{"embeddable":true,"href":"https:\/\/pesu24.ee\/en\/wp-json\/wp\/v2\/comments?post=22963"}],"wp:featuredmedia":[{"embeddable":true,"href":"https:\/\/pesu24.ee\/en\/wp-json\/wp\/v2\/media\/23055"}],"wp:attachment":[{"href":"https:\/\/pesu24.ee\/en\/wp-json\/wp\/v2\/media?parent=22963"}],"wp:term":[{"taxonomy":"product_brand","embeddable":true,"href":"https:\/\/pesu24.ee\/en\/wp-json\/wp\/v2\/product_brand?post=22963"},{"taxonomy":"product_cat","embeddable":true,"href":"https:\/\/pesu24.ee\/en\/wp-json\/wp\/v2\/product_cat?post=22963"},{"taxonomy":"product_tag","embeddable":true,"href":"https:\/\/pesu24.ee\/en\/wp-json\/wp\/v2\/product_tag?post=22963"}],"curies":[{"name":"wp","href":"https:\/\/api.w.org\/{rel}","templated":true}]}}